{"id":1107,"date":"2021-02-08T15:10:12","date_gmt":"2021-02-08T14:10:12","guid":{"rendered":"https:\/\/brunel.tech\/?page_id=1107"},"modified":"2026-01-13T14:25:30","modified_gmt":"2026-01-13T13:25:30","slug":"culture-technique","status":"publish","type":"page","link":"https:\/\/brunel.tech\/index.php\/culture-technique\/","title":{"rendered":"Culture technique"},"content":{"rendered":"\n<h3 class=\"wp-block-heading has-ast-global-color-0-color has-text-color has-link-color wp-elements-284f8dacd9a5e602a5479f8eaf741da0\">Des animations en 3D et en anglais <a href=\"https:\/\/animagraffs.com\/\" target=\"_blank\" rel=\"noreferrer noopener\">ici<\/a><\/h3>\n\n\n\n<h3 class=\"wp-block-heading has-ast-global-color-0-color has-text-color has-link-color wp-elements-afbb41355a1e093b64f6cbccbe34e2a7\">Les ressources de Canop\u00e9 <a href=\"https:\/\/lesfondamentaux.reseau-canope.fr\/discipline\/sciences-et-technologie\/technologie\" target=\"_blank\" rel=\"noreferrer noopener\">ici<\/a><\/h3>\n\n\n\n<hr class=\"wp-block-separator alignfull has-alpha-channel-opacity\"\/>\n\n\n\n<h2 class=\"wp-block-heading\">Fabrication des balles de tennis<\/h2>\n\n\n\n<figure class=\"wp-block-video\"><video controls src=\"https:\/\/brunel.tech\/wp-content\/uploads\/2025\/09\/Fab-Balles-de-tennis-Light.mp4\"><\/video><\/figure>\n\n\n\n<hr class=\"wp-block-separator has-alpha-channel-opacity\"\/>\n\n\n\n<h2 class=\"wp-block-heading\">Cycle de vie d&rsquo;un produit<\/h2>\n\n\n\n<figure class=\"wp-block-video\"><video controls src=\"https:\/\/brunel.tech\/wp-content\/uploads\/2025\/09\/cycle-de-vie.mp4\"><\/video><\/figure>\n\n\n\n<hr class=\"wp-block-separator alignfull has-alpha-channel-opacity\"\/>\n\n\n\n<div class=\"wp-block-media-text alignwide is-stacked-on-mobile\"><figure class=\"wp-block-media-text__media\"><video controls src=\"https:\/\/brunel.tech\/wp-content\/uploads\/2021\/02\/fab-canape\u0301.mp4\"><\/video><\/figure><div class=\"wp-block-media-text__content\">\n<h2 class=\"wp-block-heading has-large-font-size\" id=\"fabrication-d-un-canape\">Fabrication d&rsquo;un canap\u00e9<\/h2>\n<\/div><\/div>\n\n\n\n<hr class=\"wp-block-separator alignfull has-alpha-channel-opacity\"\/>\n\n\n\n<div class=\"wp-block-media-text alignwide is-stacked-on-mobile\"><figure class=\"wp-block-media-text__media\"><video controls src=\"https:\/\/brunel.tech\/wp-content\/uploads\/2023\/03\/fab-verre-1.mp4\"><\/video><\/figure><div class=\"wp-block-media-text__content\">\n<h2 class=\"wp-block-heading\">Fabrication du verre<\/h2>\n<\/div><\/div>\n\n\n\n<div class=\"wp-block-media-text alignwide is-stacked-on-mobile\"><figure class=\"wp-block-media-text__media\"><video controls src=\"https:\/\/brunel.tech\/wp-content\/uploads\/2023\/02\/fab-verre.mp4\"><\/video><\/figure><div class=\"wp-block-media-text__content\">\n<h2 class=\"wp-block-heading has-large-font-size\">Diff\u00e9rents proc\u00e9d\u00e9s de fabrication du verre<\/h2>\n<\/div><\/div>\n\n\n\n<hr class=\"wp-block-separator alignfull has-alpha-channel-opacity\"\/>\n\n\n\n<div class=\"wp-block-media-text alignwide is-stacked-on-mobile\"><figure class=\"wp-block-media-text__media\"><video controls src=\"https:\/\/brunel.tech\/wp-content\/uploads\/2022\/10\/e\u0301olienne.mp4\"><\/video><\/figure><div class=\"wp-block-media-text__content\">\n<h2 class=\"wp-block-heading has-large-font-size\">Principes de fonctionnement d&rsquo;une \u00e9olienne &#8230; Film<\/h2>\n<\/div><\/div>\n\n\n\n<hr class=\"wp-block-separator alignfull has-css-opacity\"\/>\n\n\n\n<div class=\"wp-block-media-text alignwide is-stacked-on-mobile\"><figure class=\"wp-block-media-text__media\"><video controls src=\"https:\/\/brunel.tech\/wp-content\/uploads\/2021\/02\/Assemblage-A-380.mp4\"><\/video><\/figure><div class=\"wp-block-media-text__content\">\n<h2 class=\"wp-block-heading has-large-font-size\" id=\"assemblage-d-un-a-380\">Assemblage d&rsquo;un A 380<\/h2>\n<\/div><\/div>\n\n\n\n<hr class=\"wp-block-separator alignfull has-css-opacity\"\/>\n\n\n\n<div class=\"wp-block-media-text alignwide is-stacked-on-mobile\"><figure class=\"wp-block-media-text__media\"><video controls src=\"https:\/\/brunel.tech\/wp-content\/uploads\/2021\/02\/Centrale-nucleaire.mp4\"><\/video><\/figure><div class=\"wp-block-media-text__content\">\n<h2 class=\"wp-block-heading has-large-font-size\" id=\"principe-de-fonctionnement-d-une-centrale-nucleaire\">Principe de fonctionnement d&rsquo;une Centrale nucl\u00e9aire<\/h2>\n<\/div><\/div>\n\n\n\n<div class=\"wp-block-media-text alignwide is-stacked-on-mobile\"><figure class=\"wp-block-media-text__media\"><video controls src=\"https:\/\/brunel.tech\/wp-content\/uploads\/2023\/02\/Centrale-nucleaire-detail.mp4\"><\/video><\/figure><div class=\"wp-block-media-text__content\">\n<h2 class=\"wp-block-heading has-large-font-size\">Principe de fonctionnement d&rsquo;une centrale nucl\u00e9aire plus d\u00e9taill\u00e9e.<\/h2>\n<\/div><\/div>\n\n\n\n<hr class=\"wp-block-separator alignfull has-css-opacity\"\/>\n\n\n\n<div class=\"wp-block-media-text alignwide is-stacked-on-mobile\"><figure class=\"wp-block-media-text__media\"><video controls src=\"https:\/\/brunel.tech\/wp-content\/uploads\/2021\/02\/Principe-clefs-barillet.mp4\"><\/video><\/figure><div class=\"wp-block-media-text__content\">\n<h2 class=\"wp-block-heading has-large-font-size\" id=\"principe-de-fonctionnement-d-une-serrure-a-barillet\">Principe de fonctionnement d&rsquo;une serrure \u00e0 barillet<\/h2>\n<\/div><\/div>\n\n\n\n<hr class=\"wp-block-separator alignfull has-css-opacity\"\/>\n\n\n\n<div class=\"wp-block-media-text alignwide is-stacked-on-mobile\"><figure class=\"wp-block-media-text__media\"><video controls src=\"https:\/\/brunel.tech\/wp-content\/uploads\/2021\/02\/Principe-1-Ve\u0301lo.mp4\"><\/video><\/figure><div class=\"wp-block-media-text__content\">\n<h2 class=\"wp-block-heading has-large-font-size\" id=\"principe-du-fonctionnement-d-un-velo\">Principe du fonctionnement d&rsquo;un v\u00e9lo<\/h2>\n\n\n\n<p><\/p>\n<\/div><\/div>\n\n\n\n<hr class=\"wp-block-separator alignfull has-css-opacity\"\/>\n\n\n\n<div class=\"wp-block-media-text alignwide is-stacked-on-mobile\"><figure class=\"wp-block-media-text__media\"><img loading=\"lazy\" decoding=\"async\" width=\"713\" height=\"347\" src=\"https:\/\/brunel.tech\/wp-content\/uploads\/2021\/02\/Capture-de\u0301cran-2021-02-09-a\u0300-19.12.25.png\" alt=\"\" class=\"wp-image-1137 size-full\" srcset=\"https:\/\/brunel.tech\/wp-content\/uploads\/2021\/02\/Capture-de\u0301cran-2021-02-09-a\u0300-19.12.25.png 713w, https:\/\/brunel.tech\/wp-content\/uploads\/2021\/02\/Capture-de\u0301cran-2021-02-09-a\u0300-19.12.25-300x146.png 300w\" sizes=\"auto, (max-width: 713px) 100vw, 713px\" \/><\/figure><div class=\"wp-block-media-text__content\">\n<h2 class=\"wp-block-heading has-large-font-size\" id=\"cinematique-roue-de-velo\">Cin\u00e9matique roue de v\u00e9lo<\/h2>\n\n\n\n<p><\/p>\n<\/div><\/div>\n\n\n\n<hr class=\"wp-block-separator alignfull has-css-opacity\"\/>\n\n\n\n<div class=\"wp-block-media-text alignwide is-stacked-on-mobile\"><figure class=\"wp-block-media-text__media\"><video controls src=\"https:\/\/brunel.tech\/wp-content\/uploads\/2021\/02\/grille-pain.mp4\"><\/video><\/figure><div class=\"wp-block-media-text__content\">\n<h2 class=\"wp-block-heading has-large-font-size\" id=\"principe-de-fonctionnement-d-un-grille-pain-a-resistances-electriques\">Principe de fonctionnement d&rsquo;un Grille Pain \u00e0 r\u00e9sistances \u00e9lectriques<\/h2>\n\n\n\n<p><\/p>\n<\/div><\/div>\n\n\n\n<div class=\"wp-block-media-text alignwide is-stacked-on-mobile\"><figure class=\"wp-block-media-text__media\"><video controls src=\"https:\/\/brunel.tech\/wp-content\/uploads\/2023\/01\/bilame-memoire-de-forme.mp4\"><\/video><\/figure><div class=\"wp-block-media-text__content\">\n<h2 class=\"wp-block-heading has-large-font-size\">Fonctionnement d&rsquo;un bilame \u00e0 m\u00e9moire de forme<\/h2>\n<\/div><\/div>\n\n\n\n<hr class=\"wp-block-separator alignfull has-css-opacity\"\/>\n\n\n\n<div class=\"wp-block-media-text alignwide is-stacked-on-mobile\"><figure class=\"wp-block-media-text__media\"><video controls src=\"https:\/\/brunel.tech\/wp-content\/uploads\/2021\/02\/Agrafeuse.mp4\"><\/video><\/figure><div class=\"wp-block-media-text__content\">\n<h2 class=\"wp-block-heading has-large-font-size\" id=\"principe-de-fonctionnement-d-une-agrafeuse-papier-manuelle\">Principe de fonctionnement d&rsquo;une agrafeuse papier manuelle<\/h2>\n\n\n\n<p><\/p>\n<\/div><\/div>\n\n\n\n<hr class=\"wp-block-separator alignfull has-css-opacity\"\/>\n\n\n\n<div class=\"wp-block-media-text alignwide is-stacked-on-mobile\"><figure class=\"wp-block-media-text__media\"><video controls src=\"https:\/\/brunel.tech\/wp-content\/uploads\/2021\/02\/Cafetiere-espresso.mp4\"><\/video><\/figure><div class=\"wp-block-media-text__content\">\n<h2 class=\"wp-block-heading has-large-font-size\" id=\"principe-de-fonctionnement-d-une-machine-a-cafe-expresso-avec-broyeur-de-grains\">Principe de fonctionnement d&rsquo;une machine \u00e0 caf\u00e9 expresso avec broyeur de grains.<\/h2>\n<\/div><\/div>\n\n\n\n<hr class=\"wp-block-separator alignfull has-css-opacity\"\/>\n\n\n\n<div class=\"wp-block-media-text alignwide is-stacked-on-mobile\"><figure class=\"wp-block-media-text__media\"><video controls src=\"https:\/\/brunel.tech\/wp-content\/uploads\/2021\/02\/Re\u0301sistance-e\u0301lectrique.mp4\"><\/video><\/figure><div class=\"wp-block-media-text__content\">\n<h2 class=\"wp-block-heading has-large-font-size\" id=\"principe-de-fonctionnement-d-une-resistance-electrique\">Principe de fonctionnement d&rsquo;une r\u00e9sistance \u00e9lectrique.<\/h2>\n\n\n\n<p><\/p>\n<\/div><\/div>\n\n\n\n<hr class=\"wp-block-separator alignfull has-css-opacity\"\/>\n\n\n\n<div class=\"wp-block-media-text alignwide is-stacked-on-mobile\"><figure class=\"wp-block-media-text__media\"><video controls src=\"https:\/\/brunel.tech\/wp-content\/uploads\/2021\/12\/Matiere.mp4\"><\/video><\/figure><div class=\"wp-block-media-text__content\">\n<h2 class=\"wp-block-heading has-large-font-size\">Etat de la mati\u00e8re et ses transformations<\/h2>\n<\/div><\/div>\n\n\n\n<hr class=\"wp-block-separator alignfull has-alpha-channel-opacity\"\/>\n\n\n\n<div class=\"wp-block-media-text alignwide is-stacked-on-mobile\"><figure class=\"wp-block-media-text__media\"><video controls src=\"https:\/\/brunel.tech\/wp-content\/uploads\/2022\/02\/Moulin-eau.mp4\"><\/video><\/figure><div class=\"wp-block-media-text__content\">\n<h2 class=\"wp-block-heading has-large-font-size\">Le principe du moulin \u00e0 eau<\/h2>\n<\/div><\/div>\n\n\n\n<hr class=\"wp-block-separator alignfull has-alpha-channel-opacity\"\/>\n\n\n\n<div class=\"wp-block-media-text alignwide is-stacked-on-mobile\"><figure class=\"wp-block-media-text__media\"><video controls src=\"https:\/\/brunel.tech\/wp-content\/uploads\/2022\/09\/injection-plasqtique.mp4\"><\/video><\/figure><div class=\"wp-block-media-text__content\">\n<h2 class=\"wp-block-heading has-large-font-size\">Injection Plastique<\/h2>\n<\/div><\/div>\n\n\n\n<hr class=\"wp-block-separator alignfull has-alpha-channel-opacity\"\/>\n\n\n\n<div class=\"wp-block-media-text alignwide is-stacked-on-mobile\"><figure class=\"wp-block-media-text__media\"><video controls src=\"https:\/\/brunel.tech\/wp-content\/uploads\/2023\/02\/Canal-Panama.mp4\"><\/video><\/figure><div class=\"wp-block-media-text__content\">\n<h2 class=\"wp-block-heading has-large-font-size\">Franchissement des \u00e9cluses sur le canal de Panama.<\/h2>\n<\/div><\/div>\n\n\n\n<hr class=\"wp-block-separator alignfull has-alpha-channel-opacity\"\/>\n\n\n\n<div class=\"wp-block-media-text is-stacked-on-mobile\"><figure class=\"wp-block-media-text__media\"><\/figure><div class=\"wp-block-media-text__content\">\n<h2 class=\"wp-block-heading\">Pour illustrer le TP \u00e9quilibre &#8230;<\/h2>\n<\/div><\/div>\n\n\n\n<div class=\"wp-block-file\"><a id=\"wp-block-file--media-a0600b23-6229-4498-a6ff-b614feadf4bf\" href=\"https:\/\/brunel.tech\/wp-content\/uploads\/2024\/10\/GRAVITY.mp4\">GRAVITY<\/a><a href=\"https:\/\/brunel.tech\/wp-content\/uploads\/2024\/10\/GRAVITY.mp4\" class=\"wp-block-file__button wp-element-button\" download aria-describedby=\"wp-block-file--media-a0600b23-6229-4498-a6ff-b614feadf4bf\">T\u00e9l\u00e9charger<\/a><\/div>\n\n\n\n<p><\/p>\n","protected":false},"excerpt":{"rendered":"<p>Des animations en 3D et en anglais ici Les ressources de Canop\u00e9 ici Fabrication des balles de tennis Cycle de vie d&rsquo;un produit Fabrication d&rsquo;un canap\u00e9 Fabrication du verre Diff\u00e9rents proc\u00e9d\u00e9s de fabrication du verre Principes de fonctionnement d&rsquo;une \u00e9olienne &#8230; Film Assemblage d&rsquo;un A 380 Principe de fonctionnement d&rsquo;une Centrale nucl\u00e9aire Principe de fonctionnement [&hellip;]<\/p>\n","protected":false},"author":1,"featured_media":0,"parent":0,"menu_order":0,"comment_status":"closed","ping_status":"closed","template":"","meta":{"site-sidebar-layout":"default","site-content-layout":"default","ast-site-content-layout":"default","site-content-style":"default","site-sidebar-style":"default","ast-global-header-display":"","ast-banner-title-visibility":"","ast-main-header-display":"","ast-hfb-above-header-display":"","ast-hfb-below-header-display":"","ast-hfb-mobile-header-display":"","site-post-title":"","ast-breadcrumbs-content":"","ast-featured-img":"","footer-sml-layout":"","ast-disable-related-posts":"","theme-transparent-header-meta":"default","adv-header-id-meta":"","stick-header-meta":"","header-above-stick-meta":"","header-main-stick-meta":"","header-below-stick-meta":"","astra-migrate-meta-layouts":"set","ast-page-background-enabled":"default","ast-page-background-meta":{"desktop":{"background-color":"","background-image":"","background-repeat":"repeat","background-position":"center center","background-size":"auto","background-attachment":"scroll","background-type":"","background-media":"","overlay-type":"","overlay-color":"","overlay-opacity":"","overlay-gradient":""},"tablet":{"background-color":"","background-image":"","background-repeat":"repeat","background-position":"center center","background-size":"auto","background-attachment":"scroll","background-type":"","background-media":"","overlay-type":"","overlay-color":"","overlay-opacity":"","overlay-gradient":""},"mobile":{"background-color":"","background-image":"","background-repeat":"repeat","background-position":"center center","background-size":"auto","background-attachment":"scroll","background-type":"","background-media":"","overlay-type":"","overlay-color":"","overlay-opacity":"","overlay-gradient":""}},"ast-content-background-meta":{"desktop":{"background-color":"var(--ast-global-color-5)","background-image":"","background-repeat":"repeat","background-position":"center center","background-size":"auto","background-attachment":"scroll","background-type":"","background-media":"","overlay-type":"","overlay-color":"","overlay-opacity":"","overlay-gradient":""},"tablet":{"background-color":"var(--ast-global-color-5)","background-image":"","background-repeat":"repeat","background-position":"center center","background-size":"auto","background-attachment":"scroll","background-type":"","background-media":"","overlay-type":"","overlay-color":"","overlay-opacity":"","overlay-gradient":""},"mobile":{"background-color":"var(--ast-global-color-5)","background-image":"","background-repeat":"repeat","background-position":"center center","background-size":"auto","background-attachment":"scroll","background-type":"","background-media":"","overlay-type":"","overlay-color":"","overlay-opacity":"","overlay-gradient":""}},"footnotes":""},"class_list":["post-1107","page","type-page","status-publish","hentry"],"_links":{"self":[{"href":"https:\/\/brunel.tech\/index.php\/wp-json\/wp\/v2\/pages\/1107","targetHints":{"allow":["GET"]}}],"collection":[{"href":"https:\/\/brunel.tech\/index.php\/wp-json\/wp\/v2\/pages"}],"about":[{"href":"https:\/\/brunel.tech\/index.php\/wp-json\/wp\/v2\/types\/page"}],"author":[{"embeddable":true,"href":"https:\/\/brunel.tech\/index.php\/wp-json\/wp\/v2\/users\/1"}],"replies":[{"embeddable":true,"href":"https:\/\/brunel.tech\/index.php\/wp-json\/wp\/v2\/comments?post=1107"}],"version-history":[{"count":45,"href":"https:\/\/brunel.tech\/index.php\/wp-json\/wp\/v2\/pages\/1107\/revisions"}],"predecessor-version":[{"id":2842,"href":"https:\/\/brunel.tech\/index.php\/wp-json\/wp\/v2\/pages\/1107\/revisions\/2842"}],"wp:attachment":[{"href":"https:\/\/brunel.tech\/index.php\/wp-json\/wp\/v2\/media?parent=1107"}],"curies":[{"name":"wp","href":"https:\/\/api.w.org\/{rel}","templated":true}]}}