{"id":1229,"date":"2021-09-19T20:32:46","date_gmt":"2021-09-19T18:32:46","guid":{"rendered":"https:\/\/brunel.tech\/?page_id=1229"},"modified":"2025-11-19T13:07:58","modified_gmt":"2025-11-19T12:07:58","slug":"steam-en-m2-pe","status":"publish","type":"page","link":"https:\/\/brunel.tech\/index.php\/steam-en-m2-pe\/","title":{"rendered":"STEAM en M2 PE"},"content":{"rendered":"\n<p>A la diff\u00e9rence des Master 1, les Master 2 doivent syst\u00e9matiquement proposer une fiche de pr\u00e9paration pour une s\u00e9quence compl\u00e8te empruntant les modalit\u00e9s de transmission des connaissances exp\u00e9riment\u00e9es dans les diff\u00e9rents TP. Ces TP permettent \u00e0 la fois de revoir des concepts vus en M1 et d&rsquo;\u00e9laborer des moments de transmission des connaissances bas\u00e9s sur une didactique des sciences industrielles de l&rsquo;ing\u00e9nieur.<\/p>\n\n\n\n<hr class=\"wp-block-separator has-alpha-channel-opacity\"\/>\n\n\n\n<h3 class=\"wp-block-heading\"><strong>Trame du dossier \u00e0 pr\u00e9senter en fin de semestre 3<\/strong><\/h3>\n\n\n\n<details class=\"wp-block-details is-layout-flow wp-block-details-is-layout-flow\"><summary><\/summary>\n<p>Fabriquer une catapulte et produire son dossier technique <\/p>\n<\/details>\n\n\n\n<div data-wp-interactive=\"core\/file\" class=\"wp-block-file\"><object data-wp-bind--hidden=\"!state.hasPdfPreview\" hidden class=\"wp-block-file__embed\" data=\"https:\/\/brunel.tech\/wp-content\/uploads\/2025\/10\/SEANCE-1-2-3.pdf\" type=\"application\/pdf\" style=\"width:100%;height:600px\" aria-label=\"Contenu embarqu\u00e9 SEANCE 1 2 3.\"><\/object><a id=\"wp-block-file--media-1d3d2c81-dce4-4c88-be62-049c9f3e7c6b\" href=\"https:\/\/brunel.tech\/wp-content\/uploads\/2025\/10\/SEANCE-1-2-3.pdf\">SEANCE 1 2 3<\/a><a href=\"https:\/\/brunel.tech\/wp-content\/uploads\/2025\/10\/SEANCE-1-2-3.pdf\" class=\"wp-block-file__button wp-element-button\" download aria-describedby=\"wp-block-file--media-1d3d2c81-dce4-4c88-be62-049c9f3e7c6b\">T\u00e9l\u00e9charger<\/a><\/div>\n\n\n\n<hr class=\"wp-block-separator alignfull has-alpha-channel-opacity\"\/>\n\n\n\n<h3 class=\"wp-block-heading\"><strong>Les travaux \u00e0 faire au cours du semestre 4<\/strong>. <\/h3>\n\n\n\n<p><strong>Temps : 2h par TP &#8211; R\u00e9diger un compte-rendu par groupe dans un format num\u00e9rique modifiable<\/strong><\/p>\n\n\n\n<figure class=\"wp-block-table\"><table><tbody><tr><td class=\"has-text-align-center\" data-align=\"center\">Serre Automatis\u00e9e<br><object data=\"https:\/\/brunel.tech\/wp-content\/uploads\/2024\/01\/Maquette-Serre-autom.pdf\" type=\"application\/pdf\"><\/object><br><a href=\"https:\/\/brunel.tech\/wp-content\/uploads\/2024\/01\/Maquette-Serre-autom.pdf\" target=\"_blank\" rel=\"noreferrer noopener\">Maquette Serre automT\u00e9l\u00e9charger<\/a><br><\/td><td class=\"has-text-align-center\" data-align=\"center\">Passage Pi\u00e9ton S\u00e9curis\u00e9<br><object data=\"https:\/\/brunel.tech\/wp-content\/uploads\/2025\/11\/TP-Passage-Pieton-Secur.pdf\" type=\"application\/pdf\"><\/object><br><a href=\"https:\/\/brunel.tech\/wp-content\/uploads\/2025\/11\/TP-Passage-Pieton-Secur.pdf\">TP Passage Pieton SecurT\u00e9l\u00e9charger<\/a><\/td><\/tr><tr><td class=\"has-text-align-center\" data-align=\"center\">Ascenseur<br><br><a href=\"https:\/\/brunel.tech\/wp-content\/uploads\/2024\/01\/Maquette-Ascenseur.pdf\" target=\"_blank\" rel=\"noreferrer noopener\"><object data=\"https:\/\/brunel.tech\/wp-content\/uploads\/2025\/11\/Maquette-Ascenseur.pdf\" type=\"application\/pdf\"><\/object><\/a><br><a href=\"https:\/\/brunel.tech\/wp-content\/uploads\/2024\/01\/Maquette-Ascenseur.pdf\" target=\"_blank\" rel=\"noreferrer noopener\"><\/a><a href=\"https:\/\/brunel.tech\/wp-content\/uploads\/2025\/11\/Maquette-Ascenseur.pdf\">Maquette AscenseurT\u00e9l\u00e9charger<\/a><\/td><td class=\"has-text-align-center\" data-align=\"center\">Man\u00e8ge<br><br><a href=\"https:\/\/brunel.tech\/index.php\/maquette-manege\/\" target=\"_blank\" rel=\"noreferrer noopener\"><object data=\"https:\/\/brunel.tech\/wp-content\/uploads\/2025\/11\/Maquette-Manege.pdf\" type=\"application\/pdf\"><\/object><\/a><br><a href=\"https:\/\/brunel.tech\/index.php\/maquette-manege\/\" target=\"_blank\" rel=\"noreferrer noopener\"><a href=\"https:\/\/brunel.tech\/wp-content\/uploads\/2025\/11\/Maquette-Manege.pdf\">Maquette Man\u00e8geT\u00e9l\u00e9charger<\/a><\/a><\/td><\/tr><tr><td class=\"has-text-align-center\" data-align=\"center\">Poulies<br><br><object data=\"https:\/\/brunel.tech\/wp-content\/uploads\/2024\/02\/Les-poulies.pdf\" type=\"application\/pdf\"><\/object><br><br>Partie 1 : 1 heure &#8211; <a href=\"https:\/\/brunel.tech\/index.php\/portique-a-poulies\/\" target=\"_blank\" rel=\"noreferrer noopener\">Les pouliesT\u00e9l\u00e9charger<br><\/a><br>Partie 2 : 1 heure &#8211; <a href=\"https:\/\/brunel.tech\/index.php\/les-mouvements\/\" target=\"_blank\" rel=\"noreferrer noopener\">Les m\u00e9canismes usuels<\/a><\/td><td class=\"has-text-align-center\" data-align=\"center\"><\/td><\/tr><\/tbody><\/table><\/figure>\n\n\n\n<p><\/p>\n","protected":false},"excerpt":{"rendered":"<p>A la diff\u00e9rence des Master 1, les Master 2 doivent syst\u00e9matiquement proposer une fiche de pr\u00e9paration pour une s\u00e9quence compl\u00e8te empruntant les modalit\u00e9s de transmission des connaissances exp\u00e9riment\u00e9es dans les diff\u00e9rents TP. Ces TP permettent \u00e0 la fois de revoir des concepts vus en M1 et d&rsquo;\u00e9laborer des moments de transmission des connaissances bas\u00e9s sur [&hellip;]<\/p>\n","protected":false},"author":1,"featured_media":0,"parent":0,"menu_order":0,"comment_status":"closed","ping_status":"closed","template":"","meta":{"site-sidebar-layout":"default","site-content-layout":"default","ast-site-content-layout":"default","site-content-style":"default","site-sidebar-style":"default","ast-global-header-display":"","ast-banner-title-visibility":"","ast-main-header-display":"","ast-hfb-above-header-display":"","ast-hfb-below-header-display":"","ast-hfb-mobile-header-display":"","site-post-title":"","ast-breadcrumbs-content":"","ast-featured-img":"","footer-sml-layout":"","ast-disable-related-posts":"","theme-transparent-header-meta":"default","adv-header-id-meta":"","stick-header-meta":"","header-above-stick-meta":"","header-main-stick-meta":"","header-below-stick-meta":"","astra-migrate-meta-layouts":"set","ast-page-background-enabled":"default","ast-page-background-meta":{"desktop":{"background-color":"","background-image":"","background-repeat":"repeat","background-position":"center center","background-size":"auto","background-attachment":"scroll","background-type":"","background-media":"","overlay-type":"","overlay-color":"","overlay-opacity":"","overlay-gradient":""},"tablet":{"background-color":"","background-image":"","background-repeat":"repeat","background-position":"center center","background-size":"auto","background-attachment":"scroll","background-type":"","background-media":"","overlay-type":"","overlay-color":"","overlay-opacity":"","overlay-gradient":""},"mobile":{"background-color":"","background-image":"","background-repeat":"repeat","background-position":"center center","background-size":"auto","background-attachment":"scroll","background-type":"","background-media":"","overlay-type":"","overlay-color":"","overlay-opacity":"","overlay-gradient":""}},"ast-content-background-meta":{"desktop":{"background-color":"var(--ast-global-color-5)","background-image":"","background-repeat":"repeat","background-position":"center center","background-size":"auto","background-attachment":"scroll","background-type":"","background-media":"","overlay-type":"","overlay-color":"","overlay-opacity":"","overlay-gradient":""},"tablet":{"background-color":"var(--ast-global-color-5)","background-image":"","background-repeat":"repeat","background-position":"center center","background-size":"auto","background-attachment":"scroll","background-type":"","background-media":"","overlay-type":"","overlay-color":"","overlay-opacity":"","overlay-gradient":""},"mobile":{"background-color":"var(--ast-global-color-5)","background-image":"","background-repeat":"repeat","background-position":"center center","background-size":"auto","background-attachment":"scroll","background-type":"","background-media":"","overlay-type":"","overlay-color":"","overlay-opacity":"","overlay-gradient":""}},"footnotes":""},"class_list":["post-1229","page","type-page","status-publish","hentry"],"_links":{"self":[{"href":"https:\/\/brunel.tech\/index.php\/wp-json\/wp\/v2\/pages\/1229","targetHints":{"allow":["GET"]}}],"collection":[{"href":"https:\/\/brunel.tech\/index.php\/wp-json\/wp\/v2\/pages"}],"about":[{"href":"https:\/\/brunel.tech\/index.php\/wp-json\/wp\/v2\/types\/page"}],"author":[{"embeddable":true,"href":"https:\/\/brunel.tech\/index.php\/wp-json\/wp\/v2\/users\/1"}],"replies":[{"embeddable":true,"href":"https:\/\/brunel.tech\/index.php\/wp-json\/wp\/v2\/comments?post=1229"}],"version-history":[{"count":39,"href":"https:\/\/brunel.tech\/index.php\/wp-json\/wp\/v2\/pages\/1229\/revisions"}],"predecessor-version":[{"id":2788,"href":"https:\/\/brunel.tech\/index.php\/wp-json\/wp\/v2\/pages\/1229\/revisions\/2788"}],"wp:attachment":[{"href":"https:\/\/brunel.tech\/index.php\/wp-json\/wp\/v2\/media?parent=1229"}],"curies":[{"name":"wp","href":"https:\/\/api.w.org\/{rel}","templated":true}]}}