{"id":1563,"date":"2022-05-09T17:22:15","date_gmt":"2022-05-09T15:22:15","guid":{"rendered":"https:\/\/brunel.tech\/?page_id=1563"},"modified":"2026-03-07T08:37:03","modified_gmt":"2026-03-07T07:37:03","slug":"projets-pedagogiques-numeriques-des-possibles","status":"publish","type":"page","link":"https:\/\/brunel.tech\/index.php\/projets-pedagogiques-numeriques-des-possibles\/","title":{"rendered":"Projets P\u00e9dagogiques Num\u00e9riques &#8230; des possibles"},"content":{"rendered":"\n<h2 class=\"wp-block-heading\">Premiers pas &#8230;<\/h2>\n\n\n\n<div data-wp-interactive=\"core\/file\" class=\"wp-block-file\"><object data-wp-bind--hidden=\"!state.hasPdfPreview\" hidden class=\"wp-block-file__embed\" data=\"https:\/\/brunel.tech\/wp-content\/uploads\/2022\/05\/Premiers-pas.pdf\" type=\"application\/pdf\" style=\"width:100%;height:600px\" aria-label=\"Contenu embarqu\u00e9 Premiers-pas.\"><\/object><a id=\"wp-block-file--media-4b7b59fe-7d5a-4dff-a860-429baf1d391f\" href=\"https:\/\/brunel.tech\/wp-content\/uploads\/2022\/05\/Premiers-pas.pdf\">Premiers-pas<\/a><a href=\"https:\/\/brunel.tech\/wp-content\/uploads\/2022\/05\/Premiers-pas.pdf\" class=\"wp-block-file__button wp-element-button\" download aria-describedby=\"wp-block-file--media-4b7b59fe-7d5a-4dff-a860-429baf1d391f\">T\u00e9l\u00e9charger<\/a><\/div>\n\n\n\n<hr class=\"wp-block-separator has-css-opacity\"\/>\n\n\n\n<h2 class=\"wp-block-heading\">R\u00e9alisation d&rsquo;un Passage \u00e0 Niveau prot\u00e9g\u00e9 &#8230;<\/h2>\n\n\n\n<div data-wp-interactive=\"core\/file\" class=\"wp-block-file\"><object data-wp-bind--hidden=\"!state.hasPdfPreview\" hidden class=\"wp-block-file__embed\" data=\"https:\/\/brunel.tech\/wp-content\/uploads\/2022\/05\/Passage-a\u0300-niveau-avec-Microbit.pdf\" type=\"application\/pdf\" style=\"width:100%;height:600px\" aria-label=\"Contenu embarqu\u00e9 Passage-a\u0300-niveau-avec-Microbit.\"><\/object><a id=\"wp-block-file--media-a092f307-77b5-49a6-81e5-fdc57c92c482\" href=\"https:\/\/brunel.tech\/wp-content\/uploads\/2022\/05\/Passage-a\u0300-niveau-avec-Microbit.pdf\">Passage-a\u0300-niveau-avec-Microbit<\/a><a href=\"https:\/\/brunel.tech\/wp-content\/uploads\/2022\/05\/Passage-a\u0300-niveau-avec-Microbit.pdf\" class=\"wp-block-file__button wp-element-button\" download aria-describedby=\"wp-block-file--media-a092f307-77b5-49a6-81e5-fdc57c92c482\">T\u00e9l\u00e9charger<\/a><\/div>\n\n\n\n<hr class=\"wp-block-separator has-css-opacity\"\/>\n\n\n\n<h2 class=\"wp-block-heading\">Comprendre les comportements diff\u00e9rents du Thymio et sortir d&rsquo;un Labyrinthe &#8230;<\/h2>\n\n\n\n<div data-wp-interactive=\"core\/file\" class=\"wp-block-file\"><object data-wp-bind--hidden=\"!state.hasPdfPreview\" hidden class=\"wp-block-file__embed\" data=\"https:\/\/brunel.tech\/wp-content\/uploads\/2022\/05\/Labyrinthe.pdf\" type=\"application\/pdf\" style=\"width:100%;height:600px\" aria-label=\"Contenu embarqu\u00e9 Labyrinthe.\"><\/object><a id=\"wp-block-file--media-74ae8683-80ec-46c0-b34e-c0acd6228449\" href=\"https:\/\/brunel.tech\/wp-content\/uploads\/2022\/05\/Labyrinthe.pdf\">Labyrinthe<\/a><a href=\"https:\/\/brunel.tech\/wp-content\/uploads\/2022\/05\/Labyrinthe.pdf\" class=\"wp-block-file__button wp-element-button\" download aria-describedby=\"wp-block-file--media-74ae8683-80ec-46c0-b34e-c0acd6228449\">T\u00e9l\u00e9charger<\/a><\/div>\n\n\n\n<hr class=\"wp-block-separator has-css-opacity\"\/>\n\n\n\n<h2 class=\"wp-block-heading\">Exp\u00e9rimentation originale &#8230; EMC et Robotique &#8230; Les num\u00e9ros d&rsquo;urgence et un robot pour les retenir &#8230;<\/h2>\n\n\n\n<div data-wp-interactive=\"core\/file\" class=\"wp-block-file\"><object data-wp-bind--hidden=\"!state.hasPdfPreview\" hidden class=\"wp-block-file__embed\" data=\"https:\/\/brunel.tech\/wp-content\/uploads\/2022\/05\/Robotique-et-premiers-secours.pdf\" type=\"application\/pdf\" style=\"width:100%;height:600px\" aria-label=\"Contenu embarqu\u00e9 Robotique-et-premiers-secours.\"><\/object><a id=\"wp-block-file--media-67c49e44-7029-496f-80f3-99fa332c42a9\" href=\"https:\/\/brunel.tech\/wp-content\/uploads\/2022\/05\/Robotique-et-premiers-secours.pdf\">Robotique-et-premiers-secours<\/a><a href=\"https:\/\/brunel.tech\/wp-content\/uploads\/2022\/05\/Robotique-et-premiers-secours.pdf\" class=\"wp-block-file__button wp-element-button\" download aria-describedby=\"wp-block-file--media-67c49e44-7029-496f-80f3-99fa332c42a9\">T\u00e9l\u00e9charger<\/a><\/div>\n\n\n\n<p>Trame de la S\u00e9quence<\/p>\n\n\n\n<div data-wp-interactive=\"core\/file\" class=\"wp-block-file\"><object data-wp-bind--hidden=\"!state.hasPdfPreview\" hidden class=\"wp-block-file__embed\" data=\"https:\/\/brunel.tech\/wp-content\/uploads\/2022\/05\/Trame-de-se\u0301quence-thymio-et-premiers-secours.pdf\" type=\"application\/pdf\" style=\"width:100%;height:600px\" aria-label=\"Contenu embarqu\u00e9 Trame-de-se\u0301quence-thymio-et-premiers-secours.\"><\/object><a id=\"wp-block-file--media-83ac1af3-69a8-4d37-9d88-e91478b4e99a\" href=\"https:\/\/brunel.tech\/wp-content\/uploads\/2022\/05\/Trame-de-se\u0301quence-thymio-et-premiers-secours.pdf\">Trame-de-se\u0301quence-thymio-et-premiers-secours<\/a><a href=\"https:\/\/brunel.tech\/wp-content\/uploads\/2022\/05\/Trame-de-se\u0301quence-thymio-et-premiers-secours.pdf\" class=\"wp-block-file__button wp-element-button\" download aria-describedby=\"wp-block-file--media-83ac1af3-69a8-4d37-9d88-e91478b4e99a\">T\u00e9l\u00e9charger<\/a><\/div>\n\n\n\n<p>Exemple de programmes &#8230; Premiers secours et Robotique<\/p>\n\n\n\n<div data-wp-interactive=\"core\/file\" class=\"wp-block-file\"><object data-wp-bind--hidden=\"!state.hasPdfPreview\" hidden class=\"wp-block-file__embed\" data=\"https:\/\/brunel.tech\/wp-content\/uploads\/2022\/05\/PARCOURS-programmation-VPL.pdf\" type=\"application\/pdf\" style=\"width:100%;height:600px\" aria-label=\"Contenu embarqu\u00e9 PARCOURS-programmation-VPL.\"><\/object><a id=\"wp-block-file--media-2556356b-8811-4be9-937c-9b26de8d16db\" href=\"https:\/\/brunel.tech\/wp-content\/uploads\/2022\/05\/PARCOURS-programmation-VPL.pdf\">PARCOURS-programmation-VPL<\/a><a href=\"https:\/\/brunel.tech\/wp-content\/uploads\/2022\/05\/PARCOURS-programmation-VPL.pdf\" class=\"wp-block-file__button wp-element-button\" download aria-describedby=\"wp-block-file--media-2556356b-8811-4be9-937c-9b26de8d16db\">T\u00e9l\u00e9charger<\/a><\/div>\n\n\n\n<hr class=\"wp-block-separator has-css-opacity\"\/>\n\n\n\n<h2 class=\"wp-block-heading\">Un tramway nomm\u00e9 Thymio &#8230;<\/h2>\n\n\n\n<div data-wp-interactive=\"core\/file\" class=\"wp-block-file\"><object data-wp-bind--hidden=\"!state.hasPdfPreview\" hidden class=\"wp-block-file__embed\" data=\"https:\/\/brunel.tech\/wp-content\/uploads\/2022\/05\/Tramway-thymio.pdf\" type=\"application\/pdf\" style=\"width:100%;height:600px\" aria-label=\"Contenu embarqu\u00e9 Tramway-thymio.\"><\/object><a id=\"wp-block-file--media-06cc57b5-be6d-4de1-b086-1a806676f022\" href=\"https:\/\/brunel.tech\/wp-content\/uploads\/2022\/05\/Tramway-thymio.pdf\">Tramway-thymio<\/a><a href=\"https:\/\/brunel.tech\/wp-content\/uploads\/2022\/05\/Tramway-thymio.pdf\" class=\"wp-block-file__button wp-element-button\" download aria-describedby=\"wp-block-file--media-06cc57b5-be6d-4de1-b086-1a806676f022\">T\u00e9l\u00e9charger<\/a><\/div>\n\n\n\n<hr class=\"wp-block-separator has-css-opacity\"\/>\n\n\n\n<h2 class=\"wp-block-heading\">Thymio musicien &#8230;<\/h2>\n\n\n\n<div data-wp-interactive=\"core\/file\" class=\"wp-block-file\"><object data-wp-bind--hidden=\"!state.hasPdfPreview\" hidden class=\"wp-block-file__embed\" data=\"https:\/\/brunel.tech\/wp-content\/uploads\/2022\/05\/Thymio-Musicien.pdf\" type=\"application\/pdf\" style=\"width:100%;height:600px\" aria-label=\"Contenu embarqu\u00e9 Thymio-Musicien.\"><\/object><a id=\"wp-block-file--media-9a9497b3-5245-4d4a-80aa-ef95a37b090c\" href=\"https:\/\/brunel.tech\/wp-content\/uploads\/2022\/05\/Thymio-Musicien.pdf\">Thymio-Musicien<\/a><a href=\"https:\/\/brunel.tech\/wp-content\/uploads\/2022\/05\/Thymio-Musicien.pdf\" class=\"wp-block-file__button wp-element-button\" download aria-describedby=\"wp-block-file--media-9a9497b3-5245-4d4a-80aa-ef95a37b090c\">T\u00e9l\u00e9charger<\/a><\/div>\n\n\n\n<hr class=\"wp-block-separator has-css-opacity\"\/>\n\n\n\n<h2 class=\"wp-block-heading\">Projet Jos\u00e9phine Baker &#8230; Robot Imprimeur<\/h2>\n\n\n\n<div data-wp-interactive=\"core\/file\" class=\"wp-block-file\"><object data-wp-bind--hidden=\"!state.hasPdfPreview\" hidden class=\"wp-block-file__embed\" data=\"https:\/\/brunel.tech\/wp-content\/uploads\/2022\/05\/Projet-BAKER.V0.pdf\" type=\"application\/pdf\" style=\"width:100%;height:600px\" aria-label=\"Contenu embarqu\u00e9 Projet-BAKER.V0.\"><\/object><a id=\"wp-block-file--media-c8bdaa31-c9ed-4e78-9d29-6c540efda29e\" href=\"https:\/\/brunel.tech\/wp-content\/uploads\/2022\/05\/Projet-BAKER.V0.pdf\">Projet-BAKER.V0<\/a><a href=\"https:\/\/brunel.tech\/wp-content\/uploads\/2022\/05\/Projet-BAKER.V0.pdf\" class=\"wp-block-file__button wp-element-button\" download aria-describedby=\"wp-block-file--media-c8bdaa31-c9ed-4e78-9d29-6c540efda29e\">T\u00e9l\u00e9charger<\/a><\/div>\n\n\n\n<hr class=\"wp-block-separator has-css-opacity\"\/>\n\n\n\n<h2 class=\"wp-block-heading\">Thymio trieur de d\u00e9chets<\/h2>\n\n\n\n<div data-wp-interactive=\"core\/file\" class=\"wp-block-file\"><object data-wp-bind--hidden=\"!state.hasPdfPreview\" hidden class=\"wp-block-file__embed\" data=\"https:\/\/brunel.tech\/wp-content\/uploads\/2022\/05\/Thymio-trieur.pdf\" type=\"application\/pdf\" style=\"width:100%;height:600px\" aria-label=\"Contenu embarqu\u00e9 Thymio-trieur.\"><\/object><a id=\"wp-block-file--media-e794a961-358e-468e-8f3a-66f5110f8c89\" href=\"https:\/\/brunel.tech\/wp-content\/uploads\/2022\/05\/Thymio-trieur.pdf\">Thymio-trieur<\/a><a href=\"https:\/\/brunel.tech\/wp-content\/uploads\/2022\/05\/Thymio-trieur.pdf\" class=\"wp-block-file__button wp-element-button\" download aria-describedby=\"wp-block-file--media-e794a961-358e-468e-8f3a-66f5110f8c89\">T\u00e9l\u00e9charger<\/a><\/div>\n\n\n\n<hr class=\"wp-block-separator has-css-opacity\"\/>\n\n\n\n<h2 class=\"wp-block-heading\">Thymio trace des lettres &#8230;<\/h2>\n\n\n\n<div data-wp-interactive=\"core\/file\" class=\"wp-block-file\"><object data-wp-bind--hidden=\"!state.hasPdfPreview\" hidden class=\"wp-block-file__embed\" data=\"https:\/\/brunel.tech\/wp-content\/uploads\/2022\/05\/Lettres-Thymio-1.pdf\" type=\"application\/pdf\" style=\"width:100%;height:600px\" aria-label=\"Contenu embarqu\u00e9 Lettres-Thymio-1.\"><\/object><a id=\"wp-block-file--media-a8185918-4ce3-487c-beb9-6eef285a7a6c\" href=\"https:\/\/brunel.tech\/wp-content\/uploads\/2022\/05\/Lettres-Thymio-1.pdf\">Lettres-Thymio-1<\/a><a href=\"https:\/\/brunel.tech\/wp-content\/uploads\/2022\/05\/Lettres-Thymio-1.pdf\" class=\"wp-block-file__button wp-element-button\" download aria-describedby=\"wp-block-file--media-a8185918-4ce3-487c-beb9-6eef285a7a6c\">T\u00e9l\u00e9charger<\/a><\/div>\n\n\n\n<p>Exemple de programmes permettant \u00e0 Thymio de tracer des lettres. Il est pr\u00e9conis\u00e9 d&rsquo;utiliser un Thymio wifi &#8230; le c\u00e2ble g\u00eane parfois le d\u00e9placement du Thymio.<\/p>\n\n\n\n<figure class=\"wp-block-image size-large\"><img loading=\"lazy\" decoding=\"async\" width=\"1024\" height=\"640\" src=\"https:\/\/brunel.tech\/wp-content\/uploads\/2022\/05\/Capture-de\u0301cran-2022-05-12-a\u0300-11.31.33-1024x640.png\" alt=\"\" class=\"wp-image-1594\" srcset=\"https:\/\/brunel.tech\/wp-content\/uploads\/2022\/05\/Capture-de\u0301cran-2022-05-12-a\u0300-11.31.33-1024x640.png 1024w, https:\/\/brunel.tech\/wp-content\/uploads\/2022\/05\/Capture-de\u0301cran-2022-05-12-a\u0300-11.31.33-300x188.png 300w, https:\/\/brunel.tech\/wp-content\/uploads\/2022\/05\/Capture-de\u0301cran-2022-05-12-a\u0300-11.31.33-768x480.png 768w, https:\/\/brunel.tech\/wp-content\/uploads\/2022\/05\/Capture-de\u0301cran-2022-05-12-a\u0300-11.31.33-1536x960.png 1536w, https:\/\/brunel.tech\/wp-content\/uploads\/2022\/05\/Capture-de\u0301cran-2022-05-12-a\u0300-11.31.33-2048x1280.png 2048w\" sizes=\"auto, (max-width: 1024px) 100vw, 1024px\" \/><\/figure>\n","protected":false},"excerpt":{"rendered":"<p>Premiers pas &#8230; R\u00e9alisation d&rsquo;un Passage \u00e0 Niveau prot\u00e9g\u00e9 &#8230; Comprendre les comportements diff\u00e9rents du Thymio et sortir d&rsquo;un Labyrinthe &#8230; Exp\u00e9rimentation originale &#8230; EMC et Robotique &#8230; Les num\u00e9ros d&rsquo;urgence et un robot pour les retenir &#8230; Trame de la S\u00e9quence Exemple de programmes &#8230; Premiers secours et Robotique Un tramway nomm\u00e9 Thymio &#8230; [&hellip;]<\/p>\n","protected":false},"author":1,"featured_media":0,"parent":0,"menu_order":0,"comment_status":"closed","ping_status":"closed","template":"","meta":{"site-sidebar-layout":"default","site-content-layout":"","ast-site-content-layout":"default","site-content-style":"default","site-sidebar-style":"default","ast-global-header-display":"","ast-banner-title-visibility":"","ast-main-header-display":"","ast-hfb-above-header-display":"","ast-hfb-below-header-display":"","ast-hfb-mobile-header-display":"","site-post-title":"","ast-breadcrumbs-content":"","ast-featured-img":"","footer-sml-layout":"","ast-disable-related-posts":"","theme-transparent-header-meta":"","adv-header-id-meta":"","stick-header-meta":"","header-above-stick-meta":"","header-main-stick-meta":"","header-below-stick-meta":"","astra-migrate-meta-layouts":"set","ast-page-background-enabled":"default","ast-page-background-meta":{"desktop":{"background-color":"","background-image":"","background-repeat":"repeat","background-position":"center center","background-size":"auto","background-attachment":"scroll","background-type":"","background-media":"","overlay-type":"","overlay-color":"","overlay-opacity":"","overlay-gradient":""},"tablet":{"background-color":"","background-image":"","background-repeat":"repeat","background-position":"center center","background-size":"auto","background-attachment":"scroll","background-type":"","background-media":"","overlay-type":"","overlay-color":"","overlay-opacity":"","overlay-gradient":""},"mobile":{"background-color":"","background-image":"","background-repeat":"repeat","background-position":"center center","background-size":"auto","background-attachment":"scroll","background-type":"","background-media":"","overlay-type":"","overlay-color":"","overlay-opacity":"","overlay-gradient":""}},"ast-content-background-meta":{"desktop":{"background-color":"var(--ast-global-color-5)","background-image":"","background-repeat":"repeat","background-position":"center center","background-size":"auto","background-attachment":"scroll","background-type":"","background-media":"","overlay-type":"","overlay-color":"","overlay-opacity":"","overlay-gradient":""},"tablet":{"background-color":"var(--ast-global-color-5)","background-image":"","background-repeat":"repeat","background-position":"center center","background-size":"auto","background-attachment":"scroll","background-type":"","background-media":"","overlay-type":"","overlay-color":"","overlay-opacity":"","overlay-gradient":""},"mobile":{"background-color":"var(--ast-global-color-5)","background-image":"","background-repeat":"repeat","background-position":"center center","background-size":"auto","background-attachment":"scroll","background-type":"","background-media":"","overlay-type":"","overlay-color":"","overlay-opacity":"","overlay-gradient":""}},"footnotes":""},"class_list":["post-1563","page","type-page","status-publish","hentry"],"_links":{"self":[{"href":"https:\/\/brunel.tech\/index.php\/wp-json\/wp\/v2\/pages\/1563","targetHints":{"allow":["GET"]}}],"collection":[{"href":"https:\/\/brunel.tech\/index.php\/wp-json\/wp\/v2\/pages"}],"about":[{"href":"https:\/\/brunel.tech\/index.php\/wp-json\/wp\/v2\/types\/page"}],"author":[{"embeddable":true,"href":"https:\/\/brunel.tech\/index.php\/wp-json\/wp\/v2\/users\/1"}],"replies":[{"embeddable":true,"href":"https:\/\/brunel.tech\/index.php\/wp-json\/wp\/v2\/comments?post=1563"}],"version-history":[{"count":8,"href":"https:\/\/brunel.tech\/index.php\/wp-json\/wp\/v2\/pages\/1563\/revisions"}],"predecessor-version":[{"id":2904,"href":"https:\/\/brunel.tech\/index.php\/wp-json\/wp\/v2\/pages\/1563\/revisions\/2904"}],"wp:attachment":[{"href":"https:\/\/brunel.tech\/index.php\/wp-json\/wp\/v2\/media?parent=1563"}],"curies":[{"name":"wp","href":"https:\/\/api.w.org\/{rel}","templated":true}]}}