{"id":1778,"date":"2022-12-02T11:44:08","date_gmt":"2022-12-02T10:44:08","guid":{"rendered":"https:\/\/brunel.tech\/?page_id=1778"},"modified":"2022-12-06T09:04:56","modified_gmt":"2022-12-06T08:04:56","slug":"fiches-de-prep-cycle-2","status":"publish","type":"page","link":"https:\/\/brunel.tech\/index.php\/fiches-de-prep-cycle-2\/","title":{"rendered":"Fiches de Prep Cycle 2"},"content":{"rendered":"\n<figure class=\"wp-block-image size-full is-resized\"><img loading=\"lazy\" decoding=\"async\" src=\"https:\/\/brunel.tech\/wp-content\/uploads\/2022\/12\/Capture-decran-2022-12-02-a-14.22.33.png\" alt=\"\" class=\"wp-image-1787\" width=\"299\" height=\"253\"\/><\/figure>\n\n\n\n<p>D\u00e9couverte d&rsquo;un signal sonore. Comment fonctionne la sonnerie de l&rsquo;\u00e9cole ?<\/p>\n\n\n\n<div class=\"wp-block-file\"><a id=\"wp-block-file--media-faab701c-4433-4b48-a11e-4354bb09de2c\" href=\"https:\/\/brunel.tech\/wp-content\/uploads\/2022\/12\/FP-Signal-sonore.docx\">FP-Signal-sonore<\/a><a href=\"https:\/\/brunel.tech\/wp-content\/uploads\/2022\/12\/FP-Signal-sonore.docx\" class=\"wp-block-file__button wp-element-button\" download aria-describedby=\"wp-block-file--media-faab701c-4433-4b48-a11e-4354bb09de2c\">T\u00e9l\u00e9charger<\/a><\/div>\n\n\n\n<p>R\u00e9alisation d&rsquo;une veilleuse gr\u00e2ce \u00e0 un circuit simple<\/p>\n\n\n\n<div class=\"wp-block-file\"><a id=\"wp-block-file--media-e9893944-8417-4516-99dc-7efd2b12b355\" href=\"https:\/\/brunel.tech\/wp-content\/uploads\/2022\/12\/FP-Veilleuse.docx\">FP-Veilleuse<\/a><a href=\"https:\/\/brunel.tech\/wp-content\/uploads\/2022\/12\/FP-Veilleuse.docx\" class=\"wp-block-file__button wp-element-button\" download aria-describedby=\"wp-block-file--media-e9893944-8417-4516-99dc-7efd2b12b355\">T\u00e9l\u00e9charger<\/a><\/div>\n\n\n\n<p>Fabrication d&rsquo;un Jeu Questions \/ R\u00e9ponses avec des circuits simples<\/p>\n\n\n\n<div class=\"wp-block-file\"><a id=\"wp-block-file--media-e283ac29-4a39-44bf-83e7-df824726a0cf\" href=\"https:\/\/brunel.tech\/wp-content\/uploads\/2022\/12\/FP-Jeu-Question-Reponses.docx\">FP-Jeu-Question-Reponses<\/a><a href=\"https:\/\/brunel.tech\/wp-content\/uploads\/2022\/12\/FP-Jeu-Question-Reponses.docx\" class=\"wp-block-file__button wp-element-button\" download aria-describedby=\"wp-block-file--media-e283ac29-4a39-44bf-83e7-df824726a0cf\">T\u00e9l\u00e9charger<\/a><\/div>\n\n\n\n<p>Aborder les notions de Flotte-Coule<\/p>\n\n\n\n<div class=\"wp-block-file\"><a id=\"wp-block-file--media-9b12aa7f-462d-4b11-8bd7-933fbf3433a3\" href=\"https:\/\/brunel.tech\/wp-content\/uploads\/2022\/12\/FP-Flotte_Coule-CP.docx\">FP-Flotte_Coule-CP<\/a><a href=\"https:\/\/brunel.tech\/wp-content\/uploads\/2022\/12\/FP-Flotte_Coule-CP.docx\" class=\"wp-block-file__button wp-element-button\" download aria-describedby=\"wp-block-file--media-9b12aa7f-462d-4b11-8bd7-933fbf3433a3\">T\u00e9l\u00e9charger<\/a><\/div>\n\n\n\n<p>Fabriquer une lampe de poche<\/p>\n\n\n\n<div class=\"wp-block-file\"><a id=\"wp-block-file--media-8b237b76-c830-41dc-806c-271d02ce53ac\" href=\"https:\/\/brunel.tech\/wp-content\/uploads\/2022\/12\/FP-Lampe-de-poche.docx\">FP-Lampe-de-poche<\/a><a href=\"https:\/\/brunel.tech\/wp-content\/uploads\/2022\/12\/FP-Lampe-de-poche.docx\" class=\"wp-block-file__button wp-element-button\" download aria-describedby=\"wp-block-file--media-8b237b76-c830-41dc-806c-271d02ce53ac\">T\u00e9l\u00e9charger<\/a><\/div>\n","protected":false},"excerpt":{"rendered":"<p>D\u00e9couverte d&rsquo;un signal sonore. Comment fonctionne la sonnerie de l&rsquo;\u00e9cole ? R\u00e9alisation d&rsquo;une veilleuse gr\u00e2ce \u00e0 un circuit simple Fabrication d&rsquo;un Jeu Questions \/ R\u00e9ponses avec des circuits simples Aborder les notions de Flotte-Coule Fabriquer une lampe de poche<\/p>\n","protected":false},"author":1,"featured_media":0,"parent":0,"menu_order":0,"comment_status":"closed","ping_status":"closed","template":"","meta":{"site-sidebar-layout":"default","site-content-layout":"","ast-site-content-layout":"default","site-content-style":"default","site-sidebar-style":"default","ast-global-header-display":"","ast-banner-title-visibility":"","ast-main-header-display":"","ast-hfb-above-header-display":"","ast-hfb-below-header-display":"","ast-hfb-mobile-header-display":"","site-post-title":"","ast-breadcrumbs-content":"","ast-featured-img":"","footer-sml-layout":"","ast-disable-related-posts":"","theme-transparent-header-meta":"","adv-header-id-meta":"","stick-header-meta":"","header-above-stick-meta":"","header-main-stick-meta":"","header-below-stick-meta":"","astra-migrate-meta-layouts":"default","ast-page-background-enabled":"default","ast-page-background-meta":{"desktop":{"background-color":"","background-image":"","background-repeat":"repeat","background-position":"center center","background-size":"auto","background-attachment":"scroll","background-type":"","background-media":"","overlay-type":"","overlay-color":"","overlay-opacity":"","overlay-gradient":""},"tablet":{"background-color":"","background-image":"","background-repeat":"repeat","background-position":"center center","background-size":"auto","background-attachment":"scroll","background-type":"","background-media":"","overlay-type":"","overlay-color":"","overlay-opacity":"","overlay-gradient":""},"mobile":{"background-color":"","background-image":"","background-repeat":"repeat","background-position":"center center","background-size":"auto","background-attachment":"scroll","background-type":"","background-media":"","overlay-type":"","overlay-color":"","overlay-opacity":"","overlay-gradient":""}},"ast-content-background-meta":{"desktop":{"background-color":"var(--ast-global-color-5)","background-image":"","background-repeat":"repeat","background-position":"center center","background-size":"auto","background-attachment":"scroll","background-type":"","background-media":"","overlay-type":"","overlay-color":"","overlay-opacity":"","overlay-gradient":""},"tablet":{"background-color":"var(--ast-global-color-5)","background-image":"","background-repeat":"repeat","background-position":"center center","background-size":"auto","background-attachment":"scroll","background-type":"","background-media":"","overlay-type":"","overlay-color":"","overlay-opacity":"","overlay-gradient":""},"mobile":{"background-color":"var(--ast-global-color-5)","background-image":"","background-repeat":"repeat","background-position":"center center","background-size":"auto","background-attachment":"scroll","background-type":"","background-media":"","overlay-type":"","overlay-color":"","overlay-opacity":"","overlay-gradient":""}},"footnotes":""},"class_list":["post-1778","page","type-page","status-publish","hentry"],"_links":{"self":[{"href":"https:\/\/brunel.tech\/index.php\/wp-json\/wp\/v2\/pages\/1778","targetHints":{"allow":["GET"]}}],"collection":[{"href":"https:\/\/brunel.tech\/index.php\/wp-json\/wp\/v2\/pages"}],"about":[{"href":"https:\/\/brunel.tech\/index.php\/wp-json\/wp\/v2\/types\/page"}],"author":[{"embeddable":true,"href":"https:\/\/brunel.tech\/index.php\/wp-json\/wp\/v2\/users\/1"}],"replies":[{"embeddable":true,"href":"https:\/\/brunel.tech\/index.php\/wp-json\/wp\/v2\/comments?post=1778"}],"version-history":[{"count":6,"href":"https:\/\/brunel.tech\/index.php\/wp-json\/wp\/v2\/pages\/1778\/revisions"}],"predecessor-version":[{"id":1794,"href":"https:\/\/brunel.tech\/index.php\/wp-json\/wp\/v2\/pages\/1778\/revisions\/1794"}],"wp:attachment":[{"href":"https:\/\/brunel.tech\/index.php\/wp-json\/wp\/v2\/media?parent=1778"}],"curies":[{"name":"wp","href":"https:\/\/api.w.org\/{rel}","templated":true}]}}