{"id":1816,"date":"2022-12-28T18:18:01","date_gmt":"2022-12-28T17:18:01","guid":{"rendered":"https:\/\/brunel.tech\/?page_id=1816"},"modified":"2025-02-14T10:30:08","modified_gmt":"2025-02-14T09:30:08","slug":"les-mouvements","status":"publish","type":"page","link":"https:\/\/brunel.tech\/index.php\/les-mouvements\/","title":{"rendered":"Des m\u00e9canismes usuels &#8230;"},"content":{"rendered":"\n<h3 class=\"wp-block-heading\"><strong>Cette mission dure une heure &#8230;<\/strong><\/h3>\n\n\n\n<h5 class=\"wp-block-heading\">Une boite \u00e0 vitesse (6 points)<\/h5>\n\n\n\n<figure class=\"wp-block-video\"><video height=\"1080\" style=\"aspect-ratio: 1920 \/ 1080;\" width=\"1920\" controls src=\"https:\/\/brunel.tech\/wp-content\/uploads\/2022\/12\/Boite-4-Vitesses.mp4\"><\/video><\/figure>\n\n\n\n<div data-wp-interactive=\"core\/file\" class=\"wp-block-file\"><object data-wp-bind--hidden=\"!state.hasPdfPreview\" hidden class=\"wp-block-file__embed\" data=\"https:\/\/brunel.tech\/wp-content\/uploads\/2025\/02\/Calcul-Boite-a-vitesse.pdf\" type=\"application\/pdf\" style=\"width:100%;height:600px\" aria-label=\"Contenu embarqu\u00e9 Calcul Boite a\u0300 vitesse.\"><\/object><a id=\"wp-block-file--media-04f3f8da-d2d1-4a0a-92a8-060229af8fd2\" href=\"https:\/\/brunel.tech\/wp-content\/uploads\/2025\/02\/Calcul-Boite-a-vitesse.pdf\">Calcul Boite a\u0300 vitesse<\/a><a href=\"https:\/\/brunel.tech\/wp-content\/uploads\/2025\/02\/Calcul-Boite-a-vitesse.pdf\" class=\"wp-block-file__button wp-element-button\" download aria-describedby=\"wp-block-file--media-04f3f8da-d2d1-4a0a-92a8-060229af8fd2\">T\u00e9l\u00e9charger<\/a><\/div>\n\n\n\n<hr class=\"wp-block-separator alignfull has-alpha-channel-opacity\"\/>\n\n\n\n<h2 class=\"wp-block-heading\">Train \u00e9picyclo\u00efdal<\/h2>\n\n\n\n<figure class=\"wp-block-video\"><video height=\"1080\" style=\"aspect-ratio: 1920 \/ 1080;\" width=\"1920\" controls src=\"https:\/\/brunel.tech\/wp-content\/uploads\/2022\/12\/Train-epicycloidal.mp4\"><\/video><\/figure>\n\n\n\n<h4 class=\"wp-block-heading\">Questions sur le Train \u00e9picyclo\u00efdal (6 points)<\/h4>\n\n\n\n<div data-wp-interactive=\"core\/file\" class=\"wp-block-file\"><object data-wp-bind--hidden=\"!state.hasPdfPreview\" hidden class=\"wp-block-file__embed\" data=\"https:\/\/brunel.tech\/wp-content\/uploads\/2022\/12\/Train-epicycloidal.pdf\" type=\"application\/pdf\" style=\"width:100%;height:600px\" aria-label=\"Contenu embarqu\u00e9 Train-epicycloidal.\"><\/object><a id=\"wp-block-file--media-71bee22b-fa77-49f7-b117-f8346a6e537c\" href=\"https:\/\/brunel.tech\/wp-content\/uploads\/2022\/12\/Train-epicycloidal.pdf\">Train-epicycloidal<\/a><a href=\"https:\/\/brunel.tech\/wp-content\/uploads\/2022\/12\/Train-epicycloidal.pdf\" class=\"wp-block-file__button wp-element-button\" download aria-describedby=\"wp-block-file--media-71bee22b-fa77-49f7-b117-f8346a6e537c\">T\u00e9l\u00e9charger<\/a><\/div>\n\n\n\n<hr class=\"wp-block-separator alignfull has-alpha-channel-opacity\"\/>\n\n\n\n<h5 class=\"wp-block-heading\">D\u00e9marreur de voiture (4 points)<\/h5>\n\n\n\n<figure class=\"wp-block-video\"><video height=\"1080\" style=\"aspect-ratio: 1920 \/ 1080;\" width=\"1920\" controls src=\"https:\/\/brunel.tech\/wp-content\/uploads\/2022\/12\/demarreur.mp4\"><\/video><\/figure>\n\n\n\n<h4 class=\"wp-block-heading\">Vous expliquerez \u00e0 l&rsquo;aide d&rsquo;un sch\u00e9ma l\u00e9gend\u00e9 ce qu&rsquo;il se passe lorsque je d\u00e9cide de d\u00e9marrer la voiture. <\/h4>\n\n\n\n<hr class=\"wp-block-separator has-alpha-channel-opacity\"\/>\n\n\n\n<h5 class=\"wp-block-heading\">Une serrure (4 points)<\/h5>\n\n\n\n<figure class=\"wp-block-video\"><video height=\"310\" style=\"aspect-ratio: 556 \/ 310;\" width=\"556\" controls src=\"https:\/\/brunel.tech\/wp-content\/uploads\/2021\/02\/Principe-clefs-barillet.mp4\"><\/video><\/figure>\n\n\n\n<h5 class=\"wp-block-heading\">Montrer graphiquement ce qu&rsquo;il se passe dans la position verrouill\u00e9e et la position d\u00e9verrouill\u00e9e en fonction de la position d&rsquo;un piston par rapport au profil de la clef.<\/h5>\n\n\n\n<hr class=\"wp-block-separator alignfull has-alpha-channel-opacity\"\/>\n","protected":false},"excerpt":{"rendered":"<p>Cette mission dure une heure &#8230; Une boite \u00e0 vitesse (6 points) Train \u00e9picyclo\u00efdal Questions sur le Train \u00e9picyclo\u00efdal (6 points) D\u00e9marreur de voiture (4 points) Vous expliquerez \u00e0 l&rsquo;aide d&rsquo;un sch\u00e9ma l\u00e9gend\u00e9 ce qu&rsquo;il se passe lorsque je d\u00e9cide de d\u00e9marrer la voiture. Une serrure (4 points) Montrer graphiquement ce qu&rsquo;il se passe dans [&hellip;]<\/p>\n","protected":false},"author":1,"featured_media":0,"parent":0,"menu_order":0,"comment_status":"closed","ping_status":"closed","template":"","meta":{"site-sidebar-layout":"default","site-content-layout":"","ast-site-content-layout":"default","site-content-style":"default","site-sidebar-style":"default","ast-global-header-display":"","ast-banner-title-visibility":"","ast-main-header-display":"","ast-hfb-above-header-display":"","ast-hfb-below-header-display":"","ast-hfb-mobile-header-display":"","site-post-title":"","ast-breadcrumbs-content":"","ast-featured-img":"","footer-sml-layout":"","ast-disable-related-posts":"","theme-transparent-header-meta":"","adv-header-id-meta":"","stick-header-meta":"","header-above-stick-meta":"","header-main-stick-meta":"","header-below-stick-meta":"","astra-migrate-meta-layouts":"set","ast-page-background-enabled":"default","ast-page-background-meta":{"desktop":{"background-color":"","background-image":"","background-repeat":"repeat","background-position":"center center","background-size":"auto","background-attachment":"scroll","background-type":"","background-media":"","overlay-type":"","overlay-color":"","overlay-opacity":"","overlay-gradient":""},"tablet":{"background-color":"","background-image":"","background-repeat":"repeat","background-position":"center center","background-size":"auto","background-attachment":"scroll","background-type":"","background-media":"","overlay-type":"","overlay-color":"","overlay-opacity":"","overlay-gradient":""},"mobile":{"background-color":"","background-image":"","background-repeat":"repeat","background-position":"center center","background-size":"auto","background-attachment":"scroll","background-type":"","background-media":"","overlay-type":"","overlay-color":"","overlay-opacity":"","overlay-gradient":""}},"ast-content-background-meta":{"desktop":{"background-color":"var(--ast-global-color-5)","background-image":"","background-repeat":"repeat","background-position":"center center","background-size":"auto","background-attachment":"scroll","background-type":"","background-media":"","overlay-type":"","overlay-color":"","overlay-opacity":"","overlay-gradient":""},"tablet":{"background-color":"var(--ast-global-color-5)","background-image":"","background-repeat":"repeat","background-position":"center center","background-size":"auto","background-attachment":"scroll","background-type":"","background-media":"","overlay-type":"","overlay-color":"","overlay-opacity":"","overlay-gradient":""},"mobile":{"background-color":"var(--ast-global-color-5)","background-image":"","background-repeat":"repeat","background-position":"center center","background-size":"auto","background-attachment":"scroll","background-type":"","background-media":"","overlay-type":"","overlay-color":"","overlay-opacity":"","overlay-gradient":""}},"footnotes":""},"class_list":["post-1816","page","type-page","status-publish","hentry"],"_links":{"self":[{"href":"https:\/\/brunel.tech\/index.php\/wp-json\/wp\/v2\/pages\/1816","targetHints":{"allow":["GET"]}}],"collection":[{"href":"https:\/\/brunel.tech\/index.php\/wp-json\/wp\/v2\/pages"}],"about":[{"href":"https:\/\/brunel.tech\/index.php\/wp-json\/wp\/v2\/types\/page"}],"author":[{"embeddable":true,"href":"https:\/\/brunel.tech\/index.php\/wp-json\/wp\/v2\/users\/1"}],"replies":[{"embeddable":true,"href":"https:\/\/brunel.tech\/index.php\/wp-json\/wp\/v2\/comments?post=1816"}],"version-history":[{"count":8,"href":"https:\/\/brunel.tech\/index.php\/wp-json\/wp\/v2\/pages\/1816\/revisions"}],"predecessor-version":[{"id":2641,"href":"https:\/\/brunel.tech\/index.php\/wp-json\/wp\/v2\/pages\/1816\/revisions\/2641"}],"wp:attachment":[{"href":"https:\/\/brunel.tech\/index.php\/wp-json\/wp\/v2\/media?parent=1816"}],"curies":[{"name":"wp","href":"https:\/\/api.w.org\/{rel}","templated":true}]}}