{"id":1836,"date":"2023-01-04T16:15:05","date_gmt":"2023-01-04T15:15:05","guid":{"rendered":"https:\/\/brunel.tech\/?page_id=1836"},"modified":"2023-12-06T13:08:52","modified_gmt":"2023-12-06T12:08:52","slug":"s4-m2-meef-pe","status":"publish","type":"page","link":"https:\/\/brunel.tech\/index.php\/s4-m2-meef-pe\/","title":{"rendered":"S4 &#8211; M2 MEEF &#8211; PE"},"content":{"rendered":"\n<div class=\"wp-block-media-text alignwide is-stacked-on-mobile\" style=\"grid-template-columns:19% auto\"><figure class=\"wp-block-media-text__media\"><a href=\"https:\/\/brunel.tech\/index.php\/les-mouvements\/\" target=\"_blank\" rel=\"noreferrer noopener\"><img loading=\"lazy\" decoding=\"async\" width=\"408\" height=\"371\" src=\"https:\/\/brunel.tech\/wp-content\/uploads\/2023\/01\/Capture-decran-2023-01-04-a-16.08.14.png\" alt=\"\" class=\"wp-image-1837 size-full\" srcset=\"https:\/\/brunel.tech\/wp-content\/uploads\/2023\/01\/Capture-decran-2023-01-04-a-16.08.14.png 408w, https:\/\/brunel.tech\/wp-content\/uploads\/2023\/01\/Capture-decran-2023-01-04-a-16.08.14-300x273.png 300w\" sizes=\"auto, (max-width: 408px) 100vw, 408px\" \/><\/a><\/figure><div class=\"wp-block-media-text__content\">\n<h3 class=\"wp-block-heading has-text-align-center\">Calculs sur M\u00e9canismes usuels<\/h3>\n<\/div><\/div>\n\n\n\n<div class=\"wp-block-media-text alignwide is-stacked-on-mobile\" style=\"grid-template-columns:15% auto\"><figure class=\"wp-block-media-text__media\"><a href=\"https:\/\/brunel.tech\/index.php\/portique-a-poulies\/\" target=\"_blank\" rel=\"noreferrer noopener\"><img loading=\"lazy\" decoding=\"async\" width=\"326\" height=\"512\" src=\"https:\/\/brunel.tech\/wp-content\/uploads\/2023\/01\/Capture-decran-2023-01-04-a-16.31.04.png\" alt=\"\" class=\"wp-image-1863 size-full\" srcset=\"https:\/\/brunel.tech\/wp-content\/uploads\/2023\/01\/Capture-decran-2023-01-04-a-16.31.04.png 326w, https:\/\/brunel.tech\/wp-content\/uploads\/2023\/01\/Capture-decran-2023-01-04-a-16.31.04-191x300.png 191w\" sizes=\"auto, (max-width: 326px) 100vw, 326px\" \/><\/a><\/figure><div class=\"wp-block-media-text__content\">\n<h3 class=\"wp-block-heading has-text-align-center\">Le Portique \u00e0 Poulies<\/h3>\n<\/div><\/div>\n\n\n\n<hr class=\"wp-block-separator alignfull has-alpha-channel-opacity\"\/>\n\n\n\n<div class=\"wp-block-media-text alignwide is-stacked-on-mobile\" style=\"grid-template-columns:16% auto\"><figure class=\"wp-block-media-text__media\"><a href=\"https:\/\/brunel.tech\/index.php\/maquette-ascenseur\/\" target=\"_blank\" rel=\"noreferrer noopener\"><img loading=\"lazy\" decoding=\"async\" width=\"169\" height=\"279\" src=\"https:\/\/brunel.tech\/wp-content\/uploads\/2023\/01\/Capture-decran-2023-01-04-a-16.09.44.png\" alt=\"\" class=\"wp-image-1838 size-full\"\/><\/a><\/figure><div class=\"wp-block-media-text__content\">\n<h3 class=\"wp-block-heading has-text-align-center\">Maquette d&rsquo;un Ascenseur<\/h3>\n<\/div><\/div>\n\n\n\n<hr class=\"wp-block-separator alignfull has-alpha-channel-opacity\"\/>\n\n\n\n<div class=\"wp-block-media-text alignwide is-stacked-on-mobile\" style=\"grid-template-columns:15% auto\"><figure class=\"wp-block-media-text__media\"><a href=\"https:\/\/brunel.tech\/index.php\/maquette-manege\/\" target=\"_blank\" rel=\"noreferrer noopener\"><img loading=\"lazy\" decoding=\"async\" width=\"241\" height=\"326\" src=\"https:\/\/brunel.tech\/wp-content\/uploads\/2023\/01\/Capture-decran-2023-01-04-a-16.10.55.png\" alt=\"\" class=\"wp-image-1839 size-full\" srcset=\"https:\/\/brunel.tech\/wp-content\/uploads\/2023\/01\/Capture-decran-2023-01-04-a-16.10.55.png 241w, https:\/\/brunel.tech\/wp-content\/uploads\/2023\/01\/Capture-decran-2023-01-04-a-16.10.55-222x300.png 222w\" sizes=\"auto, (max-width: 241px) 100vw, 241px\" \/><\/a><\/figure><div class=\"wp-block-media-text__content\">\n<h3 class=\"wp-block-heading has-text-align-center\">Maquette d&rsquo;un Man\u00e8ge<\/h3>\n<\/div><\/div>\n\n\n\n<hr class=\"wp-block-separator alignfull has-alpha-channel-opacity\"\/>\n\n\n\n<div class=\"wp-block-media-text alignwide is-stacked-on-mobile\" style=\"grid-template-columns:19% auto\"><figure class=\"wp-block-media-text__media\"><a href=\"https:\/\/brunel.tech\/index.php\/maquette-passage-pieton-securise\/\" target=\"_blank\" rel=\"noreferrer noopener\"><img loading=\"lazy\" decoding=\"async\" width=\"363\" height=\"291\" src=\"https:\/\/brunel.tech\/wp-content\/uploads\/2023\/01\/Capture-decran-2023-01-04-a-16.11.42.png\" alt=\"\" class=\"wp-image-1840 size-full\" srcset=\"https:\/\/brunel.tech\/wp-content\/uploads\/2023\/01\/Capture-decran-2023-01-04-a-16.11.42.png 363w, https:\/\/brunel.tech\/wp-content\/uploads\/2023\/01\/Capture-decran-2023-01-04-a-16.11.42-300x240.png 300w\" sizes=\"auto, (max-width: 363px) 100vw, 363px\" \/><\/a><\/figure><div class=\"wp-block-media-text__content\">\n<h3 class=\"wp-block-heading has-text-align-center\">Maquette d&rsquo;un Passage Pi\u00e9ton S\u00e9curis\u00e9<\/h3>\n<\/div><\/div>\n\n\n\n<hr class=\"wp-block-separator alignfull has-alpha-channel-opacity\"\/>\n\n\n\n<div class=\"wp-block-media-text alignwide is-stacked-on-mobile\" style=\"grid-template-columns:18% auto\"><figure class=\"wp-block-media-text__media\"><a href=\"https:\/\/brunel.tech\/index.php\/maquette-serre-automatisee\/\" target=\"_blank\" rel=\"noreferrer noopener\"><img loading=\"lazy\" decoding=\"async\" width=\"196\" height=\"234\" src=\"https:\/\/brunel.tech\/wp-content\/uploads\/2023\/01\/Capture-decran-2023-01-04-a-16.12.43.png\" alt=\"\" class=\"wp-image-1841 size-full\"\/><\/a><\/figure><div class=\"wp-block-media-text__content\">\n<h3 class=\"wp-block-heading has-text-align-center\">Maquette d&rsquo;une Serre automatis\u00e9e<\/h3>\n<\/div><\/div>\n\n\n\n<hr class=\"wp-block-separator alignfull has-alpha-channel-opacity\"\/>\n\n\n\n<div class=\"wp-block-media-text is-stacked-on-mobile\" style=\"grid-template-columns:20% auto\"><figure class=\"wp-block-media-text__media\"><a href=\"https:\/\/brunel.tech\/wp-content\/uploads\/2023\/12\/domotique.pdf\" target=\"_blank\" rel=\"noreferrer noopener\"><img loading=\"lazy\" decoding=\"async\" width=\"969\" height=\"733\" src=\"https:\/\/brunel.tech\/wp-content\/uploads\/2023\/12\/VUE-MM-3D.png\" alt=\"\" class=\"wp-image-2170 size-full\"\/><\/a><\/figure><div class=\"wp-block-media-text__content\">\n<h3 class=\"wp-block-heading has-text-align-center\">Maquette Maison et Domotique<\/h3>\n<\/div><\/div>\n","protected":false},"excerpt":{"rendered":"<p>Calculs sur M\u00e9canismes usuels Le Portique \u00e0 Poulies Maquette d&rsquo;un Ascenseur Maquette d&rsquo;un Man\u00e8ge Maquette d&rsquo;un Passage Pi\u00e9ton S\u00e9curis\u00e9 Maquette d&rsquo;une Serre automatis\u00e9e Maquette Maison et Domotique<\/p>\n","protected":false},"author":1,"featured_media":0,"parent":0,"menu_order":0,"comment_status":"closed","ping_status":"closed","template":"","meta":{"site-sidebar-layout":"default","site-content-layout":"","ast-site-content-layout":"default","site-content-style":"default","site-sidebar-style":"default","ast-global-header-display":"","ast-banner-title-visibility":"","ast-main-header-display":"","ast-hfb-above-header-display":"","ast-hfb-below-header-display":"","ast-hfb-mobile-header-display":"","site-post-title":"","ast-breadcrumbs-content":"","ast-featured-img":"","footer-sml-layout":"","ast-disable-related-posts":"","theme-transparent-header-meta":"","adv-header-id-meta":"","stick-header-meta":"","header-above-stick-meta":"","header-main-stick-meta":"","header-below-stick-meta":"","astra-migrate-meta-layouts":"set","ast-page-background-enabled":"default","ast-page-background-meta":{"desktop":{"background-color":"","background-image":"","background-repeat":"repeat","background-position":"center center","background-size":"auto","background-attachment":"scroll","background-type":"","background-media":"","overlay-type":"","overlay-color":"","overlay-opacity":"","overlay-gradient":""},"tablet":{"background-color":"","background-image":"","background-repeat":"repeat","background-position":"center center","background-size":"auto","background-attachment":"scroll","background-type":"","background-media":"","overlay-type":"","overlay-color":"","overlay-opacity":"","overlay-gradient":""},"mobile":{"background-color":"","background-image":"","background-repeat":"repeat","background-position":"center center","background-size":"auto","background-attachment":"scroll","background-type":"","background-media":"","overlay-type":"","overlay-color":"","overlay-opacity":"","overlay-gradient":""}},"ast-content-background-meta":{"desktop":{"background-color":"var(--ast-global-color-5)","background-image":"","background-repeat":"repeat","background-position":"center center","background-size":"auto","background-attachment":"scroll","background-type":"","background-media":"","overlay-type":"","overlay-color":"","overlay-opacity":"","overlay-gradient":""},"tablet":{"background-color":"var(--ast-global-color-5)","background-image":"","background-repeat":"repeat","background-position":"center center","background-size":"auto","background-attachment":"scroll","background-type":"","background-media":"","overlay-type":"","overlay-color":"","overlay-opacity":"","overlay-gradient":""},"mobile":{"background-color":"var(--ast-global-color-5)","background-image":"","background-repeat":"repeat","background-position":"center center","background-size":"auto","background-attachment":"scroll","background-type":"","background-media":"","overlay-type":"","overlay-color":"","overlay-opacity":"","overlay-gradient":""}},"footnotes":""},"class_list":["post-1836","page","type-page","status-publish","hentry"],"_links":{"self":[{"href":"https:\/\/brunel.tech\/index.php\/wp-json\/wp\/v2\/pages\/1836","targetHints":{"allow":["GET"]}}],"collection":[{"href":"https:\/\/brunel.tech\/index.php\/wp-json\/wp\/v2\/pages"}],"about":[{"href":"https:\/\/brunel.tech\/index.php\/wp-json\/wp\/v2\/types\/page"}],"author":[{"embeddable":true,"href":"https:\/\/brunel.tech\/index.php\/wp-json\/wp\/v2\/users\/1"}],"replies":[{"embeddable":true,"href":"https:\/\/brunel.tech\/index.php\/wp-json\/wp\/v2\/comments?post=1836"}],"version-history":[{"count":11,"href":"https:\/\/brunel.tech\/index.php\/wp-json\/wp\/v2\/pages\/1836\/revisions"}],"predecessor-version":[{"id":2175,"href":"https:\/\/brunel.tech\/index.php\/wp-json\/wp\/v2\/pages\/1836\/revisions\/2175"}],"wp:attachment":[{"href":"https:\/\/brunel.tech\/index.php\/wp-json\/wp\/v2\/media?parent=1836"}],"curies":[{"name":"wp","href":"https:\/\/api.w.org\/{rel}","templated":true}]}}