{"id":20,"date":"2020-06-17T09:12:47","date_gmt":"2020-06-17T07:12:47","guid":{"rendered":"http:\/\/brunel.tech\/?page_id=20"},"modified":"2021-10-24T12:11:41","modified_gmt":"2021-10-24T10:11:41","slug":"enseignement","status":"publish","type":"page","link":"https:\/\/brunel.tech\/index.php\/enseignement\/","title":{"rendered":"Enseignement"},"content":{"rendered":"<p>Mes enseignements se d\u00e9ploient principalement en Sciences Industrielles et Technologie.<\/p>\n<p>En Master 1 en pr\u00e9pa CAPET et Agr\u00e9gation des fili\u00e8res industrielles. Intervention en Eco-Conception et M\u00e9catronique en Fablab. Modeleur volumique, Impression 3D, Usinages num\u00e9riques et conventionnels. Programmation Arduino Mega, Microbit &#8230; Didactique des Sciences industrielles et technologiques. D\u00e9ploiement de projets p\u00e9dagogiques avec int\u00e9gration de syst\u00e8mes num\u00e9riques.<\/p>\n<p>En ce qui concerne la formation en<a href=\"https:\/\/brunel.tech\/index.php\/10-h-de-steam-en-master-1-pe\/\"> Master 1 des Professeurs des \u00e9coles<\/a>, je propose un enseignement de Robotique de diff\u00e9rents niveaux : de la maternelle \u00e0 la fin du cycle 3 puis cet enseignement prend son sens avec d&rsquo;autres publics.<\/p>\n<p>Animateur d&rsquo;un s\u00e9minaire recherche sur les usages num\u00e9riques en apprentissage.\u00a0<\/p>\n<p>En Master 2, formation des Professeurs des \u00e9coles en Sciences Exp\u00e9rimentales et Technologie et des Professeurs de Lyc\u00e9es (CAPET et Agr\u00e9gation en Sciences industrielles et Technologie). Suivi de M\u00e9moires en Master 2 avec comme axe de r\u00e9flexion les diff\u00e9rentes activit\u00e9s possibles autour des apprentissages avec tous les moyens num\u00e9riques \u00e0 notre disposition.<\/p>\n<p>Sp\u00e9cialiste invit\u00e9 dans l&rsquo;option Robotique de l&rsquo;\u00e9cole d&rsquo;Ing\u00e9nieurs Enseirb-Matmeca en troisi\u00e8me ann\u00e9e.<\/p>\n<p>Formateur en 3\u00e8me ann\u00e9e de doctorat aux outils num\u00e9riques avanc\u00e9s.<\/p>\n<p>Ci-dessous, vous trouverez le livre de r\u00e9f\u00e9rence concernant mes enseignements dans le domaine du num\u00e9rique.<\/p>\n\n\n<p><a rel=\"noreferrer noopener\" href=\"https:\/\/my.editions-ue.com\/catalog\/details\/store\/gb\/book\/978-3-8417-3473-0\/de-la-didactique-des-usages-num%C3%A9riques?search=usages%20num%C3%A9riques\" target=\"_blank\">Trouver le livre<\/a><\/p>\n\n\n\n<p><a href=\"https:\/\/www.robocup.fr\/robocupjunior-1\" target=\"_blank\" rel=\"noreferrer noopener\">De la robotique pour les Juniors <\/a><\/p>\n\n\n\n<p><\/p>\n","protected":false},"excerpt":{"rendered":"<p>Mes enseignements se d\u00e9ploient principalement en Sciences Industrielles et Technologie. En Master 1 en pr\u00e9pa CAPET et Agr\u00e9gation des fili\u00e8res industrielles. Intervention en Eco-Conception et M\u00e9catronique en Fablab. Modeleur volumique, Impression 3D, Usinages num\u00e9riques et conventionnels. Programmation Arduino Mega, Microbit &#8230; Didactique des Sciences industrielles et technologiques. D\u00e9ploiement de projets p\u00e9dagogiques avec int\u00e9gration de syst\u00e8mes [&hellip;]<\/p>\n","protected":false},"author":1,"featured_media":0,"parent":0,"menu_order":0,"comment_status":"closed","ping_status":"closed","template":"","meta":{"site-sidebar-layout":"default","site-content-layout":"default","ast-site-content-layout":"default","site-content-style":"default","site-sidebar-style":"default","ast-global-header-display":"","ast-banner-title-visibility":"","ast-main-header-display":"","ast-hfb-above-header-display":"","ast-hfb-below-header-display":"","ast-hfb-mobile-header-display":"","site-post-title":"","ast-breadcrumbs-content":"","ast-featured-img":"","footer-sml-layout":"","ast-disable-related-posts":"","theme-transparent-header-meta":"default","adv-header-id-meta":"","stick-header-meta":"","header-above-stick-meta":"","header-main-stick-meta":"","header-below-stick-meta":"","astra-migrate-meta-layouts":"default","ast-page-background-enabled":"default","ast-page-background-meta":{"desktop":{"background-color":"","background-image":"","background-repeat":"repeat","background-position":"center center","background-size":"auto","background-attachment":"scroll","background-type":"","background-media":"","overlay-type":"","overlay-color":"","overlay-opacity":"","overlay-gradient":""},"tablet":{"background-color":"","background-image":"","background-repeat":"repeat","background-position":"center center","background-size":"auto","background-attachment":"scroll","background-type":"","background-media":"","overlay-type":"","overlay-color":"","overlay-opacity":"","overlay-gradient":""},"mobile":{"background-color":"","background-image":"","background-repeat":"repeat","background-position":"center center","background-size":"auto","background-attachment":"scroll","background-type":"","background-media":"","overlay-type":"","overlay-color":"","overlay-opacity":"","overlay-gradient":""}},"ast-content-background-meta":{"desktop":{"background-color":"var(--ast-global-color-5)","background-image":"","background-repeat":"repeat","background-position":"center center","background-size":"auto","background-attachment":"scroll","background-type":"","background-media":"","overlay-type":"","overlay-color":"","overlay-opacity":"","overlay-gradient":""},"tablet":{"background-color":"var(--ast-global-color-5)","background-image":"","background-repeat":"repeat","background-position":"center center","background-size":"auto","background-attachment":"scroll","background-type":"","background-media":"","overlay-type":"","overlay-color":"","overlay-opacity":"","overlay-gradient":""},"mobile":{"background-color":"var(--ast-global-color-5)","background-image":"","background-repeat":"repeat","background-position":"center center","background-size":"auto","background-attachment":"scroll","background-type":"","background-media":"","overlay-type":"","overlay-color":"","overlay-opacity":"","overlay-gradient":""}},"footnotes":""},"class_list":["post-20","page","type-page","status-publish","hentry"],"_links":{"self":[{"href":"https:\/\/brunel.tech\/index.php\/wp-json\/wp\/v2\/pages\/20","targetHints":{"allow":["GET"]}}],"collection":[{"href":"https:\/\/brunel.tech\/index.php\/wp-json\/wp\/v2\/pages"}],"about":[{"href":"https:\/\/brunel.tech\/index.php\/wp-json\/wp\/v2\/types\/page"}],"author":[{"embeddable":true,"href":"https:\/\/brunel.tech\/index.php\/wp-json\/wp\/v2\/users\/1"}],"replies":[{"embeddable":true,"href":"https:\/\/brunel.tech\/index.php\/wp-json\/wp\/v2\/comments?post=20"}],"version-history":[{"count":16,"href":"https:\/\/brunel.tech\/index.php\/wp-json\/wp\/v2\/pages\/20\/revisions"}],"predecessor-version":[{"id":1312,"href":"https:\/\/brunel.tech\/index.php\/wp-json\/wp\/v2\/pages\/20\/revisions\/1312"}],"wp:attachment":[{"href":"https:\/\/brunel.tech\/index.php\/wp-json\/wp\/v2\/media?parent=20"}],"curies":[{"name":"wp","href":"https:\/\/api.w.org\/{rel}","templated":true}]}}