{"id":2101,"date":"2023-09-13T22:44:00","date_gmt":"2023-09-13T20:44:00","guid":{"rendered":"https:\/\/brunel.tech\/?page_id=2101"},"modified":"2023-09-14T09:36:03","modified_gmt":"2023-09-14T07:36:03","slug":"scrollbar-vba-ppt","status":"publish","type":"page","link":"https:\/\/brunel.tech\/index.php\/scrollbar-vba-ppt\/","title":{"rendered":"ScrollBar VBA PPT"},"content":{"rendered":"\n<p>Cette Macro permet d&rsquo;acc\u00e9der \u00e0 des diapositives diff\u00e9rentes en fonction de la position de la barre dans le scroll.<\/p>\n\n\n\n<p>Il faut cr\u00e9er 4 diapos. La premi\u00e8re contient le scroll et les 3 autres, le r\u00e9sultat que l&rsquo;on souhaite voir appara\u00eetre en fonction de la position du curseur.<\/p>\n\n\n\n<div class=\"wp-block-columns is-layout-flex wp-container-core-columns-is-layout-28f84493 wp-block-columns-is-layout-flex\">\n<div class=\"wp-block-column is-layout-flow wp-block-column-is-layout-flow\">\n<figure class=\"wp-block-image size-full is-resized\"><img loading=\"lazy\" decoding=\"async\" src=\"https:\/\/brunel.tech\/wp-content\/uploads\/2023\/09\/Capture-decran-2023-09-13-215200.png\" alt=\"\" class=\"wp-image-2102\" style=\"width:457px;height:484px\" width=\"457\" height=\"484\"\/><\/figure>\n<\/div>\n\n\n\n<div class=\"wp-block-column is-layout-flow wp-block-column-is-layout-flow\">\n<figure class=\"wp-block-image size-full is-resized\"><img loading=\"lazy\" decoding=\"async\" src=\"https:\/\/brunel.tech\/wp-content\/uploads\/2023\/09\/Capture-decran-2023-09-14-a-09.21.52.png\" alt=\"\" class=\"wp-image-2107\" style=\"width:463px;height:231px\" width=\"463\" height=\"231\"\/><\/figure>\n\n\n\n<h5 class=\"wp-block-heading\"><a href=\"https:\/\/brunel.tech\/wp-content\/uploads\/2023\/09\/essaitemp.pptm\">Le fichier &#8230; PPTM ne fonctionne que sous Windows. <\/a><\/h5>\n<\/div>\n<\/div>\n","protected":false},"excerpt":{"rendered":"<p>Cette Macro permet d&rsquo;acc\u00e9der \u00e0 des diapositives diff\u00e9rentes en fonction de la position de la barre dans le scroll. Il faut cr\u00e9er 4 diapos. La premi\u00e8re contient le scroll et les 3 autres, le r\u00e9sultat que l&rsquo;on souhaite voir appara\u00eetre en fonction de la position du curseur. Le fichier &#8230; PPTM ne fonctionne que sous [&hellip;]<\/p>\n","protected":false},"author":1,"featured_media":0,"parent":0,"menu_order":0,"comment_status":"closed","ping_status":"closed","template":"","meta":{"site-sidebar-layout":"default","site-content-layout":"","ast-site-content-layout":"default","site-content-style":"default","site-sidebar-style":"default","ast-global-header-display":"","ast-banner-title-visibility":"","ast-main-header-display":"","ast-hfb-above-header-display":"","ast-hfb-below-header-display":"","ast-hfb-mobile-header-display":"","site-post-title":"","ast-breadcrumbs-content":"","ast-featured-img":"","footer-sml-layout":"","ast-disable-related-posts":"","theme-transparent-header-meta":"","adv-header-id-meta":"","stick-header-meta":"","header-above-stick-meta":"","header-main-stick-meta":"","header-below-stick-meta":"","astra-migrate-meta-layouts":"set","ast-page-background-enabled":"default","ast-page-background-meta":{"desktop":{"background-color":"","background-image":"","background-repeat":"repeat","background-position":"center center","background-size":"auto","background-attachment":"scroll","background-type":"","background-media":"","overlay-type":"","overlay-color":"","overlay-opacity":"","overlay-gradient":""},"tablet":{"background-color":"","background-image":"","background-repeat":"repeat","background-position":"center center","background-size":"auto","background-attachment":"scroll","background-type":"","background-media":"","overlay-type":"","overlay-color":"","overlay-opacity":"","overlay-gradient":""},"mobile":{"background-color":"","background-image":"","background-repeat":"repeat","background-position":"center center","background-size":"auto","background-attachment":"scroll","background-type":"","background-media":"","overlay-type":"","overlay-color":"","overlay-opacity":"","overlay-gradient":""}},"ast-content-background-meta":{"desktop":{"background-color":"var(--ast-global-color-5)","background-image":"","background-repeat":"repeat","background-position":"center center","background-size":"auto","background-attachment":"scroll","background-type":"","background-media":"","overlay-type":"","overlay-color":"","overlay-opacity":"","overlay-gradient":""},"tablet":{"background-color":"var(--ast-global-color-5)","background-image":"","background-repeat":"repeat","background-position":"center center","background-size":"auto","background-attachment":"scroll","background-type":"","background-media":"","overlay-type":"","overlay-color":"","overlay-opacity":"","overlay-gradient":""},"mobile":{"background-color":"var(--ast-global-color-5)","background-image":"","background-repeat":"repeat","background-position":"center center","background-size":"auto","background-attachment":"scroll","background-type":"","background-media":"","overlay-type":"","overlay-color":"","overlay-opacity":"","overlay-gradient":""}},"footnotes":""},"class_list":["post-2101","page","type-page","status-publish","hentry"],"_links":{"self":[{"href":"https:\/\/brunel.tech\/index.php\/wp-json\/wp\/v2\/pages\/2101","targetHints":{"allow":["GET"]}}],"collection":[{"href":"https:\/\/brunel.tech\/index.php\/wp-json\/wp\/v2\/pages"}],"about":[{"href":"https:\/\/brunel.tech\/index.php\/wp-json\/wp\/v2\/types\/page"}],"author":[{"embeddable":true,"href":"https:\/\/brunel.tech\/index.php\/wp-json\/wp\/v2\/users\/1"}],"replies":[{"embeddable":true,"href":"https:\/\/brunel.tech\/index.php\/wp-json\/wp\/v2\/comments?post=2101"}],"version-history":[{"count":4,"href":"https:\/\/brunel.tech\/index.php\/wp-json\/wp\/v2\/pages\/2101\/revisions"}],"predecessor-version":[{"id":2112,"href":"https:\/\/brunel.tech\/index.php\/wp-json\/wp\/v2\/pages\/2101\/revisions\/2112"}],"wp:attachment":[{"href":"https:\/\/brunel.tech\/index.php\/wp-json\/wp\/v2\/media?parent=2101"}],"curies":[{"name":"wp","href":"https:\/\/api.w.org\/{rel}","templated":true}]}}