{"id":2316,"date":"2024-04-14T11:56:37","date_gmt":"2024-04-14T09:56:37","guid":{"rendered":"https:\/\/brunel.tech\/?page_id=2316"},"modified":"2026-03-03T14:44:55","modified_gmt":"2026-03-03T13:44:55","slug":"les-conferences-publiques-que-je-donne","status":"publish","type":"page","link":"https:\/\/brunel.tech\/index.php\/les-conferences-publiques-que-je-donne\/","title":{"rendered":"Les conf\u00e9rences publiques que je donne &#8230;"},"content":{"rendered":"\n<h2 class=\"wp-block-heading has-vivid-red-color has-text-color has-link-color wp-elements-f7ef4c789df6780703dbe288985ef5aa\"><strong>Conf\u00e9rences li\u00e9es \u00e0 mon m\u00e9tier de chercheur<\/strong><\/h2>\n\n\n\n<div class=\"wp-block-media-text is-stacked-on-mobile\" style=\"grid-template-columns:35% auto\"><figure class=\"wp-block-media-text__media\"><img loading=\"lazy\" decoding=\"async\" width=\"738\" height=\"574\" src=\"https:\/\/brunel.tech\/wp-content\/uploads\/2025\/11\/Capture-decran-2025-11-27-a-16.04.25.png\" alt=\"\" class=\"wp-image-2804 size-full\"\/><\/figure><div class=\"wp-block-media-text__content\">\n<h3 class=\"wp-block-heading has-text-align-left\">Apprendre en immersion \/ R\u00e9alit\u00e9 Augment\u00e9e &#8211; R\u00e9alit\u00e9 virtuelle<\/h3>\n<\/div><\/div>\n\n\n\n<hr class=\"wp-block-separator has-alpha-channel-opacity\"\/>\n\n\n\n<div class=\"wp-block-media-text is-stacked-on-mobile\" style=\"grid-template-columns:33% auto\"><figure class=\"wp-block-media-text__media\"><img loading=\"lazy\" decoding=\"async\" width=\"799\" height=\"602\" src=\"https:\/\/brunel.tech\/wp-content\/uploads\/2025\/11\/Capture-decran-2025-11-27-a-16.02.56.png\" alt=\"\" class=\"wp-image-2803 size-full\"\/><\/figure><div class=\"wp-block-media-text__content\">\n<h3 class=\"wp-block-heading has-text-align-left\">Vous avez dit Robotique ? O\u00f9 en sommes-nous ?<\/h3>\n<\/div><\/div>\n\n\n\n<hr class=\"wp-block-separator has-alpha-channel-opacity\"\/>\n\n\n\n<div class=\"wp-block-media-text is-stacked-on-mobile\" style=\"grid-template-columns:33% auto\"><figure class=\"wp-block-media-text__media\"><img loading=\"lazy\" decoding=\"async\" width=\"846\" height=\"490\" src=\"https:\/\/brunel.tech\/wp-content\/uploads\/2025\/11\/Capture-decran-2025-11-27-a-16.00.44.png\" alt=\"\" class=\"wp-image-2802 size-full\"\/><\/figure><div class=\"wp-block-media-text__content\">\n<h3 class=\"wp-block-heading has-text-align-left\">Intelligence Artificielle : entre r\u00e9alit\u00e9 et fantasmes. Conf\u00e9rence de vulgarisation sur les principes de base.\/<\/h3>\n<\/div><\/div>\n\n\n\n<hr class=\"wp-block-separator has-alpha-channel-opacity\"\/>\n\n\n\n<div class=\"wp-block-media-text is-stacked-on-mobile\" style=\"grid-template-columns:33% auto\"><figure class=\"wp-block-media-text__media\"><img loading=\"lazy\" decoding=\"async\" width=\"827\" height=\"536\" src=\"https:\/\/brunel.tech\/wp-content\/uploads\/2026\/03\/Capture-decran-2026-03-03-a-14.41.35.png\" alt=\"\" class=\"wp-image-2872 size-full\"\/><\/figure><div class=\"wp-block-media-text__content\">\n<h3 class=\"wp-block-heading\">Guerre Hybride en\/et \u00e9ducation : Questionnement autour des diff\u00e9rentes dimensions de la guerre hybride et ce que l&rsquo;\u00e9ducation peut en faire comme objet d&rsquo;\u00e9ducation.<\/h3>\n<\/div><\/div>\n\n\n\n<hr class=\"wp-block-separator alignfull has-alpha-channel-opacity is-style-wide\"\/>\n\n\n\n<h2 class=\"wp-block-heading has-vivid-red-color has-text-color has-link-color wp-elements-bb77202ad8d07e62ec4deb96b7e46b4b\">Conf\u00e9rences li\u00e9es \u00e0 mes engagements intellectuels<\/h2>\n\n\n\n<div class=\"wp-block-media-text is-stacked-on-mobile\" style=\"grid-template-columns:24% auto\"><figure class=\"wp-block-media-text__media\"><img loading=\"lazy\" decoding=\"async\" width=\"464\" height=\"705\" src=\"https:\/\/brunel.tech\/wp-content\/uploads\/2025\/11\/Capture-decran-2025-11-27-a-15.59.14.png\" alt=\"\" class=\"wp-image-2801 size-full\"\/><\/figure><div class=\"wp-block-media-text__content\">\n<h3 class=\"wp-block-heading has-text-align-center\">On est la\u00efque mais ce n&rsquo;est pas de notre faute &#8230;<\/h3>\n<\/div><\/div>\n\n\n\n<hr class=\"wp-block-separator alignfull has-alpha-channel-opacity is-style-wide\"\/>\n\n\n\n<div class=\"wp-block-media-text is-stacked-on-mobile\" style=\"grid-template-columns:31% auto\"><figure class=\"wp-block-media-text__media\"><img loading=\"lazy\" decoding=\"async\" width=\"1194\" height=\"687\" src=\"https:\/\/brunel.tech\/wp-content\/uploads\/2025\/11\/Capture-decran-2025-11-27-a-15.57.48.png\" alt=\"\" class=\"wp-image-2800 size-full\"\/><\/figure><div class=\"wp-block-media-text__content\">\n<h3 class=\"wp-block-heading has-text-align-center\">On n&rsquo;a jamais essay\u00e9 &#8230; ou comment arrive le totalitarisme<\/h3>\n<\/div><\/div>\n\n\n\n<hr class=\"wp-block-separator has-alpha-channel-opacity\"\/>\n\n\n\n<div class=\"wp-block-media-text is-stacked-on-mobile\" style=\"grid-template-columns:31% auto\"><figure class=\"wp-block-media-text__media\"><img loading=\"lazy\" decoding=\"async\" width=\"365\" height=\"260\" src=\"https:\/\/brunel.tech\/wp-content\/uploads\/2025\/11\/Capture-decran-2025-11-27-a-16.39.34.png\" alt=\"\" class=\"wp-image-2807 size-full\"\/><\/figure><div class=\"wp-block-media-text__content\">\n<h3 class=\"wp-block-heading has-text-align-center\">Fragments ou la transmission de la m\u00e9moire de la Shoah par la m\u00e9diation d&rsquo;oeuvres d&rsquo;art.<\/h3>\n<\/div><\/div>\n\n\n\n<hr class=\"wp-block-separator has-alpha-channel-opacity\"\/>\n\n\n\n<div class=\"wp-block-media-text is-stacked-on-mobile\" style=\"grid-template-columns:31% auto\"><figure class=\"wp-block-media-text__media\"><img loading=\"lazy\" decoding=\"async\" width=\"620\" height=\"460\" src=\"https:\/\/brunel.tech\/wp-content\/uploads\/2025\/11\/Capture-decran-2025-11-27-a-16.44.10.png\" alt=\"\" class=\"wp-image-2808 size-full\"\/><\/figure><div class=\"wp-block-media-text__content\">\n<h3 class=\"wp-block-heading has-text-align-center\">La science et la technique dans la Shoah.<\/h3>\n<\/div><\/div>\n","protected":false},"excerpt":{"rendered":"<p>Conf\u00e9rences li\u00e9es \u00e0 mon m\u00e9tier de chercheur Apprendre en immersion \/ R\u00e9alit\u00e9 Augment\u00e9e &#8211; R\u00e9alit\u00e9 virtuelle Vous avez dit Robotique ? O\u00f9 en sommes-nous ? Intelligence Artificielle : entre r\u00e9alit\u00e9 et fantasmes. Conf\u00e9rence de vulgarisation sur les principes de base.\/ Guerre Hybride en\/et \u00e9ducation : Questionnement autour des diff\u00e9rentes dimensions de la guerre hybride et [&hellip;]<\/p>\n","protected":false},"author":1,"featured_media":0,"parent":0,"menu_order":0,"comment_status":"closed","ping_status":"closed","template":"","meta":{"site-sidebar-layout":"default","site-content-layout":"","ast-site-content-layout":"default","site-content-style":"default","site-sidebar-style":"default","ast-global-header-display":"","ast-banner-title-visibility":"","ast-main-header-display":"","ast-hfb-above-header-display":"","ast-hfb-below-header-display":"","ast-hfb-mobile-header-display":"","site-post-title":"disabled","ast-breadcrumbs-content":"","ast-featured-img":"","footer-sml-layout":"","ast-disable-related-posts":"","theme-transparent-header-meta":"","adv-header-id-meta":"","stick-header-meta":"","header-above-stick-meta":"","header-main-stick-meta":"","header-below-stick-meta":"","astra-migrate-meta-layouts":"set","ast-page-background-enabled":"default","ast-page-background-meta":{"desktop":{"background-color":"","background-image":"","background-repeat":"repeat","background-position":"center center","background-size":"auto","background-attachment":"scroll","background-type":"","background-media":"","overlay-type":"","overlay-color":"","overlay-opacity":"","overlay-gradient":""},"tablet":{"background-color":"","background-image":"","background-repeat":"repeat","background-position":"center center","background-size":"auto","background-attachment":"scroll","background-type":"","background-media":"","overlay-type":"","overlay-color":"","overlay-opacity":"","overlay-gradient":""},"mobile":{"background-color":"","background-image":"","background-repeat":"repeat","background-position":"center center","background-size":"auto","background-attachment":"scroll","background-type":"","background-media":"","overlay-type":"","overlay-color":"","overlay-opacity":"","overlay-gradient":""}},"ast-content-background-meta":{"desktop":{"background-color":"var(--ast-global-color-5)","background-image":"","background-repeat":"repeat","background-position":"center center","background-size":"auto","background-attachment":"scroll","background-type":"","background-media":"","overlay-type":"","overlay-color":"","overlay-opacity":"","overlay-gradient":""},"tablet":{"background-color":"var(--ast-global-color-5)","background-image":"","background-repeat":"repeat","background-position":"center center","background-size":"auto","background-attachment":"scroll","background-type":"","background-media":"","overlay-type":"","overlay-color":"","overlay-opacity":"","overlay-gradient":""},"mobile":{"background-color":"var(--ast-global-color-5)","background-image":"","background-repeat":"repeat","background-position":"center center","background-size":"auto","background-attachment":"scroll","background-type":"","background-media":"","overlay-type":"","overlay-color":"","overlay-opacity":"","overlay-gradient":""}},"footnotes":""},"class_list":["post-2316","page","type-page","status-publish","hentry"],"_links":{"self":[{"href":"https:\/\/brunel.tech\/index.php\/wp-json\/wp\/v2\/pages\/2316","targetHints":{"allow":["GET"]}}],"collection":[{"href":"https:\/\/brunel.tech\/index.php\/wp-json\/wp\/v2\/pages"}],"about":[{"href":"https:\/\/brunel.tech\/index.php\/wp-json\/wp\/v2\/types\/page"}],"author":[{"embeddable":true,"href":"https:\/\/brunel.tech\/index.php\/wp-json\/wp\/v2\/users\/1"}],"replies":[{"embeddable":true,"href":"https:\/\/brunel.tech\/index.php\/wp-json\/wp\/v2\/comments?post=2316"}],"version-history":[{"count":9,"href":"https:\/\/brunel.tech\/index.php\/wp-json\/wp\/v2\/pages\/2316\/revisions"}],"predecessor-version":[{"id":2874,"href":"https:\/\/brunel.tech\/index.php\/wp-json\/wp\/v2\/pages\/2316\/revisions\/2874"}],"wp:attachment":[{"href":"https:\/\/brunel.tech\/index.php\/wp-json\/wp\/v2\/media?parent=2316"}],"curies":[{"name":"wp","href":"https:\/\/api.w.org\/{rel}","templated":true}]}}