{"id":2487,"date":"2024-10-21T10:40:06","date_gmt":"2024-10-21T08:40:06","guid":{"rendered":"https:\/\/brunel.tech\/?page_id=2487"},"modified":"2025-04-29T17:18:01","modified_gmt":"2025-04-29T15:18:01","slug":"les-contributions-crer-r16","status":"publish","type":"page","link":"https:\/\/brunel.tech\/index.php\/les-contributions-crer-r16\/","title":{"rendered":"CRER Les contributions"},"content":{"rendered":"\n<h3 class=\"wp-block-heading\">Le temps \u00e0 l&rsquo;\u00e9cole le 7\/04\/2025<\/h3>\n\n\n\n<div data-wp-interactive=\"core\/file\" class=\"wp-block-file\"><object data-wp-bind--hidden=\"!state.hasPdfPreview\" hidden class=\"wp-block-file__embed\" data=\"https:\/\/brunel.tech\/wp-content\/uploads\/2025\/04\/Le-temps-a-lecole.pdf\" type=\"application\/pdf\" style=\"width:100%;height:600px\" aria-label=\"Contenu embarqu\u00e9 Le temps a\u0300 l&apos;e\u0301cole.\"><\/object><a id=\"wp-block-file--media-ca726740-8bca-4695-906f-4c8c6e34e7a1\" href=\"https:\/\/brunel.tech\/wp-content\/uploads\/2025\/04\/Le-temps-a-lecole.pdf\">Le temps a\u0300 l&rsquo;e\u0301cole<\/a><a href=\"https:\/\/brunel.tech\/wp-content\/uploads\/2025\/04\/Le-temps-a-lecole.pdf\" class=\"wp-block-file__button wp-element-button\" download aria-describedby=\"wp-block-file--media-ca726740-8bca-4695-906f-4c8c6e34e7a1\">T\u00e9l\u00e9charger<\/a><\/div>\n\n\n\n<h3 class=\"wp-block-heading\">Ecole Priv\u00e9e &#8211; Ecole publique le mardi 18\/02\/2025<\/h3>\n\n\n\n<div data-wp-interactive=\"core\/file\" class=\"wp-block-file\"><object data-wp-bind--hidden=\"!state.hasPdfPreview\" hidden class=\"wp-block-file__embed\" data=\"https:\/\/brunel.tech\/wp-content\/uploads\/2025\/02\/ECOLE-PRIVEE.pdf\" type=\"application\/pdf\" style=\"width:100%;height:600px\" aria-label=\"Contenu embarqu\u00e9 ECOLE PRIVEE.\"><\/object><a id=\"wp-block-file--media-17ef8b92-06b7-4d07-a175-7f850d78c76f\" href=\"https:\/\/brunel.tech\/wp-content\/uploads\/2025\/02\/ECOLE-PRIVEE.pdf\">ECOLE PRIVEE<\/a><a href=\"https:\/\/brunel.tech\/wp-content\/uploads\/2025\/02\/ECOLE-PRIVEE.pdf\" class=\"wp-block-file__button wp-element-button\" download aria-describedby=\"wp-block-file--media-17ef8b92-06b7-4d07-a175-7f850d78c76f\">T\u00e9l\u00e9charger<\/a><\/div>\n\n\n\n<h3 class=\"wp-block-heading\">Graphiques agr\u00e9mentant la proposition de Philippe Watrelot du 3\/02\/2025<\/h3>\n\n\n\n<figure class=\"wp-block-table\"><table class=\"has-fixed-layout\"><tbody><tr><td><img decoding=\"async\" src=\"https:\/\/brunel.tech\/wp-content\/uploads\/2025\/02\/Capture-decran-2025-02-03-a-19.15.05.png\" alt=\"\"><\/td><td><img decoding=\"async\" src=\"https:\/\/brunel.tech\/wp-content\/uploads\/2025\/02\/Capture-decran-2025-02-03-a-19.18.09.png\" alt=\"\"><\/td><\/tr><tr><td><img decoding=\"async\" src=\"https:\/\/brunel.tech\/wp-content\/uploads\/2025\/02\/Capture-decran-2025-02-03-a-19.21.49.png\" alt=\"\"><\/td><td><img decoding=\"async\" src=\"https:\/\/brunel.tech\/wp-content\/uploads\/2025\/02\/Capture-decran-2025-02-03-a-19.23.37.png\" alt=\"\"><\/td><\/tr><tr><td><img decoding=\"async\" src=\"https:\/\/brunel.tech\/wp-content\/uploads\/2025\/02\/Capture-decran-2025-02-03-a-19.37.54.png\" alt=\"\"><\/td><td><\/td><\/tr><\/tbody><\/table><\/figure>\n\n\n\n<hr class=\"wp-block-separator alignfull has-alpha-channel-opacity\"\/>\n\n\n\n<h3 class=\"wp-block-heading\">Les intervenants ext\u00e9rieurs<\/h3>\n\n\n\n<div data-wp-interactive=\"core\/file\" class=\"wp-block-file\"><object data-wp-bind--hidden=\"!state.hasPdfPreview\" hidden class=\"wp-block-file__embed\" data=\"https:\/\/brunel.tech\/wp-content\/uploads\/2025\/01\/Intervention-de-tiers-a-lecole.pdf\" type=\"application\/pdf\" style=\"width:100%;height:600px\" aria-label=\"Contenu embarqu\u00e9 Intervention de tiers a\u0300 l&apos;e\u0301cole.\"><\/object><a id=\"wp-block-file--media-d1a09c15-687d-4208-9239-a996d0376f2c\" href=\"https:\/\/brunel.tech\/wp-content\/uploads\/2025\/01\/Intervention-de-tiers-a-lecole.pdf\">Intervention de tiers a\u0300 l&rsquo;e\u0301cole<\/a><a href=\"https:\/\/brunel.tech\/wp-content\/uploads\/2025\/01\/Intervention-de-tiers-a-lecole.pdf\" class=\"wp-block-file__button wp-element-button\" download aria-describedby=\"wp-block-file--media-d1a09c15-687d-4208-9239-a996d0376f2c\">T\u00e9l\u00e9charger<\/a><\/div>\n\n\n\n<hr class=\"wp-block-separator alignfull has-alpha-channel-opacity\"\/>\n\n\n\n<div data-wp-interactive=\"core\/file\" class=\"wp-block-file\"><object data-wp-bind--hidden=\"!state.hasPdfPreview\" hidden class=\"wp-block-file__embed\" data=\"https:\/\/brunel.tech\/wp-content\/uploads\/2024\/11\/Les-mots-des-maux-de-lecole.pdf\" type=\"application\/pdf\" style=\"width:100%;height:600px\" aria-label=\"Contenu embarqu\u00e9 Les mots des maux de l&apos;e\u0301cole.\"><\/object><a id=\"wp-block-file--media-9b935d97-b6a6-4167-9e83-c615a105648a\" href=\"https:\/\/brunel.tech\/wp-content\/uploads\/2024\/11\/Les-mots-des-maux-de-lecole.pdf\">Les mots des maux de l&rsquo;e\u0301cole<\/a><a href=\"https:\/\/brunel.tech\/wp-content\/uploads\/2024\/11\/Les-mots-des-maux-de-lecole.pdf\" class=\"wp-block-file__button wp-element-button\" download aria-describedby=\"wp-block-file--media-9b935d97-b6a6-4167-9e83-c615a105648a\">T\u00e9l\u00e9charger<\/a><\/div>\n\n\n\n<hr class=\"wp-block-separator alignfull has-alpha-channel-opacity\"\/>\n\n\n\n<h3 class=\"wp-block-heading\">Les objectifs de l&rsquo;\u00e9cole<\/h3>\n\n\n\n<div data-wp-interactive=\"core\/file\" class=\"wp-block-file\"><object data-wp-bind--hidden=\"!state.hasPdfPreview\" hidden class=\"wp-block-file__embed\" data=\"https:\/\/brunel.tech\/wp-content\/uploads\/2024\/11\/Contribution-Laurent-Nov-2024.pdf\" type=\"application\/pdf\" style=\"width:100%;height:600px\" aria-label=\"Contenu embarqu\u00e9 Contribution Laurent Nov 2024.\"><\/object><a id=\"wp-block-file--media-2d4e388f-5696-44be-b406-cc66ac322205\" href=\"https:\/\/brunel.tech\/wp-content\/uploads\/2024\/11\/Contribution-Laurent-Nov-2024.pdf\">Contribution Laurent Nov 2024<\/a><a href=\"https:\/\/brunel.tech\/wp-content\/uploads\/2024\/11\/Contribution-Laurent-Nov-2024.pdf\" class=\"wp-block-file__button wp-element-button\" download aria-describedby=\"wp-block-file--media-2d4e388f-5696-44be-b406-cc66ac322205\">T\u00e9l\u00e9charger<\/a><\/div>\n\n\n\n<hr class=\"wp-block-separator alignfull has-alpha-channel-opacity\"\/>\n\n\n\n<h3 class=\"wp-block-heading\">Mixit\u00e9 sociale mixit\u00e9 scolaire<\/h3>\n\n\n\n<div data-wp-interactive=\"core\/file\" class=\"wp-block-file\"><object data-wp-bind--hidden=\"!state.hasPdfPreview\" hidden class=\"wp-block-file__embed\" data=\"https:\/\/brunel.tech\/wp-content\/uploads\/2024\/11\/CRER-reproduction-sociale-ecole.pdf\" type=\"application\/pdf\" style=\"width:100%;height:600px\" aria-label=\"Contenu embarqu\u00e9 CRER - reproduction sociale e\u0301cole.\"><\/object><a id=\"wp-block-file--media-265147c4-194c-4809-b756-72b50a837b4c\" href=\"https:\/\/brunel.tech\/wp-content\/uploads\/2024\/11\/CRER-reproduction-sociale-ecole.pdf\">CRER &#8211; reproduction sociale e\u0301cole<\/a><a href=\"https:\/\/brunel.tech\/wp-content\/uploads\/2024\/11\/CRER-reproduction-sociale-ecole.pdf\" class=\"wp-block-file__button wp-element-button\" download aria-describedby=\"wp-block-file--media-265147c4-194c-4809-b756-72b50a837b4c\">T\u00e9l\u00e9charger<\/a><\/div>\n\n\n\n<hr class=\"wp-block-separator alignfull has-alpha-channel-opacity\"\/>\n\n\n\n<h3 class=\"wp-block-heading\">Constats<\/h3>\n\n\n\n<div data-wp-interactive=\"core\/file\" class=\"wp-block-file\"><object data-wp-bind--hidden=\"!state.hasPdfPreview\" hidden class=\"wp-block-file__embed\" data=\"https:\/\/brunel.tech\/wp-content\/uploads\/2024\/10\/Contribution-1-Dupuy.pdf\" type=\"application\/pdf\" style=\"width:100%;height:600px\" aria-label=\"Contenu embarqu\u00e9 Contribution 1 Dupuy.\"><\/object><a id=\"wp-block-file--media-99b18ddd-353b-4ca5-ab92-dc5ba8b8023e\" href=\"https:\/\/brunel.tech\/wp-content\/uploads\/2024\/10\/Contribution-1-Dupuy.pdf\">Contribution 1 Dupuy<\/a><a href=\"https:\/\/brunel.tech\/wp-content\/uploads\/2024\/10\/Contribution-1-Dupuy.pdf\" class=\"wp-block-file__button wp-element-button\" download aria-describedby=\"wp-block-file--media-99b18ddd-353b-4ca5-ab92-dc5ba8b8023e\">T\u00e9l\u00e9charger<\/a><\/div>\n\n\n\n<hr class=\"wp-block-separator alignfull has-alpha-channel-opacity\"\/>\n\n\n\n<h3 class=\"wp-block-heading\">Vers une \u00e9cole nouvelle<\/h3>\n\n\n\n<div data-wp-interactive=\"core\/file\" class=\"wp-block-file\"><object data-wp-bind--hidden=\"!state.hasPdfPreview\" hidden class=\"wp-block-file__embed\" data=\"https:\/\/brunel.tech\/wp-content\/uploads\/2024\/10\/Vers-une-ecole-nouvelle-Helios.pdf\" type=\"application\/pdf\" style=\"width:100%;height:600px\" aria-label=\"Contenu embarqu\u00e9 Vers une e\u0301cole nouvelle Helios.\"><\/object><a id=\"wp-block-file--media-49f75df0-06a3-4bb8-a80f-46285ed3e788\" href=\"https:\/\/brunel.tech\/wp-content\/uploads\/2024\/10\/Vers-une-ecole-nouvelle-Helios.pdf\">Vers une e\u0301cole nouvelle Helios<\/a><a href=\"https:\/\/brunel.tech\/wp-content\/uploads\/2024\/10\/Vers-une-ecole-nouvelle-Helios.pdf\" class=\"wp-block-file__button wp-element-button\" download aria-describedby=\"wp-block-file--media-49f75df0-06a3-4bb8-a80f-46285ed3e788\">T\u00e9l\u00e9charger<\/a><\/div>\n","protected":false},"excerpt":{"rendered":"<p>Le temps \u00e0 l&rsquo;\u00e9cole le 7\/04\/2025 Ecole Priv\u00e9e &#8211; Ecole publique le mardi 18\/02\/2025 Graphiques agr\u00e9mentant la proposition de Philippe Watrelot du 3\/02\/2025 Les intervenants ext\u00e9rieurs Les objectifs de l&rsquo;\u00e9cole Mixit\u00e9 sociale mixit\u00e9 scolaire Constats Vers une \u00e9cole nouvelle<\/p>\n","protected":false},"author":1,"featured_media":0,"parent":0,"menu_order":0,"comment_status":"closed","ping_status":"closed","template":"","meta":{"site-sidebar-layout":"default","site-content-layout":"","ast-site-content-layout":"default","site-content-style":"default","site-sidebar-style":"default","ast-global-header-display":"","ast-banner-title-visibility":"","ast-main-header-display":"","ast-hfb-above-header-display":"","ast-hfb-below-header-display":"","ast-hfb-mobile-header-display":"","site-post-title":"disabled","ast-breadcrumbs-content":"","ast-featured-img":"","footer-sml-layout":"","ast-disable-related-posts":"","theme-transparent-header-meta":"","adv-header-id-meta":"","stick-header-meta":"","header-above-stick-meta":"","header-main-stick-meta":"","header-below-stick-meta":"","astra-migrate-meta-layouts":"set","ast-page-background-enabled":"default","ast-page-background-meta":{"desktop":{"background-color":"","background-image":"","background-repeat":"repeat","background-position":"center center","background-size":"auto","background-attachment":"scroll","background-type":"","background-media":"","overlay-type":"","overlay-color":"","overlay-opacity":"","overlay-gradient":""},"tablet":{"background-color":"","background-image":"","background-repeat":"repeat","background-position":"center center","background-size":"auto","background-attachment":"scroll","background-type":"","background-media":"","overlay-type":"","overlay-color":"","overlay-opacity":"","overlay-gradient":""},"mobile":{"background-color":"","background-image":"","background-repeat":"repeat","background-position":"center center","background-size":"auto","background-attachment":"scroll","background-type":"","background-media":"","overlay-type":"","overlay-color":"","overlay-opacity":"","overlay-gradient":""}},"ast-content-background-meta":{"desktop":{"background-color":"var(--ast-global-color-5)","background-image":"","background-repeat":"repeat","background-position":"center center","background-size":"auto","background-attachment":"scroll","background-type":"","background-media":"","overlay-type":"","overlay-color":"","overlay-opacity":"","overlay-gradient":""},"tablet":{"background-color":"var(--ast-global-color-5)","background-image":"","background-repeat":"repeat","background-position":"center center","background-size":"auto","background-attachment":"scroll","background-type":"","background-media":"","overlay-type":"","overlay-color":"","overlay-opacity":"","overlay-gradient":""},"mobile":{"background-color":"var(--ast-global-color-5)","background-image":"","background-repeat":"repeat","background-position":"center center","background-size":"auto","background-attachment":"scroll","background-type":"","background-media":"","overlay-type":"","overlay-color":"","overlay-opacity":"","overlay-gradient":""}},"footnotes":""},"class_list":["post-2487","page","type-page","status-publish","hentry"],"_links":{"self":[{"href":"https:\/\/brunel.tech\/index.php\/wp-json\/wp\/v2\/pages\/2487","targetHints":{"allow":["GET"]}}],"collection":[{"href":"https:\/\/brunel.tech\/index.php\/wp-json\/wp\/v2\/pages"}],"about":[{"href":"https:\/\/brunel.tech\/index.php\/wp-json\/wp\/v2\/types\/page"}],"author":[{"embeddable":true,"href":"https:\/\/brunel.tech\/index.php\/wp-json\/wp\/v2\/users\/1"}],"replies":[{"embeddable":true,"href":"https:\/\/brunel.tech\/index.php\/wp-json\/wp\/v2\/comments?post=2487"}],"version-history":[{"count":11,"href":"https:\/\/brunel.tech\/index.php\/wp-json\/wp\/v2\/pages\/2487\/revisions"}],"predecessor-version":[{"id":2683,"href":"https:\/\/brunel.tech\/index.php\/wp-json\/wp\/v2\/pages\/2487\/revisions\/2683"}],"wp:attachment":[{"href":"https:\/\/brunel.tech\/index.php\/wp-json\/wp\/v2\/media?parent=2487"}],"curies":[{"name":"wp","href":"https:\/\/api.w.org\/{rel}","templated":true}]}}