{"id":406,"date":"2020-06-24T09:51:16","date_gmt":"2020-06-24T07:51:16","guid":{"rendered":"http:\/\/brunel.tech\/?page_id=406"},"modified":"2026-01-07T11:58:40","modified_gmt":"2026-01-07T10:58:40","slug":"arts","status":"publish","type":"page","link":"https:\/\/brunel.tech\/index.php\/arts\/","title":{"rendered":"Arts"},"content":{"rendered":"\n<figure class=\"wp-block-table\"><table class=\"has-fixed-layout\"><thead><tr><th class=\"has-text-align-center\" data-align=\"center\">La Ligne Claire &#8230;<\/th><th class=\"has-text-align-center\" data-align=\"center\">Z\u00e9brom\u00e9trie<\/th><th class=\"has-text-align-center\" data-align=\"center\">Fragments ou la transmission de la M\u00e9moire de la Shoah &#8230;<\/th><\/tr><\/thead><tbody><tr><td class=\"has-text-align-center\" data-align=\"center\"><img decoding=\"async\" src=\"https:\/\/brunel.tech\/wp-content\/uploads\/2024\/07\/LC-24.png\" alt=\"\"><br><strong>Cliquez <a href=\"https:\/\/brunel.tech\/wp-content\/uploads\/2026\/01\/La-Ligne-Claire-1.pdf\" target=\"_blank\" rel=\"noreferrer noopener\">ici<\/a> pour Ouvrir<\/strong><\/td><td class=\"has-text-align-center\" data-align=\"center\"><img decoding=\"async\" src=\"https:\/\/brunel.tech\/wp-content\/uploads\/2020\/06\/Eta.jpg\" alt=\"\">Collection Priv\u00e9e<\/td><td class=\"has-text-align-center\" data-align=\"center\"><img decoding=\"async\" src=\"https:\/\/brunel.tech\/wp-content\/uploads\/2025\/11\/Capture-decran-2025-11-27-a-16.39.34.png\" alt=\"\"><\/td><\/tr><tr><td class=\"has-text-align-center\" data-align=\"center\">Tout Droits r\u00e9serv\u00e9s &#8230;<\/td><td class=\"has-text-align-center\" data-align=\"center\">Tout Droits r\u00e9serv\u00e9s &#8230;<\/td><td class=\"has-text-align-center\" data-align=\"center\">Acc\u00e9der au site <a href=\"http:\/\/www.fragments.asso.fr\/blog\/fragments\/\" target=\"_blank\" rel=\"noreferrer noopener\">Ici<\/a> (Tout Droits r\u00e9serv\u00e9s &#8230;)<\/td><\/tr><\/tbody><\/table><\/figure>\n\n\n\n<p><\/p>\n","protected":false},"excerpt":{"rendered":"<p>La Ligne Claire &#8230; Z\u00e9brom\u00e9trie Fragments ou la transmission de la M\u00e9moire de la Shoah &#8230; Cliquez ici pour Ouvrir Collection Priv\u00e9e Tout Droits r\u00e9serv\u00e9s &#8230; Tout Droits r\u00e9serv\u00e9s &#8230; Acc\u00e9der au site Ici (Tout Droits r\u00e9serv\u00e9s &#8230;)<\/p>\n","protected":false},"author":1,"featured_media":0,"parent":0,"menu_order":0,"comment_status":"closed","ping_status":"closed","template":"","meta":{"site-sidebar-layout":"default","site-content-layout":"default","ast-site-content-layout":"default","site-content-style":"default","site-sidebar-style":"default","ast-global-header-display":"","ast-banner-title-visibility":"","ast-main-header-display":"","ast-hfb-above-header-display":"","ast-hfb-below-header-display":"","ast-hfb-mobile-header-display":"","site-post-title":"","ast-breadcrumbs-content":"","ast-featured-img":"","footer-sml-layout":"","ast-disable-related-posts":"","theme-transparent-header-meta":"default","adv-header-id-meta":"","stick-header-meta":"","header-above-stick-meta":"","header-main-stick-meta":"","header-below-stick-meta":"","astra-migrate-meta-layouts":"set","ast-page-background-enabled":"default","ast-page-background-meta":{"desktop":{"background-color":"","background-image":"","background-repeat":"repeat","background-position":"center center","background-size":"auto","background-attachment":"scroll","background-type":"","background-media":"","overlay-type":"","overlay-color":"","overlay-opacity":"","overlay-gradient":""},"tablet":{"background-color":"","background-image":"","background-repeat":"repeat","background-position":"center center","background-size":"auto","background-attachment":"scroll","background-type":"","background-media":"","overlay-type":"","overlay-color":"","overlay-opacity":"","overlay-gradient":""},"mobile":{"background-color":"","background-image":"","background-repeat":"repeat","background-position":"center center","background-size":"auto","background-attachment":"scroll","background-type":"","background-media":"","overlay-type":"","overlay-color":"","overlay-opacity":"","overlay-gradient":""}},"ast-content-background-meta":{"desktop":{"background-color":"var(--ast-global-color-5)","background-image":"","background-repeat":"repeat","background-position":"center center","background-size":"auto","background-attachment":"scroll","background-type":"","background-media":"","overlay-type":"","overlay-color":"","overlay-opacity":"","overlay-gradient":""},"tablet":{"background-color":"var(--ast-global-color-5)","background-image":"","background-repeat":"repeat","background-position":"center center","background-size":"auto","background-attachment":"scroll","background-type":"","background-media":"","overlay-type":"","overlay-color":"","overlay-opacity":"","overlay-gradient":""},"mobile":{"background-color":"var(--ast-global-color-5)","background-image":"","background-repeat":"repeat","background-position":"center center","background-size":"auto","background-attachment":"scroll","background-type":"","background-media":"","overlay-type":"","overlay-color":"","overlay-opacity":"","overlay-gradient":""}},"footnotes":""},"class_list":["post-406","page","type-page","status-publish","hentry"],"_links":{"self":[{"href":"https:\/\/brunel.tech\/index.php\/wp-json\/wp\/v2\/pages\/406","targetHints":{"allow":["GET"]}}],"collection":[{"href":"https:\/\/brunel.tech\/index.php\/wp-json\/wp\/v2\/pages"}],"about":[{"href":"https:\/\/brunel.tech\/index.php\/wp-json\/wp\/v2\/types\/page"}],"author":[{"embeddable":true,"href":"https:\/\/brunel.tech\/index.php\/wp-json\/wp\/v2\/users\/1"}],"replies":[{"embeddable":true,"href":"https:\/\/brunel.tech\/index.php\/wp-json\/wp\/v2\/comments?post=406"}],"version-history":[{"count":73,"href":"https:\/\/brunel.tech\/index.php\/wp-json\/wp\/v2\/pages\/406\/revisions"}],"predecessor-version":[{"id":2838,"href":"https:\/\/brunel.tech\/index.php\/wp-json\/wp\/v2\/pages\/406\/revisions\/2838"}],"wp:attachment":[{"href":"https:\/\/brunel.tech\/index.php\/wp-json\/wp\/v2\/media?parent=406"}],"curies":[{"name":"wp","href":"https:\/\/api.w.org\/{rel}","templated":true}]}}