{"id":493,"date":"2020-07-02T14:59:47","date_gmt":"2020-07-02T12:59:47","guid":{"rendered":"http:\/\/brunel.tech\/?page_id=493"},"modified":"2022-12-06T18:21:58","modified_gmt":"2022-12-06T17:21:58","slug":"les-outils-de-lingenieur","status":"publish","type":"page","link":"https:\/\/brunel.tech\/index.php\/les-outils-de-lingenieur\/","title":{"rendered":"Les outils de l&rsquo;ing\u00e9nieur"},"content":{"rendered":"\n<div class=\"wp-block-media-text alignwide is-stacked-on-mobile\" style=\"grid-template-columns:15% auto\"><figure class=\"wp-block-media-text__media\"><img loading=\"lazy\" decoding=\"async\" width=\"126\" height=\"195\" src=\"http:\/\/brunel.tech\/wp-content\/uploads\/2020\/07\/Unites-12.jpg\" alt=\"\" class=\"wp-image-495 size-full\"\/><\/figure><div class=\"wp-block-media-text__content\">\n<p class=\"has-large-font-size\"><a href=\"http:\/\/brunel.tech\/index.php\/systeme-international-unites\/\" target=\"_blank\" rel=\"noreferrer noopener\">Unit\u00e9s<\/a><\/p>\n<\/div><\/div>\n\n\n\n<div class=\"wp-block-media-text alignwide is-stacked-on-mobile\" style=\"grid-template-columns:15% auto\"><figure class=\"wp-block-media-text__media\"><img loading=\"lazy\" decoding=\"async\" width=\"128\" height=\"190\" src=\"http:\/\/brunel.tech\/wp-content\/uploads\/2020\/07\/Mathematique-12.jpg\" alt=\"\" class=\"wp-image-494 size-full\"\/><\/figure><div class=\"wp-block-media-text__content\">\n<p class=\"has-large-font-size\"><a href=\"http:\/\/brunel.tech\/index.php\/mathematiques\/\" target=\"_blank\" rel=\"noreferrer noopener\">Math\u00e9matiques<\/a><\/p>\n<\/div><\/div>\n\n\n\n<div class=\"wp-block-media-text alignwide is-stacked-on-mobile\" style=\"grid-template-columns:20% auto\"><figure class=\"wp-block-media-text__media\"><img loading=\"lazy\" decoding=\"async\" width=\"160\" height=\"120\" src=\"http:\/\/brunel.tech\/wp-content\/uploads\/2020\/07\/Engrenages.jpg\" alt=\"\" class=\"wp-image-497 size-full\"\/><\/figure><div class=\"wp-block-media-text__content\">\n<p class=\"has-large-font-size\">Engrenages<\/p>\n<\/div><\/div>\n\n\n\n<div class=\"wp-block-media-text alignwide is-stacked-on-mobile\" style=\"grid-template-columns:16% auto\"><figure class=\"wp-block-media-text__media\"><img loading=\"lazy\" decoding=\"async\" width=\"128\" height=\"190\" src=\"http:\/\/brunel.tech\/wp-content\/uploads\/2020\/07\/Filetages.jpg\" alt=\"\" class=\"wp-image-496 size-full\"\/><\/figure><div class=\"wp-block-media-text__content\">\n<p class=\"has-large-font-size\">Filetages<\/p>\n<\/div><\/div>\n\n\n\n<div class=\"wp-block-media-text alignwide is-stacked-on-mobile\" style=\"grid-template-columns:15% auto\"><figure class=\"wp-block-media-text__media\"><img loading=\"lazy\" decoding=\"async\" width=\"128\" height=\"190\" src=\"http:\/\/brunel.tech\/wp-content\/uploads\/2020\/07\/electricite-15.jpg\" alt=\"\" class=\"wp-image-498 size-full\"\/><\/figure><div class=\"wp-block-media-text__content\">\n<p class=\"has-large-font-size\"><a href=\"http:\/\/brunel.tech\/index.php\/electricite\/\" target=\"_blank\" rel=\"noreferrer noopener\">Electricit\u00e9<\/a><\/p>\n<\/div><\/div>\n\n\n\n<div class=\"wp-block-media-text alignwide is-stacked-on-mobile\" style=\"grid-template-columns:15% auto\"><figure class=\"wp-block-media-text__media\"><img loading=\"lazy\" decoding=\"async\" width=\"128\" height=\"190\" src=\"http:\/\/brunel.tech\/wp-content\/uploads\/2020\/07\/Mecanique-des-fluides.jpg\" alt=\"\" class=\"wp-image-499 size-full\"\/><\/figure><div class=\"wp-block-media-text__content\">\n<p class=\"has-large-font-size\"><a href=\"http:\/\/brunel.tech\/index.php\/mecanique-des-fluides\/\" target=\"_blank\" rel=\"noreferrer noopener\">M\u00e9canique des Fluides<\/a><\/p>\n<\/div><\/div>\n\n\n\n<div class=\"wp-block-media-text alignwide is-stacked-on-mobile\" style=\"grid-template-columns:15% auto\"><figure class=\"wp-block-media-text__media\"><img loading=\"lazy\" decoding=\"async\" width=\"129\" height=\"190\" src=\"http:\/\/brunel.tech\/wp-content\/uploads\/2020\/07\/Resistance-des-materiaux-14.jpg\" alt=\"\" class=\"wp-image-500 size-full\"\/><\/figure><div class=\"wp-block-media-text__content\">\n<p class=\"has-large-font-size\">R\u00e9sistances des Mat\u00e9riaux<\/p>\n<\/div><\/div>\n\n\n\n<div class=\"wp-block-media-text alignwide is-stacked-on-mobile\" style=\"grid-template-columns:15% auto\"><figure class=\"wp-block-media-text__media\"><img decoding=\"async\" src=\"http:\/\/brunel.tech\/wp-content\/uploads\/2020\/07\/Sciences-des-materiaux-17.jpg\" alt=\"\" class=\"wp-image-501 size-full\"\/><\/figure><div class=\"wp-block-media-text__content\">\n<p class=\"has-large-font-size\"><a href=\"http:\/\/brunel.tech\/index.php\/sciences-des-materiaux\/\">Sciences des Mat\u00e9riaux<\/a><\/p>\n<\/div><\/div>\n\n\n\n<div class=\"wp-block-media-text alignwide is-stacked-on-mobile\" style=\"grid-template-columns:15% auto\"><figure class=\"wp-block-media-text__media\"><img loading=\"lazy\" decoding=\"async\" width=\"128\" height=\"190\" src=\"http:\/\/brunel.tech\/wp-content\/uploads\/2020\/07\/Tolerances-et-Alesages.jpg\" alt=\"\" class=\"wp-image-503 size-full\"\/><\/figure><div class=\"wp-block-media-text__content\">\n<p class=\"has-large-font-size\">Tol\u00e9rances Al\u00e9sages<\/p>\n<\/div><\/div>\n\n\n\n<div class=\"wp-block-media-text alignwide is-stacked-on-mobile\" style=\"grid-template-columns:15% auto\"><figure class=\"wp-block-media-text__media\"><img loading=\"lazy\" decoding=\"async\" width=\"128\" height=\"191\" src=\"http:\/\/brunel.tech\/wp-content\/uploads\/2020\/07\/Traitements-12.jpg\" alt=\"\" class=\"wp-image-504 size-full\"\/><\/figure><div class=\"wp-block-media-text__content\">\n<p class=\"has-large-font-size\">Traitements<\/p>\n<\/div><\/div>\n\n\n\n<div data-wp-interactive=\"core\/file\" class=\"wp-block-file\"><object data-wp-bind--hidden=\"!state.hasPdfPreview\" hidden class=\"wp-block-file__embed\" data=\"https:\/\/brunel.tech\/wp-content\/uploads\/2022\/12\/demo-didactisee-tronc-de-cone.pdf\" type=\"application\/pdf\" style=\"width:100%;height:600px\" aria-label=\"Contenu embarqu\u00e9 demo-didactisee-tronc-de-cone.\"><\/object><a id=\"wp-block-file--media-0eac0cbe-43f9-42b9-9cc3-b6903536e390\" href=\"https:\/\/brunel.tech\/wp-content\/uploads\/2022\/12\/demo-didactisee-tronc-de-cone.pdf\">demo-didactisee-tronc-de-cone<\/a><a href=\"https:\/\/brunel.tech\/wp-content\/uploads\/2022\/12\/demo-didactisee-tronc-de-cone.pdf\" class=\"wp-block-file__button wp-element-button\" download aria-describedby=\"wp-block-file--media-0eac0cbe-43f9-42b9-9cc3-b6903536e390\">T\u00e9l\u00e9charger<\/a><\/div>\n","protected":false},"excerpt":{"rendered":"<p>Unit\u00e9s Math\u00e9matiques Engrenages Filetages Electricit\u00e9 M\u00e9canique des Fluides R\u00e9sistances des Mat\u00e9riaux Sciences des Mat\u00e9riaux Tol\u00e9rances Al\u00e9sages Traitements<\/p>\n","protected":false},"author":1,"featured_media":0,"parent":0,"menu_order":0,"comment_status":"closed","ping_status":"closed","template":"","meta":{"site-sidebar-layout":"default","site-content-layout":"default","ast-site-content-layout":"default","site-content-style":"default","site-sidebar-style":"default","ast-global-header-display":"","ast-banner-title-visibility":"","ast-main-header-display":"","ast-hfb-above-header-display":"","ast-hfb-below-header-display":"","ast-hfb-mobile-header-display":"","site-post-title":"","ast-breadcrumbs-content":"","ast-featured-img":"","footer-sml-layout":"","ast-disable-related-posts":"","theme-transparent-header-meta":"default","adv-header-id-meta":"","stick-header-meta":"","header-above-stick-meta":"","header-main-stick-meta":"","header-below-stick-meta":"","astra-migrate-meta-layouts":"default","ast-page-background-enabled":"default","ast-page-background-meta":{"desktop":{"background-color":"","background-image":"","background-repeat":"repeat","background-position":"center center","background-size":"auto","background-attachment":"scroll","background-type":"","background-media":"","overlay-type":"","overlay-color":"","overlay-opacity":"","overlay-gradient":""},"tablet":{"background-color":"","background-image":"","background-repeat":"repeat","background-position":"center center","background-size":"auto","background-attachment":"scroll","background-type":"","background-media":"","overlay-type":"","overlay-color":"","overlay-opacity":"","overlay-gradient":""},"mobile":{"background-color":"","background-image":"","background-repeat":"repeat","background-position":"center center","background-size":"auto","background-attachment":"scroll","background-type":"","background-media":"","overlay-type":"","overlay-color":"","overlay-opacity":"","overlay-gradient":""}},"ast-content-background-meta":{"desktop":{"background-color":"var(--ast-global-color-5)","background-image":"","background-repeat":"repeat","background-position":"center center","background-size":"auto","background-attachment":"scroll","background-type":"","background-media":"","overlay-type":"","overlay-color":"","overlay-opacity":"","overlay-gradient":""},"tablet":{"background-color":"var(--ast-global-color-5)","background-image":"","background-repeat":"repeat","background-position":"center center","background-size":"auto","background-attachment":"scroll","background-type":"","background-media":"","overlay-type":"","overlay-color":"","overlay-opacity":"","overlay-gradient":""},"mobile":{"background-color":"var(--ast-global-color-5)","background-image":"","background-repeat":"repeat","background-position":"center center","background-size":"auto","background-attachment":"scroll","background-type":"","background-media":"","overlay-type":"","overlay-color":"","overlay-opacity":"","overlay-gradient":""}},"footnotes":""},"class_list":["post-493","page","type-page","status-publish","hentry"],"_links":{"self":[{"href":"https:\/\/brunel.tech\/index.php\/wp-json\/wp\/v2\/pages\/493","targetHints":{"allow":["GET"]}}],"collection":[{"href":"https:\/\/brunel.tech\/index.php\/wp-json\/wp\/v2\/pages"}],"about":[{"href":"https:\/\/brunel.tech\/index.php\/wp-json\/wp\/v2\/types\/page"}],"author":[{"embeddable":true,"href":"https:\/\/brunel.tech\/index.php\/wp-json\/wp\/v2\/users\/1"}],"replies":[{"embeddable":true,"href":"https:\/\/brunel.tech\/index.php\/wp-json\/wp\/v2\/comments?post=493"}],"version-history":[{"count":13,"href":"https:\/\/brunel.tech\/index.php\/wp-json\/wp\/v2\/pages\/493\/revisions"}],"predecessor-version":[{"id":1802,"href":"https:\/\/brunel.tech\/index.php\/wp-json\/wp\/v2\/pages\/493\/revisions\/1802"}],"wp:attachment":[{"href":"https:\/\/brunel.tech\/index.php\/wp-json\/wp\/v2\/media?parent=493"}],"curies":[{"name":"wp","href":"https:\/\/api.w.org\/{rel}","templated":true}]}}