{"id":657,"date":"2020-07-07T12:02:28","date_gmt":"2020-07-07T10:02:28","guid":{"rendered":"http:\/\/brunel.tech\/?page_id=657"},"modified":"2022-07-08T11:45:06","modified_gmt":"2022-07-08T09:45:06","slug":"projets-de-recherche","status":"publish","type":"page","link":"https:\/\/brunel.tech\/index.php\/projets-de-recherche\/","title":{"rendered":"Projets de Recherche &#8230;"},"content":{"rendered":"\n<p><strong><span class=\"has-inline-color has-cyan-bluish-gray-color\">Termin\u00e9s<\/span><\/strong><\/p>\n\n\n\n<p>Projet EXPAND en 2008 : Design of extended product (30 000 euros)<\/p>\n\n\n\n<p>Projet GECOX en 2010 : Gestion des Connaissances Expertes (10 000 euros)<\/p>\n\n\n\n<p>Projet Erasmus Mundus Stettin de 2012 \u00e0 2017 : Coordinator in Steering Comitee. Programme de mobilit\u00e9s internationales. 29 pays, 86 mobilit\u00e9s de Master, 16 mobilit\u00e9s de doctorat. (2 400 000 euros) <\/p>\n\n\n\n<p>Mission d&rsquo;Expertise pour la soci\u00e9t\u00e9 SEEG au Gabon en 2012.<\/p>\n\n\n\n<p>Projet GCCPA de 2013 \u00e0 2015 : Gestion des Connaissances en Contexte Professionnel. 120 000 euros<\/p>\n\n\n\n<p>Projet RAP en 2014 : 10 000 euros<\/p>\n\n\n\n<p>Projet SystemSol en 2015 : Mise en place de la th\u00e9orie m\u00e9thode <a rel=\"noreferrer noopener\" href=\"https:\/\/www.amazon.fr\/Ing%C3%A9nition-St%C3%A9phane-Brunel\/dp\/613150850X\/ref=sr_1_1?__mk_fr_FR=%C3%85M%C3%85%C5%BD%C3%95%C3%91&amp;dchild=1&amp;keywords=ingenition&amp;qid=1594116913&amp;sr=8-1\" target=\"_blank\">\u00ab\u00a0ing\u00e9nition\u00a0\u00bb<\/a> dans une entreprise locale. Concepteur-R\u00e9alisateur de cand\u00e9labres solaires autonomes. Porteur principal du projet en partenariat avec le <a rel=\"noreferrer noopener\" href=\"https:\/\/www.catie.fr\/\" target=\"_blank\">CATIE<\/a>.<\/p>\n\n\n\n<p>D\u00e9but du partenariat comme Chercheur de r\u00e9f\u00e9rence pour le CATIE en 2015<\/p>\n\n\n\n<p>Projet Sogibois : int\u00e9gration d&rsquo;un robot d\u00e9ligneur dans une usine de fabrication de douelles. En 2017.<\/p>\n\n\n\n<p>Projet Mucos : Int\u00e9gration de la variabilit\u00e9 humaine dans un processus d&rsquo;analyse de donn\u00e9es. En 2017 avec la Startup Multivote.<\/p>\n\n\n\n<p>Projet Sopphy : int\u00e9gration des facteurs humains dans diverses situations d&rsquo;apprentissage. En 2018<\/p>\n\n\n\n<p><mark style=\"background-color:rgba(0, 0, 0, 0)\" class=\"has-inline-color has-very-dark-gray-color\">Projet Renault : Apprentissage en VR sur voiture autonome. <\/mark>Publication en attente.<\/p>\n\n\n\n<p>Projet Smart Betclic : int\u00e9gration de la variabilit\u00e9 humaine dans les processus d&rsquo;apprentissage orient\u00e9 traders. En cours &#8230;<\/p>\n\n\n\n<p>Projet Albatros : Partenariat avec Thal\u00e9s. Evaluation des Processus d&rsquo;apprentissage en VR sur diff\u00e9rentes phases de maintenance d&rsquo;a\u00e9ronef.<\/p>\n\n\n\n<p>Correspondant <a href=\"http:\/\/www.institut-cognition.com\/\" target=\"_blank\" rel=\"noreferrer noopener\">Carnot Cognition <\/a><\/p>\n\n\n\n<p><strong><span class=\"has-inline-color has-vivid-red-color\">En cours : <\/span><\/strong><\/p>\n\n\n\n<p>ProtoImpact : Projet de recherche permettant de mettre au point un robot autonome en partenariat avec l&rsquo;INRIA et Poppy Station, 2021 &#8211; 2024<\/p>\n\n\n\n<p><strong><span class=\"has-inline-color has-luminous-vivid-orange-color\">En cours de n\u00e9gociation : <\/span><\/strong><\/p>\n\n\n\n<p>Projet Naval Group : 2020 &#8211; &#8230;<\/p>\n","protected":false},"excerpt":{"rendered":"<p>Termin\u00e9s Projet EXPAND en 2008 : Design of extended product (30 000 euros) Projet GECOX en 2010 : Gestion des Connaissances Expertes (10 000 euros) Projet Erasmus Mundus Stettin de 2012 \u00e0 2017 : Coordinator in Steering Comitee. Programme de mobilit\u00e9s internationales. 29 pays, 86 mobilit\u00e9s de Master, 16 mobilit\u00e9s de doctorat. (2 400 000 [&hellip;]<\/p>\n","protected":false},"author":1,"featured_media":0,"parent":0,"menu_order":0,"comment_status":"closed","ping_status":"closed","template":"","meta":{"site-sidebar-layout":"default","site-content-layout":"default","ast-site-content-layout":"default","site-content-style":"default","site-sidebar-style":"default","ast-global-header-display":"","ast-banner-title-visibility":"","ast-main-header-display":"","ast-hfb-above-header-display":"","ast-hfb-below-header-display":"","ast-hfb-mobile-header-display":"","site-post-title":"","ast-breadcrumbs-content":"","ast-featured-img":"","footer-sml-layout":"","ast-disable-related-posts":"","theme-transparent-header-meta":"default","adv-header-id-meta":"","stick-header-meta":"","header-above-stick-meta":"","header-main-stick-meta":"","header-below-stick-meta":"","astra-migrate-meta-layouts":"default","ast-page-background-enabled":"default","ast-page-background-meta":{"desktop":{"background-color":"","background-image":"","background-repeat":"repeat","background-position":"center center","background-size":"auto","background-attachment":"scroll","background-type":"","background-media":"","overlay-type":"","overlay-color":"","overlay-opacity":"","overlay-gradient":""},"tablet":{"background-color":"","background-image":"","background-repeat":"repeat","background-position":"center center","background-size":"auto","background-attachment":"scroll","background-type":"","background-media":"","overlay-type":"","overlay-color":"","overlay-opacity":"","overlay-gradient":""},"mobile":{"background-color":"","background-image":"","background-repeat":"repeat","background-position":"center center","background-size":"auto","background-attachment":"scroll","background-type":"","background-media":"","overlay-type":"","overlay-color":"","overlay-opacity":"","overlay-gradient":""}},"ast-content-background-meta":{"desktop":{"background-color":"var(--ast-global-color-5)","background-image":"","background-repeat":"repeat","background-position":"center center","background-size":"auto","background-attachment":"scroll","background-type":"","background-media":"","overlay-type":"","overlay-color":"","overlay-opacity":"","overlay-gradient":""},"tablet":{"background-color":"var(--ast-global-color-5)","background-image":"","background-repeat":"repeat","background-position":"center center","background-size":"auto","background-attachment":"scroll","background-type":"","background-media":"","overlay-type":"","overlay-color":"","overlay-opacity":"","overlay-gradient":""},"mobile":{"background-color":"var(--ast-global-color-5)","background-image":"","background-repeat":"repeat","background-position":"center center","background-size":"auto","background-attachment":"scroll","background-type":"","background-media":"","overlay-type":"","overlay-color":"","overlay-opacity":"","overlay-gradient":""}},"footnotes":""},"class_list":["post-657","page","type-page","status-publish","hentry"],"_links":{"self":[{"href":"https:\/\/brunel.tech\/index.php\/wp-json\/wp\/v2\/pages\/657","targetHints":{"allow":["GET"]}}],"collection":[{"href":"https:\/\/brunel.tech\/index.php\/wp-json\/wp\/v2\/pages"}],"about":[{"href":"https:\/\/brunel.tech\/index.php\/wp-json\/wp\/v2\/types\/page"}],"author":[{"embeddable":true,"href":"https:\/\/brunel.tech\/index.php\/wp-json\/wp\/v2\/users\/1"}],"replies":[{"embeddable":true,"href":"https:\/\/brunel.tech\/index.php\/wp-json\/wp\/v2\/comments?post=657"}],"version-history":[{"count":10,"href":"https:\/\/brunel.tech\/index.php\/wp-json\/wp\/v2\/pages\/657\/revisions"}],"predecessor-version":[{"id":1609,"href":"https:\/\/brunel.tech\/index.php\/wp-json\/wp\/v2\/pages\/657\/revisions\/1609"}],"wp:attachment":[{"href":"https:\/\/brunel.tech\/index.php\/wp-json\/wp\/v2\/media?parent=657"}],"curies":[{"name":"wp","href":"https:\/\/api.w.org\/{rel}","templated":true}]}}