{"id":673,"date":"2020-07-07T12:41:32","date_gmt":"2020-07-07T10:41:32","guid":{"rendered":"http:\/\/brunel.tech\/?page_id=673"},"modified":"2022-07-08T11:41:22","modified_gmt":"2022-07-08T09:41:22","slug":"autorisation-a-diriger-des-theses","status":"publish","type":"page","link":"https:\/\/brunel.tech\/index.php\/autorisation-a-diriger-des-theses\/","title":{"rendered":"Autorisation \u00e0 Diriger des Th\u00e8ses"},"content":{"rendered":"\n<p>Le dossier ci-dessous a \u00e9t\u00e9 demand\u00e9 par l&rsquo;Universit\u00e9 de Bordeaux pour avoir l&rsquo;autorisation de diriger une th\u00e8se.<\/p>\n\n\n\n<p>Il me parait int\u00e9ressant car il permet de faire le bilan des multiples activit\u00e9s au sein de mon universit\u00e9 que ce soit sur le plan de la formation que sur celui de la recherche et de ses perspectives.<\/p>\n\n\n\n<p>J&rsquo;ai, depuis, encadr\u00e9 3 th\u00e8ses.<\/p>\n\n\n\n<div class=\"wp-block-buttons is-layout-flex wp-block-buttons-is-layout-flex\">\n<div class=\"wp-block-button\"><a class=\"wp-block-button__link\" href=\"https:\/\/www.theses.fr\/2018BORD0066\" target=\"_blank\" rel=\"noreferrer noopener\">Th\u00e8se de Joy Botleng<\/a><\/div>\n\n\n\n<div class=\"wp-block-button\"><a class=\"wp-block-button__link\" href=\"http:\/\/www.theses.fr\/2017BORD0589\" target=\"_blank\" rel=\"noreferrer noopener\">Th\u00e8se de Merlin Lamago<\/a><\/div>\n\n\n\n<div class=\"wp-block-button\"><a class=\"wp-block-button__link\" href=\"https:\/\/www.theses.fr\/2018BORD0040\" target=\"_blank\" rel=\"noreferrer noopener\">Th\u00e8se de Ibrahima Gueye<\/a><\/div>\n<\/div>\n\n\n\n<hr class=\"wp-block-separator has-alpha-channel-opacity\"\/>\n\n\n\n<div class=\"wp-block-buttons is-layout-flex wp-block-buttons-is-layout-flex\">\n<div class=\"wp-block-button\"><a class=\"wp-block-button__link\" href=\"http:\/\/brunel.tech\/wp-content\/uploads\/2020\/07\/Dossier-ADT-SB.pdf\" target=\"_blank\" rel=\"noreferrer noopener\">T\u00e9l\u00e9charger le document ADT<\/a><\/div>\n<\/div>\n\n\n\n<hr class=\"wp-block-separator has-alpha-channel-opacity\"\/>\n\n\n\n<div class=\"wp-block-buttons is-layout-flex wp-block-buttons-is-layout-flex\">\n<div class=\"wp-block-button\"><a class=\"wp-block-button__link has-vivid-red-background-color has-background\" href=\"https:\/\/www.theses.fr\/136675654#auteurSoutenue\" target=\"_blank\" rel=\"noreferrer noopener\">Les Th\u00e8ses publi\u00e9es<\/a><\/div>\n<\/div>\n","protected":false},"excerpt":{"rendered":"<p>Le dossier ci-dessous a \u00e9t\u00e9 demand\u00e9 par l&rsquo;Universit\u00e9 de Bordeaux pour avoir l&rsquo;autorisation de diriger une th\u00e8se. Il me parait int\u00e9ressant car il permet de faire le bilan des multiples activit\u00e9s au sein de mon universit\u00e9 que ce soit sur le plan de la formation que sur celui de la recherche et de ses perspectives. [&hellip;]<\/p>\n","protected":false},"author":1,"featured_media":0,"parent":0,"menu_order":0,"comment_status":"closed","ping_status":"closed","template":"","meta":{"site-sidebar-layout":"default","site-content-layout":"default","ast-site-content-layout":"default","site-content-style":"default","site-sidebar-style":"default","ast-global-header-display":"","ast-banner-title-visibility":"","ast-main-header-display":"","ast-hfb-above-header-display":"","ast-hfb-below-header-display":"","ast-hfb-mobile-header-display":"","site-post-title":"","ast-breadcrumbs-content":"","ast-featured-img":"","footer-sml-layout":"","ast-disable-related-posts":"","theme-transparent-header-meta":"default","adv-header-id-meta":"","stick-header-meta":"","header-above-stick-meta":"","header-main-stick-meta":"","header-below-stick-meta":"","astra-migrate-meta-layouts":"default","ast-page-background-enabled":"default","ast-page-background-meta":{"desktop":{"background-color":"","background-image":"","background-repeat":"repeat","background-position":"center center","background-size":"auto","background-attachment":"scroll","background-type":"","background-media":"","overlay-type":"","overlay-color":"","overlay-opacity":"","overlay-gradient":""},"tablet":{"background-color":"","background-image":"","background-repeat":"repeat","background-position":"center center","background-size":"auto","background-attachment":"scroll","background-type":"","background-media":"","overlay-type":"","overlay-color":"","overlay-opacity":"","overlay-gradient":""},"mobile":{"background-color":"","background-image":"","background-repeat":"repeat","background-position":"center center","background-size":"auto","background-attachment":"scroll","background-type":"","background-media":"","overlay-type":"","overlay-color":"","overlay-opacity":"","overlay-gradient":""}},"ast-content-background-meta":{"desktop":{"background-color":"var(--ast-global-color-5)","background-image":"","background-repeat":"repeat","background-position":"center center","background-size":"auto","background-attachment":"scroll","background-type":"","background-media":"","overlay-type":"","overlay-color":"","overlay-opacity":"","overlay-gradient":""},"tablet":{"background-color":"var(--ast-global-color-5)","background-image":"","background-repeat":"repeat","background-position":"center center","background-size":"auto","background-attachment":"scroll","background-type":"","background-media":"","overlay-type":"","overlay-color":"","overlay-opacity":"","overlay-gradient":""},"mobile":{"background-color":"var(--ast-global-color-5)","background-image":"","background-repeat":"repeat","background-position":"center center","background-size":"auto","background-attachment":"scroll","background-type":"","background-media":"","overlay-type":"","overlay-color":"","overlay-opacity":"","overlay-gradient":""}},"footnotes":""},"class_list":["post-673","page","type-page","status-publish","hentry"],"_links":{"self":[{"href":"https:\/\/brunel.tech\/index.php\/wp-json\/wp\/v2\/pages\/673","targetHints":{"allow":["GET"]}}],"collection":[{"href":"https:\/\/brunel.tech\/index.php\/wp-json\/wp\/v2\/pages"}],"about":[{"href":"https:\/\/brunel.tech\/index.php\/wp-json\/wp\/v2\/types\/page"}],"author":[{"embeddable":true,"href":"https:\/\/brunel.tech\/index.php\/wp-json\/wp\/v2\/users\/1"}],"replies":[{"embeddable":true,"href":"https:\/\/brunel.tech\/index.php\/wp-json\/wp\/v2\/comments?post=673"}],"version-history":[{"count":9,"href":"https:\/\/brunel.tech\/index.php\/wp-json\/wp\/v2\/pages\/673\/revisions"}],"predecessor-version":[{"id":1607,"href":"https:\/\/brunel.tech\/index.php\/wp-json\/wp\/v2\/pages\/673\/revisions\/1607"}],"wp:attachment":[{"href":"https:\/\/brunel.tech\/index.php\/wp-json\/wp\/v2\/media?parent=673"}],"curies":[{"name":"wp","href":"https:\/\/api.w.org\/{rel}","templated":true}]}}