{"id":701,"date":"2020-07-07T16:15:52","date_gmt":"2020-07-07T14:15:52","guid":{"rendered":"http:\/\/brunel.tech\/?page_id=701"},"modified":"2022-01-12T18:26:27","modified_gmt":"2022-01-12T17:26:27","slug":"didactiques","status":"publish","type":"page","link":"https:\/\/brunel.tech\/index.php\/didactiques\/","title":{"rendered":"Didactiques &#8230;"},"content":{"rendered":"\n<h2 class=\"has-vivid-cyan-blue-color has-text-color wp-block-heading\">Didactique des Usages Num\u00e9riques (publi\u00e9) <\/h2>\n\n\n\n<p><a href=\"https:\/\/www.dane.ac-versailles.fr\/comprendre\/de-la-didactique-des-usages-numeriques\" target=\"_blank\" rel=\"noreferrer noopener\">Lien pour \u00e9couter <\/a><\/p>\n\n\n\n<p><a href=\"https:\/\/my.editions-ue.com\/catalog\/details\/store\/fr\/book\/978-3-8417-3473-0\/de-la-didactique-des-usages-num%C3%A9riques?search=didactique%20usages%20num%C3%A9riques\" target=\"_blank\" rel=\"noreferrer noopener\">Acheter le Livre<\/a><\/p>\n\n\n\n<p><a href=\"https:\/\/hal.archives-ouvertes.fr\/hal-01023590v2\/document\" target=\"_blank\" rel=\"noreferrer noopener\">Voir le Livre<\/a><\/p>\n\n\n\n<h2 class=\"has-vivid-cyan-blue-color has-text-color wp-block-heading\">Didactique des S2i, (en cours de publication &#8230;)<\/h2>\n\n\n\n<p>Ce texte est une production int\u00e9ressante me semble-t-il pour deux raisons. La premi\u00e8re consiste \u00e0 pr\u00e9senter un travail commun avec un Professeur-Stagiaire de grande qualit\u00e9 (Mathieu Bonte &#8211; Docteur de l&rsquo;universit\u00e9). Ce qui d\u00e9montre que les approches scientifiques que nous poursuivons sont ancr\u00e9es dans la r\u00e9alit\u00e9 et cela nous permet de prendre le recul n\u00e9cessaire dont la science se nourrit. La deuxi\u00e8me raison r\u00e9side dans le sujet \u00e0 proprement parl\u00e9. Il est en effet pertinent de temps en temps de revenir sur ce que nous consid\u00e9rons comme des acquis, des \u00e9l\u00e9ments intangibles de nos p\u00e9dagogies dites actives. N&rsquo;avoir de cesse de r\u00e9-interroger ce qui se passe en r\u00e9alit\u00e9 dans les classes, loin des affirmations th\u00e9oriques parfois trop dogmatiques \u00e0 mon go\u00fbt, est un d\u00e9fi constant pour nous. (Cet article est en cours de publication)<\/p>\n\n\n\n<h2 class=\"has-vivid-cyan-blue-color has-text-color wp-block-heading\">Les programmes des Cycles 1, 2 et 3 &#8230;<\/h2>\n\n\n\n<p>Cycle 1<\/p>\n\n\n\n<p><a href=\"https:\/\/cache.media.eduscol.education.fr\/file\/A-Scolarite_obligatoire\/24\/3\/Programme2020_cycle_1_comparatif_1313243.pdf\" target=\"_blank\" rel=\"noreferrer noopener\">https:\/\/cache.media.eduscol.education.fr\/file\/A-Scolarite_obligatoire\/24\/3\/Programme2020_cycle_1_comparatif_1313243.pdf<\/a><\/p>\n\n\n\n<p>Cycle 2<\/p>\n\n\n\n<p><a href=\"https:\/\/cache.media.eduscol.education.fr\/file\/A-Scolarite_obligatoire\/24\/5\/Programme2020_cycle_2_comparatif_1313245.pdf\" target=\"_blank\" rel=\"noreferrer noopener\">https:\/\/cache.media.eduscol.education.fr\/file\/A-Scolarite_obligatoire\/24\/5\/Programme2020_cycle_2_comparatif_1313245.pdf<\/a><\/p>\n\n\n\n<p>Cycle 3<\/p>\n\n\n\n<p><a href=\"https:\/\/cache.media.eduscol.education.fr\/file\/A-Scolarite_obligatoire\/37\/5\/Programme2020_cycle_3_comparatif_1313375.pdf\" target=\"_blank\" rel=\"noreferrer noopener\">https:\/\/cache.media.eduscol.education.fr\/file\/A-Scolarite_obligatoire\/37\/5\/Programme2020_cycle_3_comparatif_1313375.pdf<\/a><\/p>\n\n\n\n<hr class=\"wp-block-separator\"\/>\n\n\n\n<h2 class=\"has-vivid-cyan-blue-color has-text-color wp-block-heading\">El\u00e9ments de Didactique de la Robotique, (en cours de publication &#8230;)<\/h2>\n\n\n\n<p>Ce livre fait le tour des connaissances de base actuelles \u00e0 maitriser pour se lancer dans la robotique. Il part d&rsquo;activit\u00e9s d\u00e9branch\u00e9es jusqu&rsquo;\u00e0 des principes d&rsquo;<a rel=\"noreferrer noopener\" href=\"https:\/\/fr.wikipedia.org\/wiki\/Odom%C3%A9trie#:~:text=L'odom%C3%A9trie%20est%20une%20technique,robot%20(de%20ses%20roues).\" target=\"_blank\">odom\u00e9trie<\/a>. <\/p>\n","protected":false},"excerpt":{"rendered":"<p>Didactique des Usages Num\u00e9riques (publi\u00e9) Lien pour \u00e9couter Acheter le Livre Voir le Livre Didactique des S2i, (en cours de publication &#8230;) Ce texte est une production int\u00e9ressante me semble-t-il pour deux raisons. La premi\u00e8re consiste \u00e0 pr\u00e9senter un travail commun avec un Professeur-Stagiaire de grande qualit\u00e9 (Mathieu Bonte &#8211; Docteur de l&rsquo;universit\u00e9). Ce qui [&hellip;]<\/p>\n","protected":false},"author":1,"featured_media":0,"parent":0,"menu_order":0,"comment_status":"closed","ping_status":"closed","template":"","meta":{"site-sidebar-layout":"default","site-content-layout":"default","ast-site-content-layout":"default","site-content-style":"default","site-sidebar-style":"default","ast-global-header-display":"","ast-banner-title-visibility":"","ast-main-header-display":"","ast-hfb-above-header-display":"","ast-hfb-below-header-display":"","ast-hfb-mobile-header-display":"","site-post-title":"","ast-breadcrumbs-content":"","ast-featured-img":"","footer-sml-layout":"","ast-disable-related-posts":"","theme-transparent-header-meta":"default","adv-header-id-meta":"","stick-header-meta":"","header-above-stick-meta":"","header-main-stick-meta":"","header-below-stick-meta":"","astra-migrate-meta-layouts":"default","ast-page-background-enabled":"default","ast-page-background-meta":{"desktop":{"background-color":"","background-image":"","background-repeat":"repeat","background-position":"center center","background-size":"auto","background-attachment":"scroll","background-type":"","background-media":"","overlay-type":"","overlay-color":"","overlay-opacity":"","overlay-gradient":""},"tablet":{"background-color":"","background-image":"","background-repeat":"repeat","background-position":"center center","background-size":"auto","background-attachment":"scroll","background-type":"","background-media":"","overlay-type":"","overlay-color":"","overlay-opacity":"","overlay-gradient":""},"mobile":{"background-color":"","background-image":"","background-repeat":"repeat","background-position":"center center","background-size":"auto","background-attachment":"scroll","background-type":"","background-media":"","overlay-type":"","overlay-color":"","overlay-opacity":"","overlay-gradient":""}},"ast-content-background-meta":{"desktop":{"background-color":"var(--ast-global-color-5)","background-image":"","background-repeat":"repeat","background-position":"center center","background-size":"auto","background-attachment":"scroll","background-type":"","background-media":"","overlay-type":"","overlay-color":"","overlay-opacity":"","overlay-gradient":""},"tablet":{"background-color":"var(--ast-global-color-5)","background-image":"","background-repeat":"repeat","background-position":"center center","background-size":"auto","background-attachment":"scroll","background-type":"","background-media":"","overlay-type":"","overlay-color":"","overlay-opacity":"","overlay-gradient":""},"mobile":{"background-color":"var(--ast-global-color-5)","background-image":"","background-repeat":"repeat","background-position":"center center","background-size":"auto","background-attachment":"scroll","background-type":"","background-media":"","overlay-type":"","overlay-color":"","overlay-opacity":"","overlay-gradient":""}},"footnotes":""},"class_list":["post-701","page","type-page","status-publish","hentry"],"_links":{"self":[{"href":"https:\/\/brunel.tech\/index.php\/wp-json\/wp\/v2\/pages\/701","targetHints":{"allow":["GET"]}}],"collection":[{"href":"https:\/\/brunel.tech\/index.php\/wp-json\/wp\/v2\/pages"}],"about":[{"href":"https:\/\/brunel.tech\/index.php\/wp-json\/wp\/v2\/types\/page"}],"author":[{"embeddable":true,"href":"https:\/\/brunel.tech\/index.php\/wp-json\/wp\/v2\/users\/1"}],"replies":[{"embeddable":true,"href":"https:\/\/brunel.tech\/index.php\/wp-json\/wp\/v2\/comments?post=701"}],"version-history":[{"count":13,"href":"https:\/\/brunel.tech\/index.php\/wp-json\/wp\/v2\/pages\/701\/revisions"}],"predecessor-version":[{"id":1391,"href":"https:\/\/brunel.tech\/index.php\/wp-json\/wp\/v2\/pages\/701\/revisions\/1391"}],"wp:attachment":[{"href":"https:\/\/brunel.tech\/index.php\/wp-json\/wp\/v2\/media?parent=701"}],"curies":[{"name":"wp","href":"https:\/\/api.w.org\/{rel}","templated":true}]}}