{"id":764,"date":"2020-07-22T17:52:12","date_gmt":"2020-07-22T15:52:12","guid":{"rendered":"http:\/\/brunel.tech\/?page_id=764"},"modified":"2023-09-13T16:46:14","modified_gmt":"2023-09-13T14:46:14","slug":"le-numerique-dans-tous-ses-etats-etat-solide-liquide-gazeux-plasma","status":"publish","type":"page","link":"https:\/\/brunel.tech\/index.php\/le-numerique-dans-tous-ses-etats-etat-solide-liquide-gazeux-plasma\/","title":{"rendered":"Culture num\u00e9rique en M1 &#8230;"},"content":{"rendered":"\n<h3 class=\"wp-block-heading\">Cours de Culture Num\u00e9rique pour les Master 1 Professeurs des Ecoles<\/h3>\n\n\n\n<h2 class=\"wp-block-heading\">Le Cours magistral de Culture Num\u00e9rique pour les Master 1. Ce document n&#8217;embarque pas les vid\u00e9os car trop volumineux.<\/h2>\n\n\n\n<div data-wp-interactive=\"core\/file\" class=\"wp-block-file\"><object data-wp-bind--hidden=\"!state.hasPdfPreview\" hidden class=\"wp-block-file__embed\" data=\"https:\/\/brunel.tech\/wp-content\/uploads\/2022\/11\/des-robots-et-des-hommes-sans-video.pdf\" type=\"application\/pdf\" style=\"width:100%;height:600px\" aria-label=\"Contenu embarqu\u00e9 des-robots-et-des-hommes-sans-video.\"><\/object><a id=\"wp-block-file--media-ff309540-cecd-4fbd-92eb-0a3add6c26d6\" href=\"https:\/\/brunel.tech\/wp-content\/uploads\/2022\/11\/des-robots-et-des-hommes-sans-video.pdf\">des-robots-et-des-hommes-sans-video<\/a><a href=\"https:\/\/brunel.tech\/wp-content\/uploads\/2022\/11\/des-robots-et-des-hommes-sans-video.pdf\" class=\"wp-block-file__button wp-element-button\" download aria-describedby=\"wp-block-file--media-ff309540-cecd-4fbd-92eb-0a3add6c26d6\">T\u00e9l\u00e9charger<\/a><\/div>\n\n\n\n<hr class=\"wp-block-separator has-alpha-channel-opacity\"\/>\n\n\n\n<div data-wp-interactive=\"core\/file\" class=\"wp-block-file\"><object data-wp-bind--hidden=\"!state.hasPdfPreview\" hidden class=\"wp-block-file__embed\" data=\"https:\/\/brunel.tech\/wp-content\/uploads\/2022\/01\/UE-Culture-Nume\u0301rique.pdf\" type=\"application\/pdf\" style=\"width:100%;height:600px\" aria-label=\"Contenu embarqu\u00e9 UE-Culture-Nume\u0301rique.\"><\/object><a id=\"wp-block-file--media-c4fa6ae2-8f1f-4c3e-8220-7b8c107e9deb\" href=\"https:\/\/brunel.tech\/wp-content\/uploads\/2022\/01\/UE-Culture-Nume\u0301rique.pdf\">UE-Culture-Nume\u0301rique<\/a><a href=\"https:\/\/brunel.tech\/wp-content\/uploads\/2022\/01\/UE-Culture-Nume\u0301rique.pdf\" class=\"wp-block-file__button wp-element-button\" download aria-describedby=\"wp-block-file--media-c4fa6ae2-8f1f-4c3e-8220-7b8c107e9deb\">T\u00e9l\u00e9charger<\/a><\/div>\n\n\n\n<hr class=\"wp-block-separator has-css-opacity alignfull is-style-wide\"\/>\n\n\n\n<p>Le Cadre de R\u00e9f\u00e9rence des Comp\u00e9tences Num\u00e9riques en Education. Ce cadre est valable pour l&rsquo;ensemble des enseignants &#8230; <\/p>\n\n\n\n<div data-wp-interactive=\"core\/file\" class=\"wp-block-file\"><object data-wp-bind--hidden=\"!state.hasPdfPreview\" hidden class=\"wp-block-file__embed\" data=\"https:\/\/brunel.tech\/wp-content\/uploads\/2022\/01\/Re\u0301fe\u0301rentiel-CRCNE-v12.pdf\" type=\"application\/pdf\" style=\"width:100%;height:600px\" aria-label=\"Contenu embarqu\u00e9 Re\u0301fe\u0301rentiel-CRCNE-v12.\"><\/object><a id=\"wp-block-file--media-0b7ad8df-5e6c-4c3e-889c-078457f629bb\" href=\"https:\/\/brunel.tech\/wp-content\/uploads\/2022\/01\/Re\u0301fe\u0301rentiel-CRCNE-v12.pdf\">Re\u0301fe\u0301rentiel-CRCNE-v12<\/a><a href=\"https:\/\/brunel.tech\/wp-content\/uploads\/2022\/01\/Re\u0301fe\u0301rentiel-CRCNE-v12.pdf\" class=\"wp-block-file__button wp-element-button\" download aria-describedby=\"wp-block-file--media-0b7ad8df-5e6c-4c3e-889c-078457f629bb\">T\u00e9l\u00e9charger<\/a><\/div>\n\n\n\n<hr class=\"wp-block-separator has-css-opacity alignfull is-style-wide\"\/>\n\n\n\n<div class=\"wp-block-media-text alignwide is-stacked-on-mobile\" style=\"grid-template-columns:24% auto\"><figure class=\"wp-block-media-text__media\"><a href=\"https:\/\/www.dane.ac-versailles.fr\/comprendre\/de-la-didactique-des-usages-numeriques\" target=\"_blank\" rel=\"noopener\"><img loading=\"lazy\" decoding=\"async\" width=\"178\" height=\"134\" src=\"https:\/\/brunel.tech\/wp-content\/uploads\/2022\/01\/Capture-de\u0301cran-2022-01-13-a\u0300-09.20.42.png\" alt=\"\" class=\"wp-image-1397 size-full\"\/><\/a><\/figure><div class=\"wp-block-media-text__content\">\n<h4 class=\"wp-block-heading has-text-align-center\">Interview donn\u00e9 \u00e0 la DANE de Versailles. <\/h4>\n\n\n\n<h4 class=\"wp-block-heading has-text-align-center\">Il trace quelques pistes de r\u00e9flexion sur la place du num\u00e9rique en classe &#8230;<\/h4>\n<\/div><\/div>\n\n\n\n<hr class=\"wp-block-separator has-css-opacity is-style-wide\"\/>\n\n\n\n<div class=\"wp-block-media-text alignwide is-stacked-on-mobile\" style=\"grid-template-columns:25% auto\"><figure class=\"wp-block-media-text__media\"><img loading=\"lazy\" decoding=\"async\" width=\"334\" height=\"142\" src=\"https:\/\/brunel.tech\/wp-content\/uploads\/2022\/01\/Capture-de\u0301cran-2022-01-13-a\u0300-09.29.35.png\" alt=\"\" class=\"wp-image-1402 size-full\" srcset=\"https:\/\/brunel.tech\/wp-content\/uploads\/2022\/01\/Capture-de\u0301cran-2022-01-13-a\u0300-09.29.35.png 334w, https:\/\/brunel.tech\/wp-content\/uploads\/2022\/01\/Capture-de\u0301cran-2022-01-13-a\u0300-09.29.35-300x128.png 300w\" sizes=\"auto, (max-width: 334px) 100vw, 334px\" \/><\/figure><div class=\"wp-block-media-text__content\">\n<h4 class=\"wp-block-heading has-text-align-center\">Un Padlet Utile<\/h4>\n\n\n\n<p><\/p>\n<\/div><\/div>\n\n\n\n<hr class=\"wp-block-separator has-css-opacity is-style-wide\"\/>\n\n\n\n<div class=\"wp-block-media-text alignwide is-stacked-on-mobile\" style=\"grid-template-columns:25% auto\"><figure class=\"wp-block-media-text__media\"><img loading=\"lazy\" decoding=\"async\" width=\"390\" height=\"342\" src=\"https:\/\/brunel.tech\/wp-content\/uploads\/2022\/01\/Capture-de\u0301cran-2022-01-13-a\u0300-09.31.41.png\" alt=\"\" class=\"wp-image-1405 size-full\" srcset=\"https:\/\/brunel.tech\/wp-content\/uploads\/2022\/01\/Capture-de\u0301cran-2022-01-13-a\u0300-09.31.41.png 390w, https:\/\/brunel.tech\/wp-content\/uploads\/2022\/01\/Capture-de\u0301cran-2022-01-13-a\u0300-09.31.41-300x263.png 300w\" sizes=\"auto, (max-width: 390px) 100vw, 390px\" \/><\/figure><div class=\"wp-block-media-text__content\">\n<h4 class=\"wp-block-heading has-text-align-center\">Exp\u00e9riences \u00e9tudiantes &#8230;<\/h4>\n\n\n\n<figure class=\"wp-block-table\"><table><tbody><tr><td><\/td><td><\/td><\/tr><tr><td><\/td><td><\/td><\/tr><tr><td><\/td><td><\/td><\/tr><tr><td><\/td><td><\/td><\/tr><tr><td><\/td><td><\/td><\/tr><tr><td><\/td><td><\/td><\/tr><tr><td><\/td><td><\/td><\/tr><tr><td><\/td><td><\/td><\/tr><tr><td><\/td><td><\/td><\/tr><tr><td><\/td><td><\/td><\/tr><\/tbody><\/table><\/figure>\n<\/div><\/div>\n\n\n\n<hr class=\"wp-block-separator has-css-opacity is-style-wide\"\/>\n\n\n\n<p>Education Populaire et Num\u00e9rique : d&rsquo;autres id\u00e9es      <a rel=\"noreferrer noopener\" href=\"https:\/\/confinezutile.laligue.org\/nos-activites-educatives\" target=\"_blank\">Actions \u00e9ducatives et num\u00e9riques &#8230;<\/a><\/p>\n\n\n\n<hr class=\"wp-block-separator has-css-opacity is-style-wide\"\/>\n\n\n\n<div class=\"wp-block-media-text alignwide is-stacked-on-mobile\" style=\"grid-template-columns:17% auto\"><figure class=\"wp-block-media-text__media\"><img loading=\"lazy\" decoding=\"async\" width=\"262\" height=\"264\" src=\"https:\/\/brunel.tech\/wp-content\/uploads\/2020\/12\/Capture-de\u0301cran-2020-12-01-a\u0300-15.08.51.png\" alt=\"\" class=\"wp-image-945 size-full\" srcset=\"https:\/\/brunel.tech\/wp-content\/uploads\/2020\/12\/Capture-de\u0301cran-2020-12-01-a\u0300-15.08.51.png 262w, https:\/\/brunel.tech\/wp-content\/uploads\/2020\/12\/Capture-de\u0301cran-2020-12-01-a\u0300-15.08.51-150x150.png 150w\" sizes=\"auto, (max-width: 262px) 100vw, 262px\" \/><\/figure><div class=\"wp-block-media-text__content\">\n<p><a href=\"https:\/\/www.thymio.org\/fr\/programmer\/\">https:\/\/www.thymio.org\/fr\/programmer\/<\/a><\/p>\n<\/div><\/div>\n\n\n\n<div class=\"wp-block-media-text alignwide is-stacked-on-mobile\" style=\"grid-template-columns:16% auto\"><figure class=\"wp-block-media-text__media\"><img loading=\"lazy\" decoding=\"async\" width=\"153\" height=\"145\" src=\"https:\/\/brunel.tech\/wp-content\/uploads\/2020\/12\/Capture-de\u0301cran-2020-12-01-a\u0300-15.12.15.png\" alt=\"\" class=\"wp-image-946 size-full\"\/><\/figure><div class=\"wp-block-media-text__content\">\n<p><a href=\"https:\/\/en.scratch-wiki.info\/wiki\/Scratch_3.0\">https:\/\/en.scratch-wiki.info\/wiki\/Scratch_3.0<\/a><\/p>\n<\/div><\/div>\n\n\n\n<hr class=\"wp-block-separator has-css-opacity\"\/>\n\n\n\n<h2 class=\"wp-block-heading\">D\u00e9coder une image en cycle 3 &#8230;<\/h2>\n\n\n\n<div data-wp-interactive=\"core\/file\" class=\"wp-block-file\"><object data-wp-bind--hidden=\"!state.hasPdfPreview\" hidden class=\"wp-block-file__embed\" data=\"https:\/\/brunel.tech\/wp-content\/uploads\/2021\/11\/Decoder-une-image.pdf\" type=\"application\/pdf\" style=\"width:100%;height:600px\" aria-label=\"Contenu embarqu\u00e9 Decoder-une-image.\"><\/object><a id=\"wp-block-file--media-20ca1cf2-fbb8-49ca-b3eb-6669698611c8\" href=\"https:\/\/brunel.tech\/wp-content\/uploads\/2021\/11\/Decoder-une-image.pdf\">Decoder-une-image<\/a><a href=\"https:\/\/brunel.tech\/wp-content\/uploads\/2021\/11\/Decoder-une-image.pdf\" class=\"wp-block-file__button wp-element-button\" download aria-describedby=\"wp-block-file--media-20ca1cf2-fbb8-49ca-b3eb-6669698611c8\">T\u00e9l\u00e9charger<\/a><\/div>\n\n\n\n<hr class=\"wp-block-separator has-css-opacity is-style-wide\"\/>\n\n\n\n<h3 class=\"wp-block-heading\"><strong>Un document de r\u00e9f\u00e9rence fait par l&rsquo;INRIA sur l&rsquo;IOT &#8230;<\/strong> <a rel=\"noreferrer noopener\" href=\"https:\/\/www.inria.fr\/sites\/default\/files\/2021-12\/LB_IoT_FR_WEB_BD_2.pdf?fbclid=IwAR3s3jIXILKh0UQFTRQ2ZGKu6fkFq1T1Z6gXB_98sy85DwA-YoqBtsl-ucI\" target=\"_blank\">ICI<\/a><\/h3>\n\n\n\n<hr class=\"wp-block-separator has-alpha-channel-opacity\"\/>\n","protected":false},"excerpt":{"rendered":"<p>Cours de Culture Num\u00e9rique pour les Master 1 Professeurs des Ecoles Le Cours magistral de Culture Num\u00e9rique pour les Master 1. Ce document n&#8217;embarque pas les vid\u00e9os car trop volumineux. Le Cadre de R\u00e9f\u00e9rence des Comp\u00e9tences Num\u00e9riques en Education. Ce cadre est valable pour l&rsquo;ensemble des enseignants &#8230; Interview donn\u00e9 \u00e0 la DANE de Versailles. [&hellip;]<\/p>\n","protected":false},"author":1,"featured_media":0,"parent":0,"menu_order":0,"comment_status":"closed","ping_status":"closed","template":"","meta":{"site-sidebar-layout":"default","site-content-layout":"default","ast-site-content-layout":"default","site-content-style":"default","site-sidebar-style":"default","ast-global-header-display":"","ast-banner-title-visibility":"","ast-main-header-display":"","ast-hfb-above-header-display":"","ast-hfb-below-header-display":"","ast-hfb-mobile-header-display":"","site-post-title":"","ast-breadcrumbs-content":"","ast-featured-img":"","footer-sml-layout":"","ast-disable-related-posts":"","theme-transparent-header-meta":"default","adv-header-id-meta":"","stick-header-meta":"","header-above-stick-meta":"","header-main-stick-meta":"","header-below-stick-meta":"","astra-migrate-meta-layouts":"set","ast-page-background-enabled":"default","ast-page-background-meta":{"desktop":{"background-color":"","background-image":"","background-repeat":"repeat","background-position":"center center","background-size":"auto","background-attachment":"scroll","background-type":"","background-media":"","overlay-type":"","overlay-color":"","overlay-opacity":"","overlay-gradient":""},"tablet":{"background-color":"","background-image":"","background-repeat":"repeat","background-position":"center center","background-size":"auto","background-attachment":"scroll","background-type":"","background-media":"","overlay-type":"","overlay-color":"","overlay-opacity":"","overlay-gradient":""},"mobile":{"background-color":"","background-image":"","background-repeat":"repeat","background-position":"center center","background-size":"auto","background-attachment":"scroll","background-type":"","background-media":"","overlay-type":"","overlay-color":"","overlay-opacity":"","overlay-gradient":""}},"ast-content-background-meta":{"desktop":{"background-color":"var(--ast-global-color-5)","background-image":"","background-repeat":"repeat","background-position":"center center","background-size":"auto","background-attachment":"scroll","background-type":"","background-media":"","overlay-type":"","overlay-color":"","overlay-opacity":"","overlay-gradient":""},"tablet":{"background-color":"var(--ast-global-color-5)","background-image":"","background-repeat":"repeat","background-position":"center center","background-size":"auto","background-attachment":"scroll","background-type":"","background-media":"","overlay-type":"","overlay-color":"","overlay-opacity":"","overlay-gradient":""},"mobile":{"background-color":"var(--ast-global-color-5)","background-image":"","background-repeat":"repeat","background-position":"center center","background-size":"auto","background-attachment":"scroll","background-type":"","background-media":"","overlay-type":"","overlay-color":"","overlay-opacity":"","overlay-gradient":""}},"footnotes":""},"class_list":["post-764","page","type-page","status-publish","hentry"],"_links":{"self":[{"href":"https:\/\/brunel.tech\/index.php\/wp-json\/wp\/v2\/pages\/764","targetHints":{"allow":["GET"]}}],"collection":[{"href":"https:\/\/brunel.tech\/index.php\/wp-json\/wp\/v2\/pages"}],"about":[{"href":"https:\/\/brunel.tech\/index.php\/wp-json\/wp\/v2\/types\/page"}],"author":[{"embeddable":true,"href":"https:\/\/brunel.tech\/index.php\/wp-json\/wp\/v2\/users\/1"}],"replies":[{"embeddable":true,"href":"https:\/\/brunel.tech\/index.php\/wp-json\/wp\/v2\/comments?post=764"}],"version-history":[{"count":14,"href":"https:\/\/brunel.tech\/index.php\/wp-json\/wp\/v2\/pages\/764\/revisions"}],"predecessor-version":[{"id":2093,"href":"https:\/\/brunel.tech\/index.php\/wp-json\/wp\/v2\/pages\/764\/revisions\/2093"}],"wp:attachment":[{"href":"https:\/\/brunel.tech\/index.php\/wp-json\/wp\/v2\/media?parent=764"}],"curies":[{"name":"wp","href":"https:\/\/api.w.org\/{rel}","templated":true}]}}