{"id":970,"date":"2020-12-11T15:48:38","date_gmt":"2020-12-11T14:48:38","guid":{"rendered":"https:\/\/brunel.tech\/?page_id=970"},"modified":"2026-01-13T14:33:41","modified_gmt":"2026-01-13T13:33:41","slug":"page-dediee-aux-professeurs-des-ecoles-qui-veulent-entrer-dans-le-monde-des-sciences-de-lingenieurs","status":"publish","type":"page","link":"https:\/\/brunel.tech\/index.php\/page-dediee-aux-professeurs-des-ecoles-qui-veulent-entrer-dans-le-monde-des-sciences-de-lingenieurs\/","title":{"rendered":"Professeurs des \u00e9coles"},"content":{"rendered":"\n<p>Page d\u00e9di\u00e9e aux professeurs des \u00e9coles qui veulent entrer dans le monde des sciences de l&rsquo;ing\u00e9nieurs.<\/p>\n\n\n\n<div class=\"wp-block-media-text alignwide is-stacked-on-mobile\" style=\"grid-template-columns:16% auto\"><figure class=\"wp-block-media-text__media\"><img loading=\"lazy\" decoding=\"async\" width=\"185\" height=\"165\" src=\"https:\/\/brunel.tech\/wp-content\/uploads\/2020\/12\/Capture-de\u0301cran-2020-12-11-a\u0300-15.45.49.png\" alt=\"\" class=\"wp-image-971 size-full\"\/><\/figure><div class=\"wp-block-media-text__content\">\n<p class=\"has-large-font-size\"> Cours magistral <\/p>\n<\/div><\/div>\n\n\n\n<div class=\"wp-block-file\"><a id=\"wp-block-file--media-141363c1-4325-436d-930b-b60eb0c8e7c2\" href=\"https:\/\/brunel.tech\/wp-content\/uploads\/2020\/12\/CM-S2i-PE-M1-2020.pdf\" target=\"_blank\" rel=\"noreferrer noopener\">CM-S2i-PE-M1-2020<\/a><a href=\"https:\/\/brunel.tech\/wp-content\/uploads\/2020\/12\/CM-S2i-PE-M1-2020.pdf\" class=\"wp-block-file__button wp-element-button\" download aria-describedby=\"wp-block-file--media-141363c1-4325-436d-930b-b60eb0c8e7c2\">T\u00e9l\u00e9charger<\/a><\/div>\n","protected":false},"excerpt":{"rendered":"<p>Page d\u00e9di\u00e9e aux professeurs des \u00e9coles qui veulent entrer dans le monde des sciences de l&rsquo;ing\u00e9nieurs. Cours magistral<\/p>\n","protected":false},"author":1,"featured_media":0,"parent":0,"menu_order":0,"comment_status":"closed","ping_status":"closed","template":"","meta":{"site-sidebar-layout":"default","site-content-layout":"default","ast-site-content-layout":"default","site-content-style":"default","site-sidebar-style":"default","ast-global-header-display":"","ast-banner-title-visibility":"","ast-main-header-display":"","ast-hfb-above-header-display":"","ast-hfb-below-header-display":"","ast-hfb-mobile-header-display":"","site-post-title":"","ast-breadcrumbs-content":"","ast-featured-img":"","footer-sml-layout":"","ast-disable-related-posts":"","theme-transparent-header-meta":"default","adv-header-id-meta":"","stick-header-meta":"","header-above-stick-meta":"","header-main-stick-meta":"","header-below-stick-meta":"","astra-migrate-meta-layouts":"set","ast-page-background-enabled":"default","ast-page-background-meta":{"desktop":{"background-color":"","background-image":"","background-repeat":"repeat","background-position":"center center","background-size":"auto","background-attachment":"scroll","background-type":"","background-media":"","overlay-type":"","overlay-color":"","overlay-opacity":"","overlay-gradient":""},"tablet":{"background-color":"","background-image":"","background-repeat":"repeat","background-position":"center center","background-size":"auto","background-attachment":"scroll","background-type":"","background-media":"","overlay-type":"","overlay-color":"","overlay-opacity":"","overlay-gradient":""},"mobile":{"background-color":"","background-image":"","background-repeat":"repeat","background-position":"center center","background-size":"auto","background-attachment":"scroll","background-type":"","background-media":"","overlay-type":"","overlay-color":"","overlay-opacity":"","overlay-gradient":""}},"ast-content-background-meta":{"desktop":{"background-color":"var(--ast-global-color-5)","background-image":"","background-repeat":"repeat","background-position":"center center","background-size":"auto","background-attachment":"scroll","background-type":"","background-media":"","overlay-type":"","overlay-color":"","overlay-opacity":"","overlay-gradient":""},"tablet":{"background-color":"var(--ast-global-color-5)","background-image":"","background-repeat":"repeat","background-position":"center center","background-size":"auto","background-attachment":"scroll","background-type":"","background-media":"","overlay-type":"","overlay-color":"","overlay-opacity":"","overlay-gradient":""},"mobile":{"background-color":"var(--ast-global-color-5)","background-image":"","background-repeat":"repeat","background-position":"center center","background-size":"auto","background-attachment":"scroll","background-type":"","background-media":"","overlay-type":"","overlay-color":"","overlay-opacity":"","overlay-gradient":""}},"footnotes":""},"class_list":["post-970","page","type-page","status-publish","hentry"],"_links":{"self":[{"href":"https:\/\/brunel.tech\/index.php\/wp-json\/wp\/v2\/pages\/970","targetHints":{"allow":["GET"]}}],"collection":[{"href":"https:\/\/brunel.tech\/index.php\/wp-json\/wp\/v2\/pages"}],"about":[{"href":"https:\/\/brunel.tech\/index.php\/wp-json\/wp\/v2\/types\/page"}],"author":[{"embeddable":true,"href":"https:\/\/brunel.tech\/index.php\/wp-json\/wp\/v2\/users\/1"}],"replies":[{"embeddable":true,"href":"https:\/\/brunel.tech\/index.php\/wp-json\/wp\/v2\/comments?post=970"}],"version-history":[{"count":14,"href":"https:\/\/brunel.tech\/index.php\/wp-json\/wp\/v2\/pages\/970\/revisions"}],"predecessor-version":[{"id":2846,"href":"https:\/\/brunel.tech\/index.php\/wp-json\/wp\/v2\/pages\/970\/revisions\/2846"}],"wp:attachment":[{"href":"https:\/\/brunel.tech\/index.php\/wp-json\/wp\/v2\/media?parent=970"}],"curies":[{"name":"wp","href":"https:\/\/api.w.org\/{rel}","templated":true}]}}