{"id":986,"date":"2020-12-13T10:28:19","date_gmt":"2020-12-13T09:28:19","guid":{"rendered":"https:\/\/brunel.tech\/?page_id=986"},"modified":"2026-03-07T08:42:07","modified_gmt":"2026-03-07T07:42:07","slug":"pour-les-s2it","status":"publish","type":"page","link":"https:\/\/brunel.tech\/index.php\/pour-les-s2it\/","title":{"rendered":"Pour les S2iT"},"content":{"rendered":"\n<p>Tout sur le CAPET S2i<\/p>\n\n\n\n<p><a href=\"https:\/\/www.devenirenseignant.gouv.fr\/cid158866\/epreuves-capet-externe-cafep-capet-sii.html\">https:\/\/www.devenirenseignant.gouv.fr\/cid158866\/epreuves-capet-externe-cafep-capet-sii.html<\/a><\/p>\n\n\n\n<h2 class=\"wp-block-heading\">Sujet TP Conception M1 S2iT<\/h2>\n\n\n\n<div data-wp-interactive=\"core\/file\" class=\"wp-block-file\"><object data-wp-bind--hidden=\"!state.hasPdfPreview\" hidden class=\"wp-block-file__embed\" data=\"https:\/\/brunel.tech\/wp-content\/uploads\/2025\/04\/Sujet-TP-conception.pdf\" type=\"application\/pdf\" style=\"width:100%;height:600px\" aria-label=\"Contenu embarqu\u00e9 Sujet TP conception.\"><\/object><a id=\"wp-block-file--media-3ed7abc7-9e49-41cd-ab81-455eb671dd42\" href=\"https:\/\/brunel.tech\/wp-content\/uploads\/2025\/04\/Sujet-TP-conception.pdf\">Sujet TP conception<\/a><a href=\"https:\/\/brunel.tech\/wp-content\/uploads\/2025\/04\/Sujet-TP-conception.pdf\" class=\"wp-block-file__button wp-element-button\" download aria-describedby=\"wp-block-file--media-3ed7abc7-9e49-41cd-ab81-455eb671dd42\">T\u00e9l\u00e9charger<\/a><\/div>\n\n\n\n<hr class=\"wp-block-separator has-css-opacity\"\/>\n\n\n\n<div class=\"wp-block-media-text alignwide is-stacked-on-mobile\" style=\"grid-template-columns:15% auto\"><figure class=\"wp-block-media-text__media\"><a href=\"https:\/\/brunel.tech\/index.php\/s2it\/\" target=\"_blank\" rel=\"noopener\"><img loading=\"lazy\" decoding=\"async\" width=\"320\" height=\"248\" src=\"https:\/\/brunel.tech\/wp-content\/uploads\/2020\/12\/Capture-de\u0301cran-2020-12-08-a\u0300-10.42.46.png\" alt=\"\" class=\"wp-image-956 size-full\" srcset=\"https:\/\/brunel.tech\/wp-content\/uploads\/2020\/12\/Capture-de\u0301cran-2020-12-08-a\u0300-10.42.46.png 320w, https:\/\/brunel.tech\/wp-content\/uploads\/2020\/12\/Capture-de\u0301cran-2020-12-08-a\u0300-10.42.46-300x233.png 300w\" sizes=\"auto, (max-width: 320px) 100vw, 320px\" \/><\/a><\/figure><div class=\"wp-block-media-text__content\">\n<h2 class=\"wp-block-heading has-large-font-size\"> Des TP &#8230; Aller<\/h2>\n<\/div><\/div>\n\n\n\n<div class=\"wp-block-media-text alignwide is-stacked-on-mobile\" style=\"grid-template-columns:24% auto\"><figure class=\"wp-block-media-text__media\"><a href=\"https:\/\/brunel.tech\/index.php\/les-outils-de-lingenieur\/\" target=\"_blank\" rel=\"noopener\"><img loading=\"lazy\" decoding=\"async\" width=\"273\" height=\"123\" src=\"https:\/\/brunel.tech\/wp-content\/uploads\/2020\/12\/Capture-de\u0301cran-2020-12-13-a\u0300-10.37.10.png\" alt=\"\" class=\"wp-image-996 size-full\"\/><\/a><\/figure><div class=\"wp-block-media-text__content\">\n<h2 class=\"wp-block-heading has-large-font-size\">Les outils de l&rsquo;ing\u00e9nieur<\/h2>\n<\/div><\/div>\n\n\n\n<div class=\"wp-block-media-text alignwide is-stacked-on-mobile\" style=\"grid-template-columns:15% auto\"><figure class=\"wp-block-media-text__media\"><a href=\"https:\/\/brunel.tech\/index.php\/pilotage-dun-xl320-par-une-arduino-mega\/\" target=\"_blank\" rel=\"noopener\"><img loading=\"lazy\" decoding=\"async\" width=\"130\" height=\"155\" src=\"https:\/\/brunel.tech\/wp-content\/uploads\/2020\/12\/Capture-de\u0301cran-2020-12-13-a\u0300-10.39.10.png\" alt=\"\" class=\"wp-image-1001 size-full\"\/><\/a><\/figure><div class=\"wp-block-media-text__content\">\n<h2 class=\"wp-block-heading has-large-font-size\"> Pilotage Xl 320<\/h2>\n<\/div><\/div>\n\n\n\n<div class=\"wp-block-media-text alignwide is-stacked-on-mobile\" style=\"grid-template-columns:15% auto\"><figure class=\"wp-block-media-text__media\"><a href=\"https:\/\/brunel.tech\/index.php\/sapiens\/\" target=\"_blank\" rel=\"noopener\"><img loading=\"lazy\" decoding=\"async\" width=\"211\" height=\"164\" src=\"https:\/\/brunel.tech\/wp-content\/uploads\/2020\/12\/Capture-de\u0301cran-2020-12-13-a\u0300-10.41.24.png\" alt=\"\" class=\"wp-image-1004 size-full\"\/><\/a><\/figure><div class=\"wp-block-media-text__content\">\n<h2 class=\"wp-block-heading has-large-font-size\"> Sapiens &#8230; Serre automatis\u00e9e<\/h2>\n<\/div><\/div>\n\n\n\n<div class=\"wp-block-media-text alignwide is-stacked-on-mobile\" style=\"grid-template-columns:15% auto\"><figure class=\"wp-block-media-text__media\"><a href=\"https:\/\/brunel.tech\/index.php\/pilotage-drone-tello-avec-scratch-2\/\" target=\"_blank\" rel=\"noopener\"><img loading=\"lazy\" decoding=\"async\" width=\"425\" height=\"335\" src=\"https:\/\/brunel.tech\/wp-content\/uploads\/2020\/07\/Capture-d\u2019e\u0301cran-2020-07-25-a\u0300-20.20.27-2.png\" alt=\"\" class=\"wp-image-812 size-full\" srcset=\"https:\/\/brunel.tech\/wp-content\/uploads\/2020\/07\/Capture-d\u2019e\u0301cran-2020-07-25-a\u0300-20.20.27-2.png 425w, https:\/\/brunel.tech\/wp-content\/uploads\/2020\/07\/Capture-d\u2019e\u0301cran-2020-07-25-a\u0300-20.20.27-2-300x236.png 300w\" sizes=\"auto, (max-width: 425px) 100vw, 425px\" \/><\/a><\/figure><div class=\"wp-block-media-text__content\">\n<h2 class=\"wp-block-heading has-large-font-size\"> Pilotage Drone par Scratch<\/h2>\n<\/div><\/div>\n\n\n\n<div class=\"wp-block-media-text is-stacked-on-mobile\" style=\"grid-template-columns:16% auto\"><figure class=\"wp-block-media-text__media\"><img loading=\"lazy\" decoding=\"async\" width=\"390\" height=\"583\" src=\"https:\/\/brunel.tech\/wp-content\/uploads\/2026\/03\/yole2.jpg\" alt=\"\" class=\"wp-image-2905 size-full\"\/><\/figure><div class=\"wp-block-media-text__content\">\n<h2 class=\"wp-block-heading\">Construction d&rsquo;une Yole de Ness &#8230; Mise \u00e0 l&rsquo;eau \u00e0 Hourtin et port de Lormont.<\/h2>\n<\/div><\/div>\n\n\n\n<div class=\"wp-block-media-text is-stacked-on-mobile\" style=\"grid-template-columns:17% auto\"><figure class=\"wp-block-media-text__media\"><img loading=\"lazy\" decoding=\"async\" width=\"250\" height=\"319\" src=\"https:\/\/brunel.tech\/wp-content\/uploads\/2026\/03\/machine2.jpg\" alt=\"\" class=\"wp-image-2907 size-full\"\/><\/figure><div class=\"wp-block-media-text__content\">\n<h2 class=\"wp-block-heading\">Construction d&rsquo;une machine de L\u00e9onard de Vinci &#8230; <\/h2>\n<\/div><\/div>\n\n\n\n<div class=\"wp-block-media-text is-stacked-on-mobile\" style=\"grid-template-columns:18% auto\"><figure class=\"wp-block-media-text__media\"><img loading=\"lazy\" decoding=\"async\" width=\"167\" height=\"316\" src=\"https:\/\/brunel.tech\/wp-content\/uploads\/2026\/03\/fusee8.jpg\" alt=\"\" class=\"wp-image-2908 size-full\"\/><\/figure><div class=\"wp-block-media-text__content\">\n<h2 class=\"wp-block-heading\">Construction d&rsquo;une rampe de lancement et d&rsquo;une fus\u00e9e avec moteur Chamois &#8230; Tir au camp de Souge<\/h2>\n<\/div><\/div>\n\n\n\n<div class=\"wp-block-media-text is-stacked-on-mobile\" style=\"grid-template-columns:28% auto\"><figure class=\"wp-block-media-text__media\"><img loading=\"lazy\" decoding=\"async\" width=\"553\" height=\"165\" src=\"https:\/\/brunel.tech\/wp-content\/uploads\/2026\/03\/kart5a.jpg\" alt=\"\" class=\"wp-image-2909 size-full\"\/><\/figure><div class=\"wp-block-media-text__content\">\n<h2 class=\"wp-block-heading\">Mise au point d&rsquo;un Kart de piste &#8230; Essai sur la piste de M\u00e9rignac<\/h2>\n<\/div><\/div>\n\n\n\n<p><\/p>\n","protected":false},"excerpt":{"rendered":"<p>Tout sur le CAPET S2i https:\/\/www.devenirenseignant.gouv.fr\/cid158866\/epreuves-capet-externe-cafep-capet-sii.html Sujet TP Conception M1 S2iT Des TP &#8230; Aller Les outils de l&rsquo;ing\u00e9nieur Pilotage Xl 320 Sapiens &#8230; Serre automatis\u00e9e Pilotage Drone par Scratch Construction d&rsquo;une Yole de Ness &#8230; Mise \u00e0 l&rsquo;eau \u00e0 Hourtin et port de Lormont. Construction d&rsquo;une machine de L\u00e9onard de Vinci &#8230; Construction d&rsquo;une [&hellip;]<\/p>\n","protected":false},"author":1,"featured_media":0,"parent":0,"menu_order":0,"comment_status":"closed","ping_status":"closed","template":"","meta":{"site-sidebar-layout":"default","site-content-layout":"default","ast-site-content-layout":"default","site-content-style":"default","site-sidebar-style":"default","ast-global-header-display":"","ast-banner-title-visibility":"","ast-main-header-display":"","ast-hfb-above-header-display":"","ast-hfb-below-header-display":"","ast-hfb-mobile-header-display":"","site-post-title":"","ast-breadcrumbs-content":"","ast-featured-img":"","footer-sml-layout":"","ast-disable-related-posts":"","theme-transparent-header-meta":"default","adv-header-id-meta":"","stick-header-meta":"","header-above-stick-meta":"","header-main-stick-meta":"","header-below-stick-meta":"","astra-migrate-meta-layouts":"set","ast-page-background-enabled":"default","ast-page-background-meta":{"desktop":{"background-color":"","background-image":"","background-repeat":"repeat","background-position":"center center","background-size":"auto","background-attachment":"scroll","background-type":"","background-media":"","overlay-type":"","overlay-color":"","overlay-opacity":"","overlay-gradient":""},"tablet":{"background-color":"","background-image":"","background-repeat":"repeat","background-position":"center center","background-size":"auto","background-attachment":"scroll","background-type":"","background-media":"","overlay-type":"","overlay-color":"","overlay-opacity":"","overlay-gradient":""},"mobile":{"background-color":"","background-image":"","background-repeat":"repeat","background-position":"center center","background-size":"auto","background-attachment":"scroll","background-type":"","background-media":"","overlay-type":"","overlay-color":"","overlay-opacity":"","overlay-gradient":""}},"ast-content-background-meta":{"desktop":{"background-color":"var(--ast-global-color-5)","background-image":"","background-repeat":"repeat","background-position":"center center","background-size":"auto","background-attachment":"scroll","background-type":"","background-media":"","overlay-type":"","overlay-color":"","overlay-opacity":"","overlay-gradient":""},"tablet":{"background-color":"var(--ast-global-color-5)","background-image":"","background-repeat":"repeat","background-position":"center center","background-size":"auto","background-attachment":"scroll","background-type":"","background-media":"","overlay-type":"","overlay-color":"","overlay-opacity":"","overlay-gradient":""},"mobile":{"background-color":"var(--ast-global-color-5)","background-image":"","background-repeat":"repeat","background-position":"center center","background-size":"auto","background-attachment":"scroll","background-type":"","background-media":"","overlay-type":"","overlay-color":"","overlay-opacity":"","overlay-gradient":""}},"footnotes":""},"class_list":["post-986","page","type-page","status-publish","hentry"],"_links":{"self":[{"href":"https:\/\/brunel.tech\/index.php\/wp-json\/wp\/v2\/pages\/986","targetHints":{"allow":["GET"]}}],"collection":[{"href":"https:\/\/brunel.tech\/index.php\/wp-json\/wp\/v2\/pages"}],"about":[{"href":"https:\/\/brunel.tech\/index.php\/wp-json\/wp\/v2\/types\/page"}],"author":[{"embeddable":true,"href":"https:\/\/brunel.tech\/index.php\/wp-json\/wp\/v2\/users\/1"}],"replies":[{"embeddable":true,"href":"https:\/\/brunel.tech\/index.php\/wp-json\/wp\/v2\/comments?post=986"}],"version-history":[{"count":12,"href":"https:\/\/brunel.tech\/index.php\/wp-json\/wp\/v2\/pages\/986\/revisions"}],"predecessor-version":[{"id":2910,"href":"https:\/\/brunel.tech\/index.php\/wp-json\/wp\/v2\/pages\/986\/revisions\/2910"}],"wp:attachment":[{"href":"https:\/\/brunel.tech\/index.php\/wp-json\/wp\/v2\/media?parent=986"}],"curies":[{"name":"wp","href":"https:\/\/api.w.org\/{rel}","templated":true}]}}